{"id":1503,"date":"2026-04-06T16:31:34","date_gmt":"2026-04-06T15:31:34","guid":{"rendered":"https:\/\/happyjokers.net\/login-and-registration\/"},"modified":"2026-04-07T13:51:39","modified_gmt":"2026-04-07T12:51:39","slug":"inicio-de-sessao-e-registo","status":"publish","type":"page","link":"https:\/\/happyjokers.net\/pt-pt\/inicio-de-sessao-e-registo\/","title":{"rendered":"In\u00edcio de sess\u00e3o e registo"},"content":{"rendered":"<h1>In\u00edcio de sess\u00e3o no Happyjokers<\/h1>\n<p>Para entrar no nosso casino e ter acesso a todas as funcionalidades, ao painel de controlo e aos jogos, precisa de saber como efetuar o Happyjokers login. A nossa tecnologia robusta e a vers\u00e3o m\u00f3vel, com incr\u00edveis recursos de gamifica\u00e7\u00e3o, est\u00e3o dispon\u00edveis apenas para utilizadores portugueses registados. Pode contar com uma equipa de apoio dedicada para o ajudar com transa\u00e7\u00f5es, b\u00f3nus e quaisquer outras quest\u00f5es que possam surgir. Esta gest\u00e3o abrangente da conta e uma compreens\u00e3o intuitiva do sistema tornam a navega\u00e7\u00e3o na nossa plataforma e a experi\u00eancia de jogo numa experi\u00eancia agrad\u00e1vel.<\/p>\n<p><div class=\"banner-wrap\" aria-label=\"Banner\"><img src=\"https:\/\/happyjokers.net\/wp-content\/uploads\/2026\/04\/Banner-Desktop.webp\" class=\"w-100 d-none d-lg-block img-pc main-banner-img\" alt=\"Banner Desktop\" fetchpriority=\"high\" decoding=\"async\"><img src=\"https:\/\/happyjokers.net\/wp-content\/uploads\/2026\/04\/Banner-mobile.webp\" class=\"w-100 d-none d-md-block d-lg-none main-banner-img\" alt=\"Banner mobile\" fetchpriority=\"high\" decoding=\"async\"><img src=\"https:\/\/happyjokers.net\/wp-content\/uploads\/2026\/04\/Banner-mobile.webp\" class=\"w-100 d-md-none\" alt=\"Banner mobile\" fetchpriority=\"high\" decoding=\"async\"><div class=\"banner-description\">\n<div class=\"banner-title\">B\u00f3nus de Boas-Vindas<\/div>\n<p class=\"banner-header-title\">1 500 \u20ac<\/p>\n<div class=\"banner-header-AdditionalText\">+ 250 Rodadas Gr\u00e1tis<\/div>\n<button data-item=\"homepage_banner_link\" class=\"goto m-button m-gradient-border m-button--primary m-button--large banner-button btn-orange\">\n            <div class=\"m-button-content\">\n                <span>Inscreva-se Agora<\/span>\n                <span><\/span>\n            <\/div>\n        <\/button>\n<\/div>\n<div class=\"WelcomePack\">\n<p><img loading=\"lazy\" decoding=\"async\" class=\"alignnone size-full wp-image-1534\" src=\"https:\/\/happyjokers.net\/wp-content\/uploads\/welcome-crown-1.png\" alt=\"welcome crown\" width=\"25\" height=\"26\" \/><\/p>\n<div class=\"WelcomePack-Info\">Cashback semanal at\u00e9 25%<\/div>\n<p><img loading=\"lazy\" decoding=\"async\" class=\"alignnone size-full wp-image-1534\" src=\"https:\/\/happyjokers.net\/wp-content\/uploads\/welcome-crown-1.png\" alt=\"welcome crown\" width=\"25\" height=\"26\" \/><\/p>\n<\/div>\n<\/div><div class=\"scrollable-content-wrap my-5\"><div class=\"scrollable-content-inner\"><h2>Registo no Happyjokers Casino<\/h2>\n<p>Se se registar no Happy Jokers, pode ter a certeza de que abre as portas a um vasto cat\u00e1logo com mais de 6.000 jogos e uma ampla gama de oportunidades. Pode desfrutar de b\u00f3nus exclusivos e obter ainda mais recompensas se aderir ao nosso programa VIP exclusivo.<\/p>\n<p>O processo de registo \u00e9 direto, muito r\u00e1pido e simples, mesmo para quem experimenta os casinos online pela primeira vez. Tem acesso imediato aos seus jogos favoritos e a ofertas promocionais com descontos. Ao criar uma conta no Happyjokers Casino, os utilizadores podem desfrutar de configura\u00e7\u00f5es personalizadas, gerir dep\u00f3sitos e levantamentos e participar ativamente nos nossos torneios e eventos regulares.<\/p>\n<h2>Criar uma conta<\/h2>\n<p>Quando decidir juntar-se a n\u00f3s, s\u00f3 precisa de seguir alguns passos simples para criar a sua conta no Happy Jokers Casino. Este processo foi especialmente concebido para lhe proporcionar seguran\u00e7a e efici\u00eancia:<\/p>\n<ol>\n<li>Localize e clique no bot\u00e3o \u00abRegiste-se\u00bb exibido na p\u00e1gina inicial. Isto inicia o processo de registo no Happyjokers.<\/li>\n<li>Preencha a pequena janela de registo com apenas alguns cliques \u2014 basta inserir o seu endere\u00e7o de e-mail v\u00e1lido e criar uma palavra-passe forte.<\/li>\n<li>Confirme que tem idade legal e aceite os termos e condi\u00e7\u00f5es da nossa plataforma.<\/li>\n<li>Clique em \u201cRegiste-se\u201d e aceda \u00e0 sua caixa de entrada.<\/li>\n<li>Abra o e-mail da equipa de apoio do Happyjokers Casino e siga as instru\u00e7\u00f5es para ativar a sua conta.<\/li>\n<\/ol>\n<p>E j\u00e1 est\u00e1. Agora pode desfrutar de acesso imediato ao nosso casino e a todo o cat\u00e1logo de jogos.<\/p>\n<p><img loading=\"lazy\" decoding=\"async\" class=\"alignnone size-full wp-image-1558\" src=\"https:\/\/happyjokers.net\/wp-content\/uploads\/2026\/04\/HappyJokers-Login-Page.webp\" alt=\"HappyJokers Login Page\" width=\"1248\" height=\"536\" srcset=\"https:\/\/happyjokers.net\/wp-content\/uploads\/2026\/04\/HappyJokers-Login-Page.webp 1248w, https:\/\/happyjokers.net\/wp-content\/uploads\/2026\/04\/HappyJokers-Login-Page-300x129.webp 300w, https:\/\/happyjokers.net\/wp-content\/uploads\/2026\/04\/HappyJokers-Login-Page-1024x440.webp 1024w, https:\/\/happyjokers.net\/wp-content\/uploads\/2026\/04\/HappyJokers-Login-Page-768x330.webp 768w\" sizes=\"auto, (max-width: 1248px) 100vw, 1248px\" \/><\/p>\n<h2>Inicie sess\u00e3o e fa\u00e7a a gest\u00e3o da sua conta Happyjokers<\/h2>\n<p>Iniciar sess\u00e3o na sua conta Happy Jokers \u00e9 um processo relativamente f\u00e1cil que lhe d\u00e1 acesso a um painel de controlo completo. Aqui, os jogadores podem gerir as informa\u00e7\u00f5es e a atividade da sua conta, monitorizar b\u00f3nus e transa\u00e7\u00f5es e personalizar a sua experi\u00eancia de jogo.<\/p>\n<h3>Como iniciar sess\u00e3o atrav\u00e9s da aplica\u00e7\u00e3o m\u00f3vel<\/h3>\n<p>Fazer o login no Happyjokers num dispositivo m\u00f3vel \u00e9 mais f\u00e1cil do que alguma vez imaginou. Para o fazer:<\/p>\n<ol>\n<li>No canto superior direito da p\u00e1gina principal, localize o bot\u00e3o roxo \u00abConecte-se\u00bb.<\/li>\n<li>Introduza o seu endere\u00e7o de e-mail e palavra-passe registados e, em seguida, envie os seus dados.<\/li>\n<\/ol>\n<p>Assim que estiver na sua conta, h\u00e1 imensos jogos e funcionalidades fant\u00e1sticas que pode experimentar:<\/p>\n<ul>\n<li>Levantar os seus ganhos: Fa\u00e7a a gest\u00e3o segura das suas transa\u00e7\u00f5es financeiras com as v\u00e1rias op\u00e7\u00f5es de pagamento que oferecemos.<\/li>\n<li>Percorra o hist\u00f3rico de transa\u00e7\u00f5es: Veja todos os movimentos do seu dinheiro e acompanhe os seus b\u00f3nus facilmente.<\/li>\n<li>Editar dados pessoais: Altere as suas informa\u00e7\u00f5es pessoais, defini\u00e7\u00f5es da conta e m\u00e9todos de pagamento conforme desejar.<\/li>\n<li>Atualize as defini\u00e7\u00f5es de seguran\u00e7a: ative e desative a autentica\u00e7\u00e3o de dois fatores (2FA) para ajudar a proteger a sua conta e iniciar sess\u00e3o no Happyjokers com seguran\u00e7a.<\/li>\n<li>Participe em promo\u00e7\u00f5es e torneios: Aceda a eventos em curso e resgate b\u00f3nus.<\/li>\n<li>Altere as defini\u00e7\u00f5es do jogo: Personalize totalmente a sua experi\u00eancia de jogo no Happyjokers para uma experi\u00eancia \u00fanica.<\/li>\n<\/ul>\n<h3>Esqueceu-se da sua palavra-passe?<\/h3>\n<p>O procedimento para recuperar uma palavra-passe esquecida \u00e9 simples e extremamente seguro. O nosso sistema tem um plano de conting\u00eancia para tais situa\u00e7\u00f5es:<\/p>\n<ol>\n<li>Quando clicar em \u00abConecte-se\u00bb, abaixo do formul\u00e1rio, poder\u00e1 ver a op\u00e7\u00e3o \u00abEsqueceu-se da palavra-passe?\u00bb. Clique nessa op\u00e7\u00e3o.<\/li>\n<li>Introduza o seu endere\u00e7o de e-mail registado.<\/li>\n<li>Siga as instru\u00e7\u00f5es que enviamos para a sua caixa de entrada de e-mail para recuperar a sua palavra-passe. Basta clicar num link e definir uma nova palavra-passe.<\/li>\n<li>Crie uma palavra-passe forte.<\/li>\n<\/ol>\n<p>Para obter apoio adicional, basta escrever ao nosso bot alimentado por IA atrav\u00e9s do chat ao vivo.<\/p>\n<h2>Verifica\u00e7\u00e3o no Happy Jokers Casino<\/h2>\n<p>A verifica\u00e7\u00e3o no Happy Jokers Casino \u00e9 um passo crucial e inicial que garante um ambiente de jogo seguro e o cumprimento das normas regulamentares. Todos os jogadores t\u00eam de passar por ela se quiserem continuar a jogar e a ganhar dinheiro real.<\/p>\n<table>\n<tbody>\n<tr>\n<td>Passo<\/td>\n<td>Descri\u00e7\u00e3o<\/td>\n<td>Documentos necess\u00e1rios<\/td>\n<\/tr>\n<tr>\n<td>Verifica\u00e7\u00e3o de identidade<\/td>\n<td>Confirme a identidade atrav\u00e9s do envio de documentos.<\/td>\n<td>Passaporte, carta de condu\u00e7\u00e3o ou cart\u00e3o de identidade nacional<\/td>\n<\/tr>\n<tr>\n<td>Verifica\u00e7\u00e3o de pagamentos<\/td>\n<td>Verifique a origem dos fundos dos dep\u00f3sitos.<\/td>\n<td>Extrato banc\u00e1rio recente ou recibo de pagamento<\/td>\n<\/tr>\n<\/tbody>\n<\/table>\n<p>A manuten\u00e7\u00e3o de um processo de verifica\u00e7\u00e3o exclusivo ajuda a facilitar os dep\u00f3sitos, levantamentos e recupera\u00e7\u00e3o de contas dos jogadores, ao mesmo tempo que salvaguarda a integridade da nossa plataforma.<\/p>\n<h2>Perguntas frequentes<\/h2>\n<h3>O hist\u00f3rico de in\u00edcios de sess\u00e3o est\u00e1 dispon\u00edvel para consulta?<\/h3>\n<p>Pode sempre aceder ao seu painel pessoal para ver todos os in\u00edcios e finais de sess\u00e3o da sua conta e, desta forma, poder\u00e1 acompanhar n\u00e3o s\u00f3 as suas a\u00e7\u00f5es, mas tamb\u00e9m qualquer atividade suspeita.<\/p>\n<h3>A autentica\u00e7\u00e3o de dois fatores est\u00e1 dispon\u00edvel?<\/h3>\n<p>Recomendamos vivamente que a ative e utilize um telem\u00f3vel para receber notifica\u00e7\u00f5es que comprovem o login no Happyjokers. Ativar a autentica\u00e7\u00e3o de dois fatores \u00e9 sempre uma excelente ideia, pois adiciona uma camada extra de seguran\u00e7a ao exigir um c\u00f3digo de verifica\u00e7\u00e3o de uma aplica\u00e7\u00e3o m\u00f3vel durante o login, protegendo assim as contas contra acessos fraudulentos e phishing.<\/p>\n<h3>Posso criar v\u00e1rias contas no vosso casino online?<\/h3>\n<p>Temos uma pol\u00edtica rigorosa de que cada jogador tenha apenas uma conta. Verificamos e controlamos todos os clientes quanto \u00e0 exist\u00eancia de m\u00faltiplas contas por utilizador, para manter o jogo justo e a conformidade com as normas legais.<\/p>\n<h3>O que acontece se eu n\u00e3o passar no processo de verifica\u00e7\u00e3o?<\/h3>\n<p>N\u00e3o precisa de se preocupar muito com isso \u2014 basta repeti-lo, tendo em conta tudo o que lhe enviamos no feedback do apoio multilingue. A n\u00e3o aprova\u00e7\u00e3o no processo de verifica\u00e7\u00e3o pode restringir os levantamentos. Nesses casos, os nossos gestores ir\u00e3o ajud\u00e1-lo com pedidos de documenta\u00e7\u00e3o adicional.<\/p>\n<\/div><\/div><\/p>\n","protected":false},"excerpt":{"rendered":"<p>In\u00edcio de sess\u00e3o no Happyjokers Para entrar no nosso casino e ter acesso a todas as funcionalidades, ao painel de controlo e aos jogos, precisa de saber como efetuar o Happyjokers login. A nossa tecnologia robusta e a vers\u00e3o m\u00f3vel, com incr\u00edveis recursos de gamifica\u00e7\u00e3o, est\u00e3o dispon\u00edveis apenas para utilizadores portugueses registados. Pode contar com [&hellip;]<\/p>\n","protected":false},"author":1,"featured_media":0,"parent":0,"menu_order":0,"comment_status":"closed","ping_status":"closed","template":"template-builder.php","meta":{"_acf_changed":false,"inline_featured_image":false,"footnotes":""},"class_list":["post-1503","page","type-page","status-publish","hentry"],"acf":[],"yoast_head":"<!-- This site is optimized with the Yoast SEO plugin v27.3 - https:\/\/yoast.com\/product\/yoast-seo-wordpress\/ -->\n<title>Happyjokers Login: Acesso \u00e0 conta e Redefini\u00e7\u00e3o de palavra-passe<\/title>\n<meta name=\"description\" content=\"Happyjokers Login permite-lhe aceder \u00e0 sua conta rapidamente e voltar a entrar com apenas alguns cliques. Crie um novo perfil, recupere o acesso com a op\u00e7\u00e3o &quot;Esqueceu-se da palavra-passe?&quot; e gerir a sua carteira, dep\u00f3sitos, levantamentos e defini\u00e7\u00f5es da conta em todos os seus dispositivos.\" \/>\n<meta name=\"robots\" content=\"index, follow, max-snippet:-1, max-image-preview:large, max-video-preview:-1\" \/>\n<link rel=\"canonical\" href=\"https:\/\/happyjokers.net\/pt-pt\/inicio-de-sessao-e-registo\/\" \/>\n<meta property=\"og:locale\" content=\"pt_PT\" \/>\n<meta property=\"og:type\" content=\"article\" \/>\n<meta property=\"og:title\" content=\"Happyjokers Login: Acesso \u00e0 conta e Redefini\u00e7\u00e3o de palavra-passe\" \/>\n<meta property=\"og:description\" content=\"Happyjokers Login permite-lhe aceder \u00e0 sua conta rapidamente e voltar a entrar com apenas alguns cliques. Crie um novo perfil, recupere o acesso com a op\u00e7\u00e3o &quot;Esqueceu-se da palavra-passe?&quot; e gerir a sua carteira, dep\u00f3sitos, levantamentos e defini\u00e7\u00f5es da conta em todos os seus dispositivos.\" \/>\n<meta property=\"og:url\" content=\"https:\/\/happyjokers.net\/pt-pt\/inicio-de-sessao-e-registo\/\" \/>\n<meta property=\"og:site_name\" content=\"Happyjokers\" \/>\n<meta property=\"article:modified_time\" content=\"2026-04-07T12:51:39+00:00\" \/>\n<meta name=\"twitter:card\" content=\"summary_large_image\" \/>\n<meta name=\"twitter:label1\" content=\"Est. reading time\" \/>\n\t<meta name=\"twitter:data1\" content=\"1 minute\" \/>\n<script type=\"application\/ld+json\" class=\"yoast-schema-graph\">{\"@context\":\"https:\\\/\\\/schema.org\",\"@graph\":[{\"@type\":\"WebPage\",\"@id\":\"https:\\\/\\\/happyjokers.net\\\/pt-pt\\\/inicio-de-sessao-e-registo\\\/\",\"url\":\"https:\\\/\\\/happyjokers.net\\\/pt-pt\\\/inicio-de-sessao-e-registo\\\/\",\"name\":\"Happyjokers Login: Acesso \u00e0 conta e Redefini\u00e7\u00e3o de palavra-passe\",\"isPartOf\":{\"@id\":\"https:\\\/\\\/happyjokers.net\\\/pt-pt\\\/#website\"},\"datePublished\":\"2026-04-06T15:31:34+00:00\",\"dateModified\":\"2026-04-07T12:51:39+00:00\",\"description\":\"Happyjokers Login permite-lhe aceder \u00e0 sua conta rapidamente e voltar a entrar com apenas alguns cliques. Crie um novo perfil, recupere o acesso com a op\u00e7\u00e3o \\\"Esqueceu-se da palavra-passe?\\\" e gerir a sua carteira, dep\u00f3sitos, levantamentos e defini\u00e7\u00f5es da conta em todos os seus dispositivos.\",\"breadcrumb\":{\"@id\":\"https:\\\/\\\/happyjokers.net\\\/pt-pt\\\/inicio-de-sessao-e-registo\\\/#breadcrumb\"},\"inLanguage\":\"pt-PT\",\"potentialAction\":[{\"@type\":\"ReadAction\",\"target\":[\"https:\\\/\\\/happyjokers.net\\\/pt-pt\\\/inicio-de-sessao-e-registo\\\/\"]}]},{\"@type\":\"BreadcrumbList\",\"@id\":\"https:\\\/\\\/happyjokers.net\\\/pt-pt\\\/inicio-de-sessao-e-registo\\\/#breadcrumb\",\"itemListElement\":[{\"@type\":\"ListItem\",\"position\":1,\"name\":\"Happyjokers\",\"item\":\"https:\\\/\\\/happyjokers.net\\\/pt-pt\\\/\"},{\"@type\":\"ListItem\",\"position\":2,\"name\":\"In\u00edcio de sess\u00e3o e registo\"}]},{\"@type\":\"WebSite\",\"@id\":\"https:\\\/\\\/happyjokers.net\\\/pt-pt\\\/#website\",\"url\":\"https:\\\/\\\/happyjokers.net\\\/pt-pt\\\/\",\"name\":\"Happyjokers\",\"description\":\"\",\"publisher\":{\"@id\":\"https:\\\/\\\/happyjokers.net\\\/pt-pt\\\/#organization\"},\"potentialAction\":[{\"@type\":\"SearchAction\",\"target\":{\"@type\":\"EntryPoint\",\"urlTemplate\":\"https:\\\/\\\/happyjokers.net\\\/pt-pt\\\/?s={search_term_string}\"},\"query-input\":{\"@type\":\"PropertyValueSpecification\",\"valueRequired\":true,\"valueName\":\"search_term_string\"}}],\"inLanguage\":\"pt-PT\"},{\"@type\":\"Organization\",\"@id\":\"https:\\\/\\\/happyjokers.net\\\/pt-pt\\\/#organization\",\"name\":\"Happyjokers\",\"url\":\"https:\\\/\\\/happyjokers.net\\\/pt-pt\\\/\",\"logo\":{\"@type\":\"ImageObject\",\"inLanguage\":\"pt-PT\",\"@id\":\"https:\\\/\\\/happyjokers.net\\\/pt-pt\\\/#\\\/schema\\\/logo\\\/image\\\/\",\"url\":\"https:\\\/\\\/happyjokers.net\\\/wp-content\\\/uploads\\\/2026\\\/04\\\/Casino-Logo-Desktop-1.png\",\"contentUrl\":\"https:\\\/\\\/happyjokers.net\\\/wp-content\\\/uploads\\\/2026\\\/04\\\/Casino-Logo-Desktop-1.png\",\"width\":237,\"height\":91,\"caption\":\"Happyjokers\"},\"image\":{\"@id\":\"https:\\\/\\\/happyjokers.net\\\/pt-pt\\\/#\\\/schema\\\/logo\\\/image\\\/\"}}]}<\/script>\n<!-- \/ Yoast SEO plugin. -->","yoast_head_json":{"title":"Happyjokers Login: Acesso \u00e0 conta e Redefini\u00e7\u00e3o de palavra-passe","description":"Happyjokers Login permite-lhe aceder \u00e0 sua conta rapidamente e voltar a entrar com apenas alguns cliques. Crie um novo perfil, recupere o acesso com a op\u00e7\u00e3o \"Esqueceu-se da palavra-passe?\" e gerir a sua carteira, dep\u00f3sitos, levantamentos e defini\u00e7\u00f5es da conta em todos os seus dispositivos.","robots":{"index":"index","follow":"follow","max-snippet":"max-snippet:-1","max-image-preview":"max-image-preview:large","max-video-preview":"max-video-preview:-1"},"canonical":"https:\/\/happyjokers.net\/pt-pt\/inicio-de-sessao-e-registo\/","og_locale":"pt_PT","og_type":"article","og_title":"Happyjokers Login: Acesso \u00e0 conta e Redefini\u00e7\u00e3o de palavra-passe","og_description":"Happyjokers Login permite-lhe aceder \u00e0 sua conta rapidamente e voltar a entrar com apenas alguns cliques. Crie um novo perfil, recupere o acesso com a op\u00e7\u00e3o \"Esqueceu-se da palavra-passe?\" e gerir a sua carteira, dep\u00f3sitos, levantamentos e defini\u00e7\u00f5es da conta em todos os seus dispositivos.","og_url":"https:\/\/happyjokers.net\/pt-pt\/inicio-de-sessao-e-registo\/","og_site_name":"Happyjokers","article_modified_time":"2026-04-07T12:51:39+00:00","twitter_card":"summary_large_image","twitter_misc":{"Est. reading time":"1 minute"},"schema":{"@context":"https:\/\/schema.org","@graph":[{"@type":"WebPage","@id":"https:\/\/happyjokers.net\/pt-pt\/inicio-de-sessao-e-registo\/","url":"https:\/\/happyjokers.net\/pt-pt\/inicio-de-sessao-e-registo\/","name":"Happyjokers Login: Acesso \u00e0 conta e Redefini\u00e7\u00e3o de palavra-passe","isPartOf":{"@id":"https:\/\/happyjokers.net\/pt-pt\/#website"},"datePublished":"2026-04-06T15:31:34+00:00","dateModified":"2026-04-07T12:51:39+00:00","description":"Happyjokers Login permite-lhe aceder \u00e0 sua conta rapidamente e voltar a entrar com apenas alguns cliques. Crie um novo perfil, recupere o acesso com a op\u00e7\u00e3o \"Esqueceu-se da palavra-passe?\" e gerir a sua carteira, dep\u00f3sitos, levantamentos e defini\u00e7\u00f5es da conta em todos os seus dispositivos.","breadcrumb":{"@id":"https:\/\/happyjokers.net\/pt-pt\/inicio-de-sessao-e-registo\/#breadcrumb"},"inLanguage":"pt-PT","potentialAction":[{"@type":"ReadAction","target":["https:\/\/happyjokers.net\/pt-pt\/inicio-de-sessao-e-registo\/"]}]},{"@type":"BreadcrumbList","@id":"https:\/\/happyjokers.net\/pt-pt\/inicio-de-sessao-e-registo\/#breadcrumb","itemListElement":[{"@type":"ListItem","position":1,"name":"Happyjokers","item":"https:\/\/happyjokers.net\/pt-pt\/"},{"@type":"ListItem","position":2,"name":"In\u00edcio de sess\u00e3o e registo"}]},{"@type":"WebSite","@id":"https:\/\/happyjokers.net\/pt-pt\/#website","url":"https:\/\/happyjokers.net\/pt-pt\/","name":"Happyjokers","description":"","publisher":{"@id":"https:\/\/happyjokers.net\/pt-pt\/#organization"},"potentialAction":[{"@type":"SearchAction","target":{"@type":"EntryPoint","urlTemplate":"https:\/\/happyjokers.net\/pt-pt\/?s={search_term_string}"},"query-input":{"@type":"PropertyValueSpecification","valueRequired":true,"valueName":"search_term_string"}}],"inLanguage":"pt-PT"},{"@type":"Organization","@id":"https:\/\/happyjokers.net\/pt-pt\/#organization","name":"Happyjokers","url":"https:\/\/happyjokers.net\/pt-pt\/","logo":{"@type":"ImageObject","inLanguage":"pt-PT","@id":"https:\/\/happyjokers.net\/pt-pt\/#\/schema\/logo\/image\/","url":"https:\/\/happyjokers.net\/wp-content\/uploads\/2026\/04\/Casino-Logo-Desktop-1.png","contentUrl":"https:\/\/happyjokers.net\/wp-content\/uploads\/2026\/04\/Casino-Logo-Desktop-1.png","width":237,"height":91,"caption":"Happyjokers"},"image":{"@id":"https:\/\/happyjokers.net\/pt-pt\/#\/schema\/logo\/image\/"}}]}},"_links":{"self":[{"href":"https:\/\/happyjokers.net\/pt-pt\/wp-json\/wp\/v2\/pages\/1503","targetHints":{"allow":["GET"]}}],"collection":[{"href":"https:\/\/happyjokers.net\/pt-pt\/wp-json\/wp\/v2\/pages"}],"about":[{"href":"https:\/\/happyjokers.net\/pt-pt\/wp-json\/wp\/v2\/types\/page"}],"author":[{"embeddable":true,"href":"https:\/\/happyjokers.net\/pt-pt\/wp-json\/wp\/v2\/users\/1"}],"replies":[{"embeddable":true,"href":"https:\/\/happyjokers.net\/pt-pt\/wp-json\/wp\/v2\/comments?post=1503"}],"version-history":[{"count":2,"href":"https:\/\/happyjokers.net\/pt-pt\/wp-json\/wp\/v2\/pages\/1503\/revisions"}],"predecessor-version":[{"id":1825,"href":"https:\/\/happyjokers.net\/pt-pt\/wp-json\/wp\/v2\/pages\/1503\/revisions\/1825"}],"wp:attachment":[{"href":"https:\/\/happyjokers.net\/pt-pt\/wp-json\/wp\/v2\/media?parent=1503"}],"curies":[{"name":"wp","href":"https:\/\/api.w.org\/{rel}","templated":true}]}}