{"id":1464,"date":"2026-04-06T16:27:21","date_gmt":"2026-04-06T15:27:21","guid":{"rendered":"https:\/\/happyjokers.net\/app\/"},"modified":"2026-04-07T13:48:00","modified_gmt":"2026-04-07T12:48:00","slug":"aplicacao","status":"publish","type":"page","link":"https:\/\/happyjokers.net\/pt-pt\/aplicacao\/","title":{"rendered":"Aplica\u00e7\u00e3o"},"content":{"rendered":"<h1>Aplica\u00e7\u00e3o Happyjokers: jogos de casino m\u00f3vel<\/h1>\n<p>Se precisa de ter acesso ao vasto cat\u00e1logo de mais de 6.000 t\u00edtulos do nosso casino a partir de um dispositivo m\u00f3vel, ent\u00e3o n\u00e3o procure mais, porque precisa da Happyjokers app. Oferecemos a todos os jogadores portugueses torneios din\u00e2micos e funcionalidades fant\u00e1sticas que lhe podem render montes de dinheiro. A nossa aplica\u00e7\u00e3o tem tudo o que precisa: mobilidade, velocidade, seguran\u00e7a e um design port\u00e1til que eleva a experi\u00eancia de jogo a um novo n\u00edvel. Pode sempre jogar jogos ao vivo connosco, desfrutar de slots e girar a Roda da Fortuna \u2014 tudo isto acompanhado de promo\u00e7\u00f5es e eventos exclusivos do Happy Jokers Casino.<\/p>\n<div class=\"banner-wrap\" aria-label=\"Banner\"><img src=\"https:\/\/happyjokers.net\/wp-content\/uploads\/2026\/04\/Banner-Desktop.webp\" class=\"w-100 d-none d-lg-block img-pc main-banner-img\" alt=\"Banner Desktop\" fetchpriority=\"high\" decoding=\"async\"><img src=\"https:\/\/happyjokers.net\/wp-content\/uploads\/2026\/04\/Banner-mobile.webp\" class=\"w-100 d-none d-md-block d-lg-none main-banner-img\" alt=\"Banner mobile\" fetchpriority=\"high\" decoding=\"async\"><img src=\"https:\/\/happyjokers.net\/wp-content\/uploads\/2026\/04\/Banner-mobile.webp\" class=\"w-100 d-md-none\" alt=\"Banner mobile\" fetchpriority=\"high\" decoding=\"async\"><div class=\"banner-description\">\n<div class=\"banner-title\">B\u00f3nus de Boas-Vindas<\/div>\n<p class=\"banner-header-title\">1 500 \u20ac<\/p>\n<div class=\"banner-header-AdditionalText\">+ 250 Rodadas Gr\u00e1tis<\/div>\n<button data-item=\"homepage_banner_link\" class=\"goto m-button m-gradient-border m-button--primary m-button--large banner-button btn-orange\">\n            <div class=\"m-button-content\">\n                <span>Inscreva-se Agora<\/span>\n                <span><\/span>\n            <\/div>\n        <\/button>\n<\/div>\n<div class=\"WelcomePack\">\n<p><img loading=\"lazy\" decoding=\"async\" class=\"alignnone size-full wp-image-1534\" src=\"https:\/\/happyjokers.net\/wp-content\/uploads\/welcome-crown-1.png\" alt=\"welcome crown\" width=\"25\" height=\"26\" \/><\/p>\n<div class=\"WelcomePack-Info\">Cashback semanal at\u00e9 25%<\/div>\n<p><img loading=\"lazy\" decoding=\"async\" class=\"alignnone size-full wp-image-1534\" src=\"https:\/\/happyjokers.net\/wp-content\/uploads\/welcome-crown-1.png\" alt=\"welcome crown\" width=\"25\" height=\"26\" \/><\/p>\n<\/div>\n<\/div>\n<h2>Vantagens e funcionalidades da aplica\u00e7\u00e3o Happyjokers<\/h2>\n<p>O desempenho otimizado da nossa PWA \u00e9 realmente impressionante. Combinamos funcionalidades brilhantes com uma interface intuitiva e f\u00e1cil de compreender, tudo numa \u00fanica aplica\u00e7\u00e3o. Garantimos um ambiente de jogo fluido que \u00e9 ainda melhor do que o jogo tradicional no computador.<\/p>\n<p>Pode desfrutar de uma experi\u00eancia perfeita em todos os seus dispositivos m\u00f3veis, uma vez que adapt\u00e1mos o design do software especialmente para isso. A aplica\u00e7\u00e3o Happyjokers oferece total mobilidade, navega\u00e7\u00e3o f\u00e1cil e acesso a todos os jogos ao vivo e habituais. Tamb\u00e9m pode desfrutar de:<\/p>\n<ul>\n<li>tempo de carregamento r\u00e1pido em qualquer dispositivo;<\/li>\n<li>prote\u00e7\u00e3o de alto n\u00edvel;<\/li>\n<li>gr\u00e1ficos 3D e resolu\u00e7\u00e3o HD para qualquer jogo.<\/li>\n<\/ul>\n<p>A aplica\u00e7\u00e3o do Happyjokers Casino \u00e9 \u00fanica, mas adapta-se a todos os tipos de f\u00e3s de casino, mesmo aos principiantes. Os jogadores profissionais e de apostas elevadas podem desfrutar dela igualmente, pois ir\u00e3o certamente apreciar a versatilidade e as funcionalidades de tecnologia inteligente da plataforma.<\/p>\n<table>\n<tbody>\n<tr>\n<td>Caracter\u00edstica<\/td>\n<td>Plataforma para computador<\/td>\n<td>Aplica\u00e7\u00e3o Happyjokers<\/td>\n<td>Vantagens de jogar no telem\u00f3vel<\/td>\n<\/tr>\n<tr>\n<td>Acessibilidade<\/td>\n<td>Requer um computador de secret\u00e1ria ou port\u00e1til<\/td>\n<td>Dispon\u00edvel em smartphones e tablets<\/td>\n<td>Jogue em qualquer lugar<\/td>\n<\/tr>\n<tr>\n<td>Desempenho<\/td>\n<td>Depende do hardware e da velocidade da Internet<\/td>\n<td>Otimizado para velocidade e capacidade de resposta<\/td>\n<td>Tempos de carregamento mais r\u00e1pidos e jogabilidade mais fluida<\/td>\n<\/tr>\n<tr>\n<td>Navega\u00e7\u00e3o<\/td>\n<td>Menu completo e interface detalhada<\/td>\n<td>Layout simplificado e otimizado para ecr\u00e3s t\u00e1teis<\/td>\n<td>Mais f\u00e1cil de navegar, especialmente em ecr\u00e3s mais pequenos<\/td>\n<\/tr>\n<tr>\n<td>Seguran\u00e7a<\/td>\n<td>Protocolos de seguran\u00e7a online padr\u00e3o<\/td>\n<td>Encripta\u00e7\u00e3o avan\u00e7ada e in\u00edcio de sess\u00e3o seguro<\/td>\n<td>Garante a seguran\u00e7a durante as transa\u00e7\u00f5es e o jogo<\/td>\n<\/tr>\n<\/tbody>\n<\/table>\n<p><div class=\"scrollable-content-wrap my-5\"><div class=\"scrollable-content-inner\"><h2>Aplica\u00e7\u00e3o m\u00f3vel para iOS<\/h2>\n<p>Para quem possui produtos Apple, adapt\u00e1mos a nossa aplica\u00e7\u00e3o Happyjokers especialmente para se adequar a estes dispositivos. Sem downloads desnecess\u00e1rios e extensos que sobrecarregam a mem\u00f3ria do seu iPhone, pode desfrutar da nossa vers\u00e3o m\u00f3vel. Desenvolvida como uma aplica\u00e7\u00e3o web progressiva (PWA), pens\u00e1mos em tudo de forma a que lhe possa proporcionar um acesso r\u00e1pido sem quaisquer problemas pelo caminho.<\/p>\n<p>A nossa vers\u00e3o para iOS \u00e9 realmente \u00fatil porque prioriza a velocidade, a seguran\u00e7a (incorpor\u00e1mos a mais recente encripta\u00e7\u00e3o TLS 1.3), um desempenho ininterrupto e jogos, para que possa desfrutar de um verdadeiro ambiente de casino m\u00f3vel no seu iPhone e iPad.<\/p>\n<p>Pode ter a certeza de que se mant\u00e9m a par das \u00faltimas novidades do jogo m\u00f3vel e n\u00e3o perde nada. Todas as funcionalidades e melhorias da vers\u00e3o completa est\u00e3o totalmente incorporadas, pelo que praticamente n\u00e3o h\u00e1 diferen\u00e7a entre o Happyjokers Casino para computador e a vers\u00e3o m\u00f3vel. Pode gerir a sua conta e o seu painel de controlo de forma eficaz e n\u00e3o ter\u00e1 qualquer dificuldade em carregar jogos como o Coin Strike: Hold and Win da Playson, o Sic Bo da ICONIC21 ou o Bac Bo da Evolution \u2014 todos funcionam bem e est\u00e3o na moda neste momento!<\/p>\n<p><img loading=\"lazy\" decoding=\"async\" src=\"https:\/\/happyjokers.net\/wp-content\/uploads\/2026\/04\/HappyJokers-iOS.webp\" alt=\"HappyJokers iOS\" width=\"1248\" height=\"536\" \/><\/p>\n<\/div><\/div><div style=\"clear: both\"><\/div><div class=\"d-flex justify-content-center\"><button data-item=\"decouvrez_link\" data-group=\"website_links\" class=\"goto fw-bold rounded-pill btn btn-orange\" aria-label=\"Descarregue a aplica\u00e7\u00e3o HappyJokers\" >Descarregue a aplica\u00e7\u00e3o HappyJokers<\/button><\/div><div class=\"scrollable-content-wrap my-5\"><div class=\"scrollable-content-inner\"><h2>Aplica\u00e7\u00e3o Happyjokers para Android<\/h2>\n<p>A vers\u00e3o da aplica\u00e7\u00e3o do Happy Jokers Casino para utilizadores de Android tamb\u00e9m \u00e9 uma PWA. Torn\u00e1mos o nosso software totalmente compat\u00edvel com v\u00e1rios telem\u00f3veis e tablets, e pode ter a certeza de que a sua experi\u00eancia otimizada n\u00e3o ter\u00e1 atrasos nem falhas.<\/p>\n<p>Pode instalar a nossa aplica\u00e7\u00e3o e n\u00e3o precisa de se preocupar com atualiza\u00e7\u00f5es, pois estas s\u00e3o feitas automaticamente, em segundo plano, sem qualquer interven\u00e7\u00e3o da sua parte. Aqui est\u00e3o outras vantagens:<\/p>\n<ul>\n<li>N\u00e3o h\u00e1 press\u00e3o sobre a bateria do telem\u00f3vel, e sabemos que isso \u00e9 crucial para os jogadores Android.<\/li>\n<li>Pode navegar facilmente pelas v\u00e1rias categorias de jogos do Happyjokers Casino \u2014 Cole\u00e7\u00e3o de Books, Bonus Buy, Drops &amp; Wins, Instant Wins, Jackpots e muitas outras \u2014, bem como verificar promo\u00e7\u00f5es e torneios e atualizar as defini\u00e7\u00f5es da conta.<\/li>\n<\/ul>\n<p>Esperamos que experimente a aplica\u00e7\u00e3o Happyjokers e comprove por si mesmo que pode desfrutar de toda a gama de funcionalidades do nosso casino em qualquer dispositivo Android, sem interrup\u00e7\u00f5es.<\/p>\n<p><img loading=\"lazy\" decoding=\"async\" src=\"https:\/\/happyjokers.net\/wp-content\/uploads\/2026\/04\/HappyJokers-Android.webp\" alt=\"HappyJokers Android\" width=\"1248\" height=\"536\" \/><\/p>\n<\/div><\/div><div style=\"clear: both\"><\/div><div class=\"d-flex justify-content-center\"><button data-item=\"decouvrez_link\" data-group=\"website_links\" class=\"goto fw-bold rounded-pill btn btn-orange\" aria-label=\"Descarregue a aplica\u00e7\u00e3o HappyJokers\" >Descarregue a aplica\u00e7\u00e3o HappyJokers<\/button><\/div><div class=\"scrollable-content-wrap my-5\"><div class=\"scrollable-content-inner\"><h2>Jogue no Happy Jokers Casino no Mac ou Windows<\/h2>\n<p>Mas se os smartphones n\u00e3o s\u00e3o o seu forte e prefere jogar no ecr\u00e3 grande do seu computador pessoal, ent\u00e3o a vers\u00e3o para computador do Happy Jokers Casino \u00e9 exatamente o que precisa. Temos uma op\u00e7\u00e3o dedicada para os sistemas operativos Mac e Windows.<\/p>\n<p>Vais mergulhar completamente no mundo digital do jogo, sentindo um ambiente de casino realista, interagindo com crupi\u00eas profissionais e contando com a equipa de apoio atrav\u00e9s do chat ao vivo.<\/p>\n<p>Tamb\u00e9m adicion\u00e1mos funcionalidades como as seguintes:<\/p>\n<ul>\n<li>Registo e in\u00edcio de sess\u00e3o r\u00e1pidos;<\/li>\n<li>Navega\u00e7\u00e3o abrangente pelo site e pelos separadores;<\/li>\n<li>Processo de verifica\u00e7\u00e3o KYC confort\u00e1vel;<\/li>\n<li>Dep\u00f3sitos e levantamentos seguros.<\/li>\n<\/ul>\n<p>Torn\u00e1mos todas as nossas vers\u00f5es, incluindo a PWA, confort\u00e1veis para todos os tipos de jogadores. Temos o prazer de lhe informar que registar-se connosco significa apenas que tem a ganhar. E a vers\u00e3o para computador \u00e9 ideal para os amantes de ecr\u00e3s grandes, pois possui uma funcionalidade de ajuste de dimens\u00e3o e uma interface de jogo mais detalhada, garantindo uma experi\u00eancia premium.<\/p>\n<h2>Como instalar a aplica\u00e7\u00e3o Happy Jokers em qualquer dispositivo<\/h2>\n<p>Dependendo do modelo do seu dispositivo ou tablet, ter\u00e1 de realizar algumas das seguintes a\u00e7\u00f5es simples para obter a aplica\u00e7\u00e3o Happy Jokers:<\/p>\n<ul>\n<li>Para telem\u00f3veis com iOS: Deve aceder ao nosso site num dispositivo m\u00f3vel e adicionar o atalho ao ecr\u00e3 inicial. A nossa PWA carrega instantaneamente, pelo que, num segundo, ver\u00e1 o \u00edcone.<\/li>\n<li>Dispositivos Android: Na p\u00e1gina principal do Happyjokers Casino, clique no bot\u00e3o \u201cAplica\u00e7\u00e3o do Casino\u201d e, em seguida, prossiga com a instala\u00e7\u00e3o.<\/li>\n<li>Computadores Windows e Mac: Pode desfrutar do nosso site diretamente a partir do seu navegador. Nas defini\u00e7\u00f5es, escolha a op\u00e7\u00e3o \u00abAdicionar ao Ecr\u00e3 Inicial\u00bb para um acesso mais r\u00e1pido e jogue os nossos jogos imediatamente.<\/li>\n<\/ul>\n<p>A nossa PWA pode ser iniciada em qualquer navegador moderno, incluindo Safari, Chrome e Firefox. Basta aceder a qualquer p\u00e1gina do Happyjokers que necessite e adicionar a aplica\u00e7\u00e3o ao seu ecr\u00e3 inicial ou ambiente de trabalho para acesso imediato.<\/p>\n<p><img loading=\"lazy\" decoding=\"async\" src=\"https:\/\/happyjokers.net\/wp-content\/uploads\/2026\/04\/HappyJokers-Desktop.webp\" alt=\"HappyJokers Desktop\" width=\"1248\" height=\"536\" \/><\/p>\n<\/div><\/div><div style=\"clear: both\"><\/div><div class=\"d-flex justify-content-center\"><button data-item=\"decouvrez_link\" data-group=\"website_links\" class=\"goto fw-bold rounded-pill btn btn-orange\" aria-label=\"Descarregue a aplica\u00e7\u00e3o HappyJokers\" >Descarregue a aplica\u00e7\u00e3o HappyJokers<\/button><\/div><div class=\"scrollable-content-wrap my-5\"><div class=\"scrollable-content-inner\"><h2>Perguntas frequentes<\/h2>\n<h3>O meu saldo \u00e9 sincronizado em tempo real entre dispositivos?<\/h3>\n<p>Tudo est\u00e1 sempre sincronizado em todos os seus dispositivos quando joga no Happy Jokers Casino \u2014 a atividade do seu painel de controlo, o seu hist\u00f3rico de jogos e transa\u00e7\u00f5es. Recebe tamb\u00e9m notifica\u00e7\u00f5es push em tempo real.<\/p>\n<h3>\u00c9 necess\u00e1rio criar uma conta para utilizar o software m\u00f3vel?<\/h3>\n<p>Se pretender apenas explorar os jogos no modo de demonstra\u00e7\u00e3o, n\u00e3o precisa de se registar no Happyjokers Casino. Mas se o seu objetivo \u00e9 ganhar pr\u00e9mios enormes, competir com outros jogadores e provar a sua for\u00e7a, ent\u00e3o \u00e9 bem-vindo a criar uma conta.<\/p>\n<h3>Como posso atualizar a aplica\u00e7\u00e3o do Happy Jokers?<\/h3>\n<p>A aplica\u00e7\u00e3o atualiza-se automaticamente. N\u00e3o precisa de fazer nada, por isso n\u00e3o se perca nas defini\u00e7\u00f5es \u00e0 procura da solu\u00e7\u00e3o. Ter\u00e1 sempre a melhor e mais recente vers\u00e3o da aplica\u00e7\u00e3o, com seguran\u00e7a e funcionalidades melhoradas.<\/p>\n<h3>Todos os jogos est\u00e3o dispon\u00edveis na aplica\u00e7\u00e3o?<\/h3>\n<p>Todas as funcionalidades e jogos est\u00e3o presentes na vers\u00e3o m\u00f3vel, tal como no PC. Pode desfrutar de todas as slots online populares, jogos de cartas, compras de b\u00f3nus, ganhos instant\u00e2neos e outros t\u00edtulos em voga. A plataforma \u00e9 atualizada regularmente com novos lan\u00e7amentos, garantindo uma experi\u00eancia abrangente.<\/p>\n<\/div><\/div><\/p>\n","protected":false},"excerpt":{"rendered":"<p>Aplica\u00e7\u00e3o Happyjokers: jogos de casino m\u00f3vel Se precisa de ter acesso ao vasto cat\u00e1logo de mais de 6.000 t\u00edtulos do nosso casino a partir de um dispositivo m\u00f3vel, ent\u00e3o n\u00e3o procure mais, porque precisa da Happyjokers app. Oferecemos a todos os jogadores portugueses torneios din\u00e2micos e funcionalidades fant\u00e1sticas que lhe podem render montes de dinheiro. [&hellip;]<\/p>\n","protected":false},"author":1,"featured_media":0,"parent":0,"menu_order":0,"comment_status":"closed","ping_status":"closed","template":"template-builder.php","meta":{"_acf_changed":false,"inline_featured_image":false,"footnotes":""},"class_list":["post-1464","page","type-page","status-publish","hentry"],"acf":[],"yoast_head":"<!-- This site is optimized with the Yoast SEO plugin v27.3 - https:\/\/yoast.com\/product\/yoast-seo-wordpress\/ -->\n<title>Happyjokers App: iOS &amp; Android Casino Access Anywhere<\/title>\n<meta name=\"description\" content=\"Happyjokers App is a fast progressive web app (PWA) for iOS and Android with an app-like layout, quick loading, and push notifications\u2014no APK, no Play Store, no App Store. Use the same login across devices, plus a web app option for Windows and Mac.\" \/>\n<meta name=\"robots\" content=\"index, follow, max-snippet:-1, max-image-preview:large, max-video-preview:-1\" \/>\n<link rel=\"canonical\" href=\"https:\/\/happyjokers.net\/pt-pt\/aplicacao\/\" \/>\n<meta property=\"og:locale\" content=\"pt_PT\" \/>\n<meta property=\"og:type\" content=\"article\" \/>\n<meta property=\"og:title\" content=\"Happyjokers App: iOS &amp; Android Casino Access Anywhere\" \/>\n<meta property=\"og:description\" content=\"Happyjokers App is a fast progressive web app (PWA) for iOS and Android with an app-like layout, quick loading, and push notifications\u2014no APK, no Play Store, no App Store. Use the same login across devices, plus a web app option for Windows and Mac.\" \/>\n<meta property=\"og:url\" content=\"https:\/\/happyjokers.net\/pt-pt\/aplicacao\/\" \/>\n<meta property=\"og:site_name\" content=\"Happyjokers\" \/>\n<meta property=\"article:modified_time\" content=\"2026-04-07T12:48:00+00:00\" \/>\n<meta name=\"twitter:card\" content=\"summary_large_image\" \/>\n<meta name=\"twitter:label1\" content=\"Est. reading time\" \/>\n\t<meta name=\"twitter:data1\" content=\"2 minutes\" \/>\n<script type=\"application\/ld+json\" class=\"yoast-schema-graph\">{\"@context\":\"https:\\\/\\\/schema.org\",\"@graph\":[{\"@type\":\"WebPage\",\"@id\":\"https:\\\/\\\/happyjokers.net\\\/pt-pt\\\/aplicacao\\\/\",\"url\":\"https:\\\/\\\/happyjokers.net\\\/pt-pt\\\/aplicacao\\\/\",\"name\":\"Happyjokers App: iOS & Android Casino Access Anywhere\",\"isPartOf\":{\"@id\":\"https:\\\/\\\/happyjokers.net\\\/pt-pt\\\/#website\"},\"datePublished\":\"2026-04-06T15:27:21+00:00\",\"dateModified\":\"2026-04-07T12:48:00+00:00\",\"description\":\"Happyjokers App is a fast progressive web app (PWA) for iOS and Android with an app-like layout, quick loading, and push notifications\u2014no APK, no Play Store, no App Store. Use the same login across devices, plus a web app option for Windows and Mac.\",\"breadcrumb\":{\"@id\":\"https:\\\/\\\/happyjokers.net\\\/pt-pt\\\/aplicacao\\\/#breadcrumb\"},\"inLanguage\":\"pt-PT\",\"potentialAction\":[{\"@type\":\"ReadAction\",\"target\":[\"https:\\\/\\\/happyjokers.net\\\/pt-pt\\\/aplicacao\\\/\"]}]},{\"@type\":\"BreadcrumbList\",\"@id\":\"https:\\\/\\\/happyjokers.net\\\/pt-pt\\\/aplicacao\\\/#breadcrumb\",\"itemListElement\":[{\"@type\":\"ListItem\",\"position\":1,\"name\":\"Happyjokers\",\"item\":\"https:\\\/\\\/happyjokers.net\\\/pt-pt\\\/\"},{\"@type\":\"ListItem\",\"position\":2,\"name\":\"Aplica\u00e7\u00e3o\"}]},{\"@type\":\"WebSite\",\"@id\":\"https:\\\/\\\/happyjokers.net\\\/pt-pt\\\/#website\",\"url\":\"https:\\\/\\\/happyjokers.net\\\/pt-pt\\\/\",\"name\":\"Happyjokers\",\"description\":\"\",\"publisher\":{\"@id\":\"https:\\\/\\\/happyjokers.net\\\/pt-pt\\\/#organization\"},\"potentialAction\":[{\"@type\":\"SearchAction\",\"target\":{\"@type\":\"EntryPoint\",\"urlTemplate\":\"https:\\\/\\\/happyjokers.net\\\/pt-pt\\\/?s={search_term_string}\"},\"query-input\":{\"@type\":\"PropertyValueSpecification\",\"valueRequired\":true,\"valueName\":\"search_term_string\"}}],\"inLanguage\":\"pt-PT\"},{\"@type\":\"Organization\",\"@id\":\"https:\\\/\\\/happyjokers.net\\\/pt-pt\\\/#organization\",\"name\":\"Happyjokers\",\"url\":\"https:\\\/\\\/happyjokers.net\\\/pt-pt\\\/\",\"logo\":{\"@type\":\"ImageObject\",\"inLanguage\":\"pt-PT\",\"@id\":\"https:\\\/\\\/happyjokers.net\\\/pt-pt\\\/#\\\/schema\\\/logo\\\/image\\\/\",\"url\":\"https:\\\/\\\/happyjokers.net\\\/wp-content\\\/uploads\\\/2026\\\/04\\\/Casino-Logo-Desktop-1.png\",\"contentUrl\":\"https:\\\/\\\/happyjokers.net\\\/wp-content\\\/uploads\\\/2026\\\/04\\\/Casino-Logo-Desktop-1.png\",\"width\":237,\"height\":91,\"caption\":\"Happyjokers\"},\"image\":{\"@id\":\"https:\\\/\\\/happyjokers.net\\\/pt-pt\\\/#\\\/schema\\\/logo\\\/image\\\/\"}}]}<\/script>\n<!-- \/ Yoast SEO plugin. -->","yoast_head_json":{"title":"Happyjokers App: iOS & Android Casino Access Anywhere","description":"Happyjokers App is a fast progressive web app (PWA) for iOS and Android with an app-like layout, quick loading, and push notifications\u2014no APK, no Play Store, no App Store. Use the same login across devices, plus a web app option for Windows and Mac.","robots":{"index":"index","follow":"follow","max-snippet":"max-snippet:-1","max-image-preview":"max-image-preview:large","max-video-preview":"max-video-preview:-1"},"canonical":"https:\/\/happyjokers.net\/pt-pt\/aplicacao\/","og_locale":"pt_PT","og_type":"article","og_title":"Happyjokers App: iOS & Android Casino Access Anywhere","og_description":"Happyjokers App is a fast progressive web app (PWA) for iOS and Android with an app-like layout, quick loading, and push notifications\u2014no APK, no Play Store, no App Store. Use the same login across devices, plus a web app option for Windows and Mac.","og_url":"https:\/\/happyjokers.net\/pt-pt\/aplicacao\/","og_site_name":"Happyjokers","article_modified_time":"2026-04-07T12:48:00+00:00","twitter_card":"summary_large_image","twitter_misc":{"Est. reading time":"2 minutes"},"schema":{"@context":"https:\/\/schema.org","@graph":[{"@type":"WebPage","@id":"https:\/\/happyjokers.net\/pt-pt\/aplicacao\/","url":"https:\/\/happyjokers.net\/pt-pt\/aplicacao\/","name":"Happyjokers App: iOS & Android Casino Access Anywhere","isPartOf":{"@id":"https:\/\/happyjokers.net\/pt-pt\/#website"},"datePublished":"2026-04-06T15:27:21+00:00","dateModified":"2026-04-07T12:48:00+00:00","description":"Happyjokers App is a fast progressive web app (PWA) for iOS and Android with an app-like layout, quick loading, and push notifications\u2014no APK, no Play Store, no App Store. Use the same login across devices, plus a web app option for Windows and Mac.","breadcrumb":{"@id":"https:\/\/happyjokers.net\/pt-pt\/aplicacao\/#breadcrumb"},"inLanguage":"pt-PT","potentialAction":[{"@type":"ReadAction","target":["https:\/\/happyjokers.net\/pt-pt\/aplicacao\/"]}]},{"@type":"BreadcrumbList","@id":"https:\/\/happyjokers.net\/pt-pt\/aplicacao\/#breadcrumb","itemListElement":[{"@type":"ListItem","position":1,"name":"Happyjokers","item":"https:\/\/happyjokers.net\/pt-pt\/"},{"@type":"ListItem","position":2,"name":"Aplica\u00e7\u00e3o"}]},{"@type":"WebSite","@id":"https:\/\/happyjokers.net\/pt-pt\/#website","url":"https:\/\/happyjokers.net\/pt-pt\/","name":"Happyjokers","description":"","publisher":{"@id":"https:\/\/happyjokers.net\/pt-pt\/#organization"},"potentialAction":[{"@type":"SearchAction","target":{"@type":"EntryPoint","urlTemplate":"https:\/\/happyjokers.net\/pt-pt\/?s={search_term_string}"},"query-input":{"@type":"PropertyValueSpecification","valueRequired":true,"valueName":"search_term_string"}}],"inLanguage":"pt-PT"},{"@type":"Organization","@id":"https:\/\/happyjokers.net\/pt-pt\/#organization","name":"Happyjokers","url":"https:\/\/happyjokers.net\/pt-pt\/","logo":{"@type":"ImageObject","inLanguage":"pt-PT","@id":"https:\/\/happyjokers.net\/pt-pt\/#\/schema\/logo\/image\/","url":"https:\/\/happyjokers.net\/wp-content\/uploads\/2026\/04\/Casino-Logo-Desktop-1.png","contentUrl":"https:\/\/happyjokers.net\/wp-content\/uploads\/2026\/04\/Casino-Logo-Desktop-1.png","width":237,"height":91,"caption":"Happyjokers"},"image":{"@id":"https:\/\/happyjokers.net\/pt-pt\/#\/schema\/logo\/image\/"}}]}},"_links":{"self":[{"href":"https:\/\/happyjokers.net\/pt-pt\/wp-json\/wp\/v2\/pages\/1464","targetHints":{"allow":["GET"]}}],"collection":[{"href":"https:\/\/happyjokers.net\/pt-pt\/wp-json\/wp\/v2\/pages"}],"about":[{"href":"https:\/\/happyjokers.net\/pt-pt\/wp-json\/wp\/v2\/types\/page"}],"author":[{"embeddable":true,"href":"https:\/\/happyjokers.net\/pt-pt\/wp-json\/wp\/v2\/users\/1"}],"replies":[{"embeddable":true,"href":"https:\/\/happyjokers.net\/pt-pt\/wp-json\/wp\/v2\/comments?post=1464"}],"version-history":[{"count":2,"href":"https:\/\/happyjokers.net\/pt-pt\/wp-json\/wp\/v2\/pages\/1464\/revisions"}],"predecessor-version":[{"id":1823,"href":"https:\/\/happyjokers.net\/pt-pt\/wp-json\/wp\/v2\/pages\/1464\/revisions\/1823"}],"wp:attachment":[{"href":"https:\/\/happyjokers.net\/pt-pt\/wp-json\/wp\/v2\/media?parent=1464"}],"curies":[{"name":"wp","href":"https:\/\/api.w.org\/{rel}","templated":true}]}}