{"id":1502,"date":"2026-04-06T16:31:34","date_gmt":"2026-04-06T15:31:34","guid":{"rendered":"https:\/\/happyjokers.net\/login-and-registration\/"},"modified":"2026-04-07T13:23:00","modified_gmt":"2026-04-07T12:23:00","slug":"logowanie-i-rejestracja","status":"publish","type":"page","link":"https:\/\/happyjokers.net\/pl\/logowanie-i-rejestracja\/","title":{"rendered":"Logowanie i rejestracja"},"content":{"rendered":"<h1>Logowanie do Happyjokers<\/h1>\n<p>Aby wej\u015b\u0107 do naszego kasyna i uzyska\u0107 dost\u0119p do wszystkich funkcji, panelu u\u017cytkownika oraz gier, musisz wiedzie\u0107, jak wykona\u0107 Happyjokers login. Nasza niezawodna technologia oraz wersja mobilna z niesamowitymi elementami gamifikacji s\u0105 dost\u0119pne wy\u0142\u0105cznie dla zarejestrowanych u\u017cytkownik\u00f3w z Polski. Do dyspozycji masz dedykowany zesp\u00f3\u0142 obs\u0142ugi klienta, kt\u00f3ry pomo\u017ce Ci w kwestiach zwi\u0105zanych z transakcjami, bonusami i wszelkimi innymi potencjalnymi problemami. Tak kompleksowe zarz\u0105dzanie kontem oraz intuicyjna obs\u0142uga systemu sprawiaj\u0105, \u017ce poruszanie si\u0119 po naszej platformie i granie w gry staj\u0105 si\u0119 przyjemnym do\u015bwiadczeniem.<\/p>\n<p><div class=\"banner-wrap\" aria-label=\"Banner\"><img src=\"https:\/\/happyjokers.net\/wp-content\/uploads\/2026\/04\/Banner-Desktop.webp\" class=\"w-100 d-none d-lg-block img-pc main-banner-img\" alt=\"Banner Desktop\" fetchpriority=\"high\" decoding=\"async\"><img src=\"https:\/\/happyjokers.net\/wp-content\/uploads\/2026\/04\/Banner-mobile.webp\" class=\"w-100 d-none d-md-block d-lg-none main-banner-img\" alt=\"Banner mobile\" fetchpriority=\"high\" decoding=\"async\"><img src=\"https:\/\/happyjokers.net\/wp-content\/uploads\/2026\/04\/Banner-mobile.webp\" class=\"w-100 d-md-none\" alt=\"Banner mobile\" fetchpriority=\"high\" decoding=\"async\"><div class=\"banner-description\">\n<div class=\"banner-title\">Bonusy powitalne<\/div>\n<p class=\"banner-header-title\">1 500 \u20ac<\/p>\n<div class=\"banner-header-AdditionalText\">+ 250 Darmowe spiny<\/div>\n<button data-item=\"homepage_banner_link\" class=\"goto m-button m-gradient-border m-button--primary m-button--large banner-button btn-orange\">\n            <div class=\"m-button-content\">\n                <span>Zarejestruj si\u0119 teraz<\/span>\n                <span><\/span>\n            <\/div>\n        <\/button>\n<\/div>\n<div class=\"WelcomePack\">\n<p><img loading=\"lazy\" decoding=\"async\" class=\"alignnone size-full wp-image-1533\" src=\"https:\/\/happyjokers.net\/wp-content\/uploads\/welcome-crown-1.png\" alt=\"welcome crown\" width=\"25\" height=\"26\" \/><\/p>\n<div class=\"WelcomePack-Info\">Cotygodniowy zwrot got\u00f3wki do 25%<\/div>\n<p><img loading=\"lazy\" decoding=\"async\" class=\"alignnone size-full wp-image-1533\" src=\"https:\/\/happyjokers.net\/wp-content\/uploads\/welcome-crown-1.png\" alt=\"welcome crown\" width=\"25\" height=\"26\" \/><\/p>\n<\/div>\n<\/div><div class=\"scrollable-content-wrap my-5\"><div class=\"scrollable-content-inner\"><h2>Rejestracja w kasynie Happyjokers<\/h2>\n<p>Je\u015bli zarejestrujesz si\u0119 w Happy Jokers, mo\u017cesz mie\u0107 pewno\u015b\u0107, \u017ce otworzysz drzwi do ogromnego katalogu ponad 6 000 gier i szerokiego wachlarza mo\u017cliwo\u015bci. Mo\u017cesz cieszy\u0107 si\u0119 ekskluzywnymi bonusami i zdobywa\u0107 jeszcze wi\u0119cej nagr\u00f3d, do\u0142\u0105czaj\u0105c do naszego ekskluzywnego programu VIP.<\/p>\n<p>Proces rejestracji jest prosty, bardzo szybki i \u0142atwy, nawet dla tych, kt\u00f3rzy po raz pierwszy pr\u00f3buj\u0105 swoich si\u0142 w kasynach online. Masz natychmiastowy dost\u0119p do swoich ulubionych tytu\u0142\u00f3w i promocyjnych ofert rabatowych. Zak\u0142adaj\u0105c konto w kasynie Happyjokers, u\u017cytkownicy mog\u0105 korzysta\u0107 ze spersonalizowanych ustawie\u0144, zarz\u0105dza\u0107 wp\u0142atami i wyp\u0142atami oraz aktywnie uczestniczy\u0107 w naszych regularnych turniejach i wydarzeniach.<\/p>\n<h2>Tworzenie konta<\/h2>\n<p>Je\u015bli zdecydujesz si\u0119 do nas do\u0142\u0105czy\u0107, wystarczy wykona\u0107 kilka prostych krok\u00f3w, aby za\u0142o\u017cy\u0107 konto w kasynie Happy Jokers. Proces ten ma na celu zapewnienie Ci bezpiecze\u0144stwa i sprawno\u015bci:<\/p>\n<ol>\n<li>Znajd\u017a i kliknij przycisk \u201eZarejestruj si\u0119\u201d wy\u015bwietlany na stronie g\u0142\u00f3wnej. Spowoduje to rozpocz\u0119cie procesu rejestracji w Happyjokers.<\/li>\n<li>Wype\u0142nij kr\u00f3tki formularz rejestracyjny za pomoc\u0105 zaledwie kilku klikni\u0119\u0107 \u2014 wystarczy poda\u0107 sw\u00f3j aktywny adres e-mail i utworzy\u0107 silne has\u0142o.<\/li>\n<li>Potwierd\u017a, \u017ce jeste\u015b pe\u0142noletni i akceptujesz warunki korzystania z naszej platformy.<\/li>\n<li>Kliknij \u201eZarejestruj si\u0119\u201d i przejd\u017a do swojej skrzynki odbiorczej.<\/li>\n<li>Otw\u00f3rz wiadomo\u015b\u0107 e-mail od zespo\u0142u obs\u0142ugi klienta kasyna Happyjokers i post\u0119puj zgodnie z instrukcjami, aby aktywowa\u0107 swoje konto.<\/li>\n<\/ol>\n<p>I to wszystko. Teraz mo\u017cesz cieszy\u0107 si\u0119 natychmiastowym dost\u0119pem do naszego kasyna i ca\u0142ego katalogu gier.<\/p>\n<p><img loading=\"lazy\" decoding=\"async\" class=\"alignnone size-full wp-image-1557\" src=\"https:\/\/happyjokers.net\/wp-content\/uploads\/2026\/04\/HappyJokers-Login-Page.webp\" alt=\"HappyJokers Login Page\" width=\"1248\" height=\"536\" srcset=\"https:\/\/happyjokers.net\/wp-content\/uploads\/2026\/04\/HappyJokers-Login-Page.webp 1248w, https:\/\/happyjokers.net\/wp-content\/uploads\/2026\/04\/HappyJokers-Login-Page-300x129.webp 300w, https:\/\/happyjokers.net\/wp-content\/uploads\/2026\/04\/HappyJokers-Login-Page-1024x440.webp 1024w, https:\/\/happyjokers.net\/wp-content\/uploads\/2026\/04\/HappyJokers-Login-Page-768x330.webp 768w\" sizes=\"auto, (max-width: 1248px) 100vw, 1248px\" \/><\/p>\n<h2>Zaloguj si\u0119 i zarz\u0105dzaj swoim kontem Happyjokers<\/h2>\n<p>Zalogowanie si\u0119 na konto Happy Jokers to stosunkowo \u0142atwy proces, kt\u00f3ry zapewnia dost\u0119p do kompleksowego panelu u\u017cytkownika. Tutaj gracze mog\u0105 zarz\u0105dza\u0107 informacjami o koncie i aktywno\u015bci\u0105, monitorowa\u0107 bonusy, transakcje oraz dostosowywa\u0107 swoje wra\u017cenia z gry.<\/p>\n<h3>Jak zalogowa\u0107 si\u0119 za pomoc\u0105 aplikacji mobilnej<\/h3>\n<p>Zalogowanie si\u0119 do Happyjokers na urz\u0105dzeniu mobilnym jest \u0142atwiejsze, ni\u017c mog\u0142oby si\u0119 wydawa\u0107. Aby to zrobi\u0107:<\/p>\n<ol>\n<li>W prawym g\u00f3rnym rogu strony g\u0142\u00f3wnej znajd\u017a fioletowy przycisk \u201eZaloguj si\u0119\u201d.<\/li>\n<li>Wprowad\u017a zarejestrowany adres e-mail i has\u0142o, a nast\u0119pnie prze\u015blij swoje dane.<\/li>\n<\/ol>\n<p>Po zalogowaniu si\u0119 na konto masz do dyspozycji wiele gier i fajnych funkcji, z kt\u00f3rych mo\u017cesz skorzysta\u0107:<\/p>\n<ul>\n<li>Wyp\u0142ata wygranych: bezpiecznie zarz\u0105dzaj swoimi operacjami finansowymi dzi\u0119ki wielu oferowanym przez nas opcjom p\u0142atno\u015bci.<\/li>\n<li>Przegl\u0105daj histori\u0119 transakcji: Zobacz wszystkie ruchy swoich \u015brodk\u00f3w i \u0142atwo \u015bled\u017a swoje bonusy.<\/li>\n<li>Edytuj dane osobowe: Zmieniaj swoje dane osobowe, ustawienia konta i metody p\u0142atno\u015bci wed\u0142ug w\u0142asnego uznania.<\/li>\n<li>Zaktualizuj ustawienia bezpiecze\u0144stwa: w\u0142\u0105cz i wy\u0142\u0105cz uwierzytelnianie dwusk\u0142adnikowe (2FA), aby chroni\u0107 swoje konto i bezpiecznie logowa\u0107 si\u0119 do Happyjokers.<\/li>\n<li>Bierz udzia\u0142 w promocjach i turniejach: Uzyskaj dost\u0119p do bie\u017c\u0105cych wydarze\u0144 i odbierz bonusy.<\/li>\n<li>Zmiana ustawie\u0144 gry: Spersonalizuj swoj\u0105 rozgrywk\u0119 w Happyjokers, aby uzyska\u0107 wyj\u0105tkowe wra\u017cenia.<\/li>\n<\/ul>\n<h3>Zapomnia\u0142e\u015b has\u0142a?<\/h3>\n<p>Procedura odzyskiwania zapomnianego has\u0142a jest prosta i niezwykle bezpieczna. Nasz system posiada plan awaryjny na takie sytuacje:<\/p>\n<ol>\n<li>Po klikni\u0119ciu \u201eZaloguj si\u0119\u201d poni\u017cej formularza zobaczysz opcj\u0119 \u201eZapomnia\u0142e\u015b has\u0142a?\u201d. Kliknij na ni\u0105.<\/li>\n<li>Wpisz sw\u00f3j zarejestrowany adres e-mail.<\/li>\n<li>Post\u0119puj zgodnie z instrukcjami, kt\u00f3re wy\u015blemy na Twoj\u0105 skrzynk\u0119 e-mailow\u0105, aby odzyska\u0107 has\u0142o. Wystarczy klikn\u0105\u0107 link i ustawi\u0107 nowe has\u0142o.<\/li>\n<li>Utw\u00f3rz silne has\u0142o.<\/li>\n<\/ol>\n<p>Aby uzyska\u0107 dodatkowe wsparcie, po prostu napisz do naszego bota opartego na sztucznej inteligencji za po\u015brednictwem czatu na \u017cywo.<\/p>\n<h2>Weryfikacja w kasynie Happy Jokers<\/h2>\n<p>Weryfikacja w kasynie Happy Jokers to kluczowy i pierwszy krok, kt\u00f3ry gwarantuje bezpieczne \u015brodowisko gry oraz zgodno\u015b\u0107 z normami regulacyjnymi. Wszyscy gracze musz\u0105 j\u0105 przej\u015b\u0107, je\u015bli chc\u0105 dalej gra\u0107 i wygrywa\u0107 prawdziwe pieni\u0105dze.<\/p>\n<table>\n<tbody>\n<tr>\n<td>Krok<\/td>\n<td>Opis<\/td>\n<td>Wymagane dokumenty<\/td>\n<\/tr>\n<tr>\n<td>Weryfikacja to\u017csamo\u015bci<\/td>\n<td>Potwierd\u017a to\u017csamo\u015b\u0107 poprzez przes\u0142anie dokumentu.<\/td>\n<td>Paszport, prawo jazdy lub dow\u00f3d osobisty<\/td>\n<\/tr>\n<tr>\n<td>Weryfikacja p\u0142atno\u015bci<\/td>\n<td>Nale\u017cy zweryfikowa\u0107 \u017ar\u00f3d\u0142o pochodzenia \u015brodk\u00f3w przeznaczonych na wp\u0142aty.<\/td>\n<td>Aktualny wyci\u0105g bankowy lub potwierdzenie p\u0142atno\u015bci<\/td>\n<\/tr>\n<\/tbody>\n<\/table>\n<p>Utrzymanie unikalnego procesu weryfikacji u\u0142atwia graczom dokonywanie wp\u0142at, wyp\u0142at i odzyskiwanie kont, a jednocze\u015bnie chroni integralno\u015b\u0107 naszej platformy.<\/p>\n<h2>FAQ<\/h2>\n<h3>Czy historia logowa\u0144 jest dost\u0119pna do wgl\u0105du?<\/h3>\n<p>Zawsze mo\u017cesz uzyska\u0107 dost\u0119p do swojego osobistego panelu, aby zobaczy\u0107 wszystkie logowania i wylogowania z konta, a w ten spos\u00f3b b\u0119dziesz \u015bledzi\u0107 nie tylko swoje dzia\u0142ania, ale tak\u017ce wszelkie podejrzane aktywno\u015bci.<\/p>\n<h3>Czy dost\u0119pne jest uwierzytelnianie dwusk\u0142adnikowe?<\/h3>\n<p>Zdecydowanie zalecamy w\u0142\u0105czenie tej funkcji i u\u017cywanie telefonu do otrzymywania powiadomie\u0144 w celu potwierdzenia logowania do Happyjokers. W\u0142\u0105czenie uwierzytelniania dwusk\u0142adnikowego to zawsze \u015bwietny pomys\u0142, poniewa\u017c zapewnia dodatkow\u0105 warstw\u0119 bezpiecze\u0144stwa, wymagaj\u0105c kodu weryfikacyjnego z aplikacji mobilnej podczas logowania, chroni\u0105c w ten spos\u00f3b konta przed nieautoryzowanym dost\u0119pem i phishingiem.<\/p>\n<h3>Czy mog\u0119 za\u0142o\u017cy\u0107 wiele kont w waszym kasynie online?<\/h3>\n<p>Mamy \u015bcis\u0142\u0105 polityk\u0119, zgodnie z kt\u00f3r\u0105 ka\u017cdy gracz mo\u017ce posiada\u0107 tylko jedno konto. Weryfikujemy i sprawdzamy wszystkich klient\u00f3w pod k\u0105tem posiadania wielu kont na jednego u\u017cytkownika, aby zachowa\u0107 uczciwo\u015b\u0107 gry i zgodno\u015b\u0107 z normami prawnymi.<\/p>\n<h3>Co si\u0119 stanie, je\u015bli nie przejd\u0119 procesu weryfikacji?<\/h3>\n<p>Nie musisz si\u0119 tym zbytnio martwi\u0107 \u2014 po prostu przejd\u017a proces ponownie, uwzgl\u0119dniaj\u0105c wszystkie informacje, kt\u00f3re przesy\u0142amy w informacji zwrotnej od wieloj\u0119zycznego dzia\u0142u obs\u0142ugi klienta. Niepowodzenie w procesie weryfikacji mo\u017ce ograniczy\u0107 mo\u017cliwo\u015b\u0107 wyp\u0142at. W takich przypadkach nasi mened\u017cerowie pomog\u0105 w uzyskaniu dodatkowej dokumentacji.<\/p>\n<\/div><\/div><\/p>\n","protected":false},"excerpt":{"rendered":"<p>Logowanie do Happyjokers Aby wej\u015b\u0107 do naszego kasyna i uzyska\u0107 dost\u0119p do wszystkich funkcji, panelu u\u017cytkownika oraz gier, musisz wiedzie\u0107, jak wykona\u0107 Happyjokers login. Nasza niezawodna technologia oraz wersja mobilna z niesamowitymi elementami gamifikacji s\u0105 dost\u0119pne wy\u0142\u0105cznie dla zarejestrowanych u\u017cytkownik\u00f3w z Polski. Do dyspozycji masz dedykowany zesp\u00f3\u0142 obs\u0142ugi klienta, kt\u00f3ry pomo\u017ce Ci w kwestiach zwi\u0105zanych [&hellip;]<\/p>\n","protected":false},"author":1,"featured_media":0,"parent":0,"menu_order":0,"comment_status":"closed","ping_status":"closed","template":"template-builder.php","meta":{"_acf_changed":false,"inline_featured_image":false,"footnotes":""},"class_list":["post-1502","page","type-page","status-publish","hentry"],"acf":[],"yoast_head":"<!-- This site is optimized with the Yoast SEO plugin v27.3 - https:\/\/yoast.com\/product\/yoast-seo-wordpress\/ -->\n<title>Happyjokers Login: dost\u0119p do konta, rejestracja i resetowanie has\u0142a<\/title>\n<meta name=\"description\" content=\"Happyjokers Login pozwala szybko si\u0119 zalogowa\u0107 i wr\u00f3ci\u0107 do konta za pomoc\u0105 kilku klikni\u0119\u0107. Utw\u00f3rz nowy profil, przywr\u00f3\u0107 dost\u0119p za pomoc\u0105 opcji \u201eZapomnia\u0142e\u015b has\u0142a?\u201d i zarz\u0105dzaj swoim portfelem, wp\u0142atami i wyp\u0142atami oraz ustawieniami konta na wszystkich urz\u0105dzeniach.\" \/>\n<meta name=\"robots\" content=\"index, follow, max-snippet:-1, max-image-preview:large, max-video-preview:-1\" \/>\n<link rel=\"canonical\" href=\"https:\/\/happyjokers.net\/pl\/logowanie-i-rejestracja\/\" \/>\n<meta property=\"og:locale\" content=\"pl_PL\" \/>\n<meta property=\"og:type\" content=\"article\" \/>\n<meta property=\"og:title\" content=\"Happyjokers Login: dost\u0119p do konta, rejestracja i resetowanie has\u0142a\" \/>\n<meta property=\"og:description\" content=\"Happyjokers Login pozwala szybko si\u0119 zalogowa\u0107 i wr\u00f3ci\u0107 do konta za pomoc\u0105 kilku klikni\u0119\u0107. Utw\u00f3rz nowy profil, przywr\u00f3\u0107 dost\u0119p za pomoc\u0105 opcji \u201eZapomnia\u0142e\u015b has\u0142a?\u201d i zarz\u0105dzaj swoim portfelem, wp\u0142atami i wyp\u0142atami oraz ustawieniami konta na wszystkich urz\u0105dzeniach.\" \/>\n<meta property=\"og:url\" content=\"https:\/\/happyjokers.net\/pl\/logowanie-i-rejestracja\/\" \/>\n<meta property=\"og:site_name\" content=\"Happyjokers\" \/>\n<meta property=\"article:modified_time\" content=\"2026-04-07T12:23:00+00:00\" \/>\n<meta name=\"twitter:card\" content=\"summary_large_image\" \/>\n<meta name=\"twitter:label1\" content=\"Est. reading time\" \/>\n\t<meta name=\"twitter:data1\" content=\"1 minute\" \/>\n<script type=\"application\/ld+json\" class=\"yoast-schema-graph\">{\"@context\":\"https:\\\/\\\/schema.org\",\"@graph\":[{\"@type\":\"WebPage\",\"@id\":\"https:\\\/\\\/happyjokers.net\\\/pl\\\/logowanie-i-rejestracja\\\/\",\"url\":\"https:\\\/\\\/happyjokers.net\\\/pl\\\/logowanie-i-rejestracja\\\/\",\"name\":\"Happyjokers Login: dost\u0119p do konta, rejestracja i resetowanie has\u0142a\",\"isPartOf\":{\"@id\":\"https:\\\/\\\/happyjokers.net\\\/pl\\\/#website\"},\"datePublished\":\"2026-04-06T15:31:34+00:00\",\"dateModified\":\"2026-04-07T12:23:00+00:00\",\"description\":\"Happyjokers Login pozwala szybko si\u0119 zalogowa\u0107 i wr\u00f3ci\u0107 do konta za pomoc\u0105 kilku klikni\u0119\u0107. Utw\u00f3rz nowy profil, przywr\u00f3\u0107 dost\u0119p za pomoc\u0105 opcji \u201eZapomnia\u0142e\u015b has\u0142a?\u201d i zarz\u0105dzaj swoim portfelem, wp\u0142atami i wyp\u0142atami oraz ustawieniami konta na wszystkich urz\u0105dzeniach.\",\"breadcrumb\":{\"@id\":\"https:\\\/\\\/happyjokers.net\\\/pl\\\/logowanie-i-rejestracja\\\/#breadcrumb\"},\"inLanguage\":\"pl-PL\",\"potentialAction\":[{\"@type\":\"ReadAction\",\"target\":[\"https:\\\/\\\/happyjokers.net\\\/pl\\\/logowanie-i-rejestracja\\\/\"]}]},{\"@type\":\"BreadcrumbList\",\"@id\":\"https:\\\/\\\/happyjokers.net\\\/pl\\\/logowanie-i-rejestracja\\\/#breadcrumb\",\"itemListElement\":[{\"@type\":\"ListItem\",\"position\":1,\"name\":\"Happyjokers\",\"item\":\"https:\\\/\\\/happyjokers.net\\\/pl\\\/\"},{\"@type\":\"ListItem\",\"position\":2,\"name\":\"Logowanie i rejestracja\"}]},{\"@type\":\"WebSite\",\"@id\":\"https:\\\/\\\/happyjokers.net\\\/pl\\\/#website\",\"url\":\"https:\\\/\\\/happyjokers.net\\\/pl\\\/\",\"name\":\"Happyjokers\",\"description\":\"\",\"publisher\":{\"@id\":\"https:\\\/\\\/happyjokers.net\\\/pl\\\/#organization\"},\"potentialAction\":[{\"@type\":\"SearchAction\",\"target\":{\"@type\":\"EntryPoint\",\"urlTemplate\":\"https:\\\/\\\/happyjokers.net\\\/pl\\\/?s={search_term_string}\"},\"query-input\":{\"@type\":\"PropertyValueSpecification\",\"valueRequired\":true,\"valueName\":\"search_term_string\"}}],\"inLanguage\":\"pl-PL\"},{\"@type\":\"Organization\",\"@id\":\"https:\\\/\\\/happyjokers.net\\\/pl\\\/#organization\",\"name\":\"Happyjokers\",\"url\":\"https:\\\/\\\/happyjokers.net\\\/pl\\\/\",\"logo\":{\"@type\":\"ImageObject\",\"inLanguage\":\"pl-PL\",\"@id\":\"https:\\\/\\\/happyjokers.net\\\/pl\\\/#\\\/schema\\\/logo\\\/image\\\/\",\"url\":\"https:\\\/\\\/happyjokers.net\\\/wp-content\\\/uploads\\\/2026\\\/04\\\/Casino-Logo-Desktop-1.png\",\"contentUrl\":\"https:\\\/\\\/happyjokers.net\\\/wp-content\\\/uploads\\\/2026\\\/04\\\/Casino-Logo-Desktop-1.png\",\"width\":237,\"height\":91,\"caption\":\"Happyjokers\"},\"image\":{\"@id\":\"https:\\\/\\\/happyjokers.net\\\/pl\\\/#\\\/schema\\\/logo\\\/image\\\/\"}}]}<\/script>\n<!-- \/ Yoast SEO plugin. -->","yoast_head_json":{"title":"Happyjokers Login: dost\u0119p do konta, rejestracja i resetowanie has\u0142a","description":"Happyjokers Login pozwala szybko si\u0119 zalogowa\u0107 i wr\u00f3ci\u0107 do konta za pomoc\u0105 kilku klikni\u0119\u0107. Utw\u00f3rz nowy profil, przywr\u00f3\u0107 dost\u0119p za pomoc\u0105 opcji \u201eZapomnia\u0142e\u015b has\u0142a?\u201d i zarz\u0105dzaj swoim portfelem, wp\u0142atami i wyp\u0142atami oraz ustawieniami konta na wszystkich urz\u0105dzeniach.","robots":{"index":"index","follow":"follow","max-snippet":"max-snippet:-1","max-image-preview":"max-image-preview:large","max-video-preview":"max-video-preview:-1"},"canonical":"https:\/\/happyjokers.net\/pl\/logowanie-i-rejestracja\/","og_locale":"pl_PL","og_type":"article","og_title":"Happyjokers Login: dost\u0119p do konta, rejestracja i resetowanie has\u0142a","og_description":"Happyjokers Login pozwala szybko si\u0119 zalogowa\u0107 i wr\u00f3ci\u0107 do konta za pomoc\u0105 kilku klikni\u0119\u0107. Utw\u00f3rz nowy profil, przywr\u00f3\u0107 dost\u0119p za pomoc\u0105 opcji \u201eZapomnia\u0142e\u015b has\u0142a?\u201d i zarz\u0105dzaj swoim portfelem, wp\u0142atami i wyp\u0142atami oraz ustawieniami konta na wszystkich urz\u0105dzeniach.","og_url":"https:\/\/happyjokers.net\/pl\/logowanie-i-rejestracja\/","og_site_name":"Happyjokers","article_modified_time":"2026-04-07T12:23:00+00:00","twitter_card":"summary_large_image","twitter_misc":{"Est. reading time":"1 minute"},"schema":{"@context":"https:\/\/schema.org","@graph":[{"@type":"WebPage","@id":"https:\/\/happyjokers.net\/pl\/logowanie-i-rejestracja\/","url":"https:\/\/happyjokers.net\/pl\/logowanie-i-rejestracja\/","name":"Happyjokers Login: dost\u0119p do konta, rejestracja i resetowanie has\u0142a","isPartOf":{"@id":"https:\/\/happyjokers.net\/pl\/#website"},"datePublished":"2026-04-06T15:31:34+00:00","dateModified":"2026-04-07T12:23:00+00:00","description":"Happyjokers Login pozwala szybko si\u0119 zalogowa\u0107 i wr\u00f3ci\u0107 do konta za pomoc\u0105 kilku klikni\u0119\u0107. Utw\u00f3rz nowy profil, przywr\u00f3\u0107 dost\u0119p za pomoc\u0105 opcji \u201eZapomnia\u0142e\u015b has\u0142a?\u201d i zarz\u0105dzaj swoim portfelem, wp\u0142atami i wyp\u0142atami oraz ustawieniami konta na wszystkich urz\u0105dzeniach.","breadcrumb":{"@id":"https:\/\/happyjokers.net\/pl\/logowanie-i-rejestracja\/#breadcrumb"},"inLanguage":"pl-PL","potentialAction":[{"@type":"ReadAction","target":["https:\/\/happyjokers.net\/pl\/logowanie-i-rejestracja\/"]}]},{"@type":"BreadcrumbList","@id":"https:\/\/happyjokers.net\/pl\/logowanie-i-rejestracja\/#breadcrumb","itemListElement":[{"@type":"ListItem","position":1,"name":"Happyjokers","item":"https:\/\/happyjokers.net\/pl\/"},{"@type":"ListItem","position":2,"name":"Logowanie i rejestracja"}]},{"@type":"WebSite","@id":"https:\/\/happyjokers.net\/pl\/#website","url":"https:\/\/happyjokers.net\/pl\/","name":"Happyjokers","description":"","publisher":{"@id":"https:\/\/happyjokers.net\/pl\/#organization"},"potentialAction":[{"@type":"SearchAction","target":{"@type":"EntryPoint","urlTemplate":"https:\/\/happyjokers.net\/pl\/?s={search_term_string}"},"query-input":{"@type":"PropertyValueSpecification","valueRequired":true,"valueName":"search_term_string"}}],"inLanguage":"pl-PL"},{"@type":"Organization","@id":"https:\/\/happyjokers.net\/pl\/#organization","name":"Happyjokers","url":"https:\/\/happyjokers.net\/pl\/","logo":{"@type":"ImageObject","inLanguage":"pl-PL","@id":"https:\/\/happyjokers.net\/pl\/#\/schema\/logo\/image\/","url":"https:\/\/happyjokers.net\/wp-content\/uploads\/2026\/04\/Casino-Logo-Desktop-1.png","contentUrl":"https:\/\/happyjokers.net\/wp-content\/uploads\/2026\/04\/Casino-Logo-Desktop-1.png","width":237,"height":91,"caption":"Happyjokers"},"image":{"@id":"https:\/\/happyjokers.net\/pl\/#\/schema\/logo\/image\/"}}]}},"_links":{"self":[{"href":"https:\/\/happyjokers.net\/pl\/wp-json\/wp\/v2\/pages\/1502","targetHints":{"allow":["GET"]}}],"collection":[{"href":"https:\/\/happyjokers.net\/pl\/wp-json\/wp\/v2\/pages"}],"about":[{"href":"https:\/\/happyjokers.net\/pl\/wp-json\/wp\/v2\/types\/page"}],"author":[{"embeddable":true,"href":"https:\/\/happyjokers.net\/pl\/wp-json\/wp\/v2\/users\/1"}],"replies":[{"embeddable":true,"href":"https:\/\/happyjokers.net\/pl\/wp-json\/wp\/v2\/comments?post=1502"}],"version-history":[{"count":2,"href":"https:\/\/happyjokers.net\/pl\/wp-json\/wp\/v2\/pages\/1502\/revisions"}],"predecessor-version":[{"id":1759,"href":"https:\/\/happyjokers.net\/pl\/wp-json\/wp\/v2\/pages\/1502\/revisions\/1759"}],"wp:attachment":[{"href":"https:\/\/happyjokers.net\/pl\/wp-json\/wp\/v2\/media?parent=1502"}],"curies":[{"name":"wp","href":"https:\/\/api.w.org\/{rel}","templated":true}]}}