{"id":1462,"date":"2026-04-06T16:27:21","date_gmt":"2026-04-06T15:27:21","guid":{"rendered":"https:\/\/happyjokers.net\/app\/"},"modified":"2026-04-07T13:20:49","modified_gmt":"2026-04-07T12:20:49","slug":"aplikacja","status":"publish","type":"page","link":"https:\/\/happyjokers.net\/pl\/aplikacja\/","title":{"rendered":"Aplikacja"},"content":{"rendered":"<h1>Aplikacja Happyjokers: mobilne gry kasynowe<\/h1>\n<p>Je\u015bli potrzebujesz dost\u0119pu do ogromnego katalogu ponad 6 000 tytu\u0142\u00f3w naszego kasyna z urz\u0105dzenia mobilnego, nie szukaj dalej, poniewa\u017c potrzebujesz Happyjokers app. Oferujemy wszystkim polskim graczom dynamiczne turnieje i fajne funkcje, kt\u00f3re mog\u0105 przynie\u015b\u0107 Ci mn\u00f3stwo pieni\u0119dzy. Nasza aplikacja ma wszystko, czego potrzebujesz: mobilno\u015b\u0107, szybko\u015b\u0107, bezpiecze\u0144stwo i przeno\u015bny design, kt\u00f3ry przenosi wra\u017cenia z gry na wy\u017cszy poziom. Zawsze mo\u017cesz gra\u0107 z nami w gry na \u017cywo, cieszy\u0107 si\u0119 automatami i kr\u0119ci\u0107 Ko\u0142em Fortuny \u2014 a wszystko to w po\u0142\u0105czeniu z ekskluzywnymi promocjami i wydarzeniami w Happy Jokers Casino.<\/p>\n<div class=\"banner-wrap\" aria-label=\"Banner\"><img src=\"https:\/\/happyjokers.net\/wp-content\/uploads\/2026\/04\/Banner-Desktop.webp\" class=\"w-100 d-none d-lg-block img-pc main-banner-img\" alt=\"Banner Desktop\" fetchpriority=\"high\" decoding=\"async\"><img src=\"https:\/\/happyjokers.net\/wp-content\/uploads\/2026\/04\/Banner-mobile.webp\" class=\"w-100 d-none d-md-block d-lg-none main-banner-img\" alt=\"Banner mobile\" fetchpriority=\"high\" decoding=\"async\"><img src=\"https:\/\/happyjokers.net\/wp-content\/uploads\/2026\/04\/Banner-mobile.webp\" class=\"w-100 d-md-none\" alt=\"Banner mobile\" fetchpriority=\"high\" decoding=\"async\"><div class=\"banner-description\">\n<div class=\"banner-title\">Bonusy powitalne<\/div>\n<p class=\"banner-header-title\">1 500 \u20ac<\/p>\n<div class=\"banner-header-AdditionalText\">+ 250 Darmowe spiny<\/div>\n<button data-item=\"homepage_banner_link\" class=\"goto m-button m-gradient-border m-button--primary m-button--large banner-button btn-orange\">\n            <div class=\"m-button-content\">\n                <span>Zarejestruj si\u0119 teraz<\/span>\n                <span><\/span>\n            <\/div>\n        <\/button>\n<\/div>\n<div class=\"WelcomePack\">\n<p><img loading=\"lazy\" decoding=\"async\" class=\"alignnone size-full wp-image-1533\" src=\"https:\/\/happyjokers.net\/wp-content\/uploads\/welcome-crown-1.png\" alt=\"welcome crown\" width=\"25\" height=\"26\" \/><\/p>\n<div class=\"WelcomePack-Info\">Cotygodniowy zwrot got\u00f3wki do 25%<\/div>\n<p><img loading=\"lazy\" decoding=\"async\" class=\"alignnone size-full wp-image-1533\" src=\"https:\/\/happyjokers.net\/wp-content\/uploads\/welcome-crown-1.png\" alt=\"welcome crown\" width=\"25\" height=\"26\" \/><\/p>\n<\/div>\n<\/div>\n<h2>Zalety i funkcje aplikacji Happyjokers<\/h2>\n<p>Zoptymalizowana wydajno\u015b\u0107 naszej aplikacji PWA jest naprawd\u0119 imponuj\u0105ca. \u0141\u0105czymy doskona\u0142\u0105 funkcjonalno\u015b\u0107 z \u0142atwym w obs\u0142udze, intuicyjnym interfejsem \u2013 wszystko w jednej aplikacji. Gwarantujemy p\u0142ynne \u015brodowisko gry, kt\u00f3re jest nawet lepsze ni\u017c tradycyjna gra na komputerze stacjonarnym.<\/p>\n<p>Mo\u017cesz cieszy\u0107 si\u0119 p\u0142ynnym dzia\u0142aniem na wszystkich swoich urz\u0105dzeniach mobilnych, poniewa\u017c specjalnie w tym celu dostosowali\u015bmy wygl\u0105d oprogramowania. Aplikacja Happyjokers zapewnia pe\u0142n\u0105 mobilno\u015b\u0107, \u0142atw\u0105 nawigacj\u0119 i dost\u0119p do wszystkich gier na \u017cywo oraz standardowych gier. Mo\u017cesz r\u00f3wnie\u017c cieszy\u0107 si\u0119:<\/p>\n<ul>\n<li>szybkiego czasu \u0142adowania na ka\u017cdym urz\u0105dzeniu;<\/li>\n<li>wysokim poziomem ochrony;<\/li>\n<li>grafik\u0105 3D i rozdzielczo\u015bci\u0105 HD w ka\u017cdej grze.<\/li>\n<\/ul>\n<p>Aplikacja Happyjokers Casino jest wyj\u0105tkowa, ale pasuje do wszystkich fan\u00f3w kasyn, nawet pocz\u0105tkuj\u0105cych. Profesjonalni gracze i gracze graj\u0105cy o wysokie stawki mog\u0105 cieszy\u0107 si\u0119 ni\u0105 w r\u00f3wnym stopniu, poniewa\u017c z pewno\u015bci\u0105 doceni\u0105 wszechstronno\u015b\u0107 i inteligentne funkcje platformy.<\/p>\n<table>\n<tbody>\n<tr>\n<td>Funkcja<\/td>\n<td>Platforma na komputery stacjonarne<\/td>\n<td>Aplikacja Happyjokers<\/td>\n<td>Zalety gry na urz\u0105dzeniach mobilnych<\/td>\n<\/tr>\n<tr>\n<td>Dost\u0119pno\u015b\u0107<\/td>\n<td>Wymaga komputera stacjonarnego lub laptopa<\/td>\n<td>Dost\u0119pna na smartfonach i tabletach<\/td>\n<td>Graj w podr\u00f3\u017cy<\/td>\n<\/tr>\n<tr>\n<td>Wydajno\u015b\u0107<\/td>\n<td>Zale\u017cy od sprz\u0119tu i pr\u0119dko\u015bci internetu<\/td>\n<td>Zoptymalizowane pod k\u0105tem szybko\u015bci i p\u0142ynno\u015bci<\/td>\n<td>Szybsze \u0142adowanie i p\u0142ynniejsza rozgrywka<\/td>\n<\/tr>\n<tr>\n<td>Nawigacja<\/td>\n<td>Pe\u0142ne menu i szczeg\u00f3\u0142owy interfejs<\/td>\n<td>Uproszczony uk\u0142ad dostosowany do ekran\u00f3w dotykowych<\/td>\n<td>\u0141atwiejsza nawigacja, zw\u0142aszcza na mniejszych ekranach<\/td>\n<\/tr>\n<tr>\n<td>Bezpiecze\u0144stwo<\/td>\n<td>Standardowe protoko\u0142y bezpiecze\u0144stwa online<\/td>\n<td>Zaawansowane szyfrowanie i bezpieczne logowanie<\/td>\n<td>Zapewnia bezpiecze\u0144stwo podczas transakcji i rozgrywki<\/td>\n<\/tr>\n<\/tbody>\n<\/table>\n<p><div class=\"scrollable-content-wrap my-5\"><div class=\"scrollable-content-inner\"><h2>Aplikacja mobilna na iOS<\/h2>\n<p>Dla posiadaczy produkt\u00f3w Apple stworzyli\u015bmy aplikacj\u0119 Happyjokers specjalnie dostosowan\u0105 do ich potrzeb. Bez zb\u0119dnych i rozbudowanych plik\u00f3w do pobrania, kt\u00f3re zapychaj\u0105 pami\u0119\u0107 Twojego iPhone&#8217;a, mo\u017cesz korzysta\u0107 z naszej wersji mobilnej na stronie. Aplikacja zosta\u0142a opracowana jako progresywna aplikacja internetowa (PWA) i tak dobrze j\u0105 zaprojektowali\u015bmy, \u017ce zapewnia szybki dost\u0119p bez \u017cadnych problem\u00f3w.<\/p>\n<p>Nasza wersja na iOS jest naprawd\u0119 przydatna, poniewa\u017c stawia na szybko\u015b\u0107, bezpiecze\u0144stwo (wdro\u017cyli\u015bmy najnowsze szyfrowanie TLS 1.3), nieprzerwan\u0105 wydajno\u015b\u0107 i gry, dzi\u0119ki czemu mo\u017cesz cieszy\u0107 si\u0119 prawdziw\u0105 atmosfer\u0105 mobilnego kasyna na swoim iPhonie i iPadzie.<\/p>\n<p>Mo\u017cesz mie\u0107 pewno\u015b\u0107, \u017ce jeste\u015b na bie\u017c\u0105co z najnowszymi trendami w hazardzie mobilnym i niczego nie przegapisz. Wszystkie funkcje i ulepszenia pe\u0142nej wersji s\u0105 w pe\u0142ni wbudowane, wi\u0119c praktycznie nie ma r\u00f3\u017cnicy mi\u0119dzy kasynem Happyjokers na komputery stacjonarne a wersj\u0105 mobiln\u0105. Mo\u017cesz efektywnie zarz\u0105dza\u0107 swoim kontem i pulpitem nawigacyjnym oraz bez problemu \u0142adowa\u0107 gry, takie jak Coin Strike: Hold and Win od Playson, Sic Bo od ICONIC21 czy Bac Bo od Evolution \u2014 wszystkie dzia\u0142aj\u0105 dobrze i s\u0105 teraz na topie!<\/p>\n<p><img loading=\"lazy\" decoding=\"async\" src=\"https:\/\/happyjokers.net\/wp-content\/uploads\/2026\/04\/HappyJokers-iOS.webp\" alt=\"HappyJokers iOS\" width=\"1248\" height=\"536\" \/><\/p>\n<\/div><\/div><div style=\"clear: both\"><\/div><div class=\"d-flex justify-content-center\"><button data-item=\"decouvrez_link\" data-group=\"website_links\" class=\"goto fw-bold rounded-pill btn btn-orange\" aria-label=\"Pobierz aplikacj\u0119 HappyJokers\" >Pobierz aplikacj\u0119 HappyJokers<\/button><\/div><div class=\"scrollable-content-wrap my-5\"><div class=\"scrollable-content-inner\"><h2>Aplikacja Happyjokers na Androida<\/h2>\n<p>Wersja aplikacji kasyna Happy Jokers dla u\u017cytkownik\u00f3w Androida jest r\u00f3wnie\u017c aplikacj\u0105 PWA. Nasze oprogramowanie jest w pe\u0142ni kompatybilne z r\u00f3\u017cnymi telefonami i tabletami, dzi\u0119ki czemu mo\u017cesz mie\u0107 pewno\u015b\u0107, \u017ce Twoje do\u015bwiadczenie nie b\u0119dzie zak\u0142\u00f3cane op\u00f3\u017anieniami ani awariami.<\/p>\n<p>Mo\u017cesz zainstalowa\u0107 nasz\u0105 aplikacj\u0119 i nie musisz martwi\u0107 si\u0119 o aktualizacje, poniewa\u017c odbywa si\u0119 to automatycznie, w tle, bez \u017cadnej interwencji z Twojej strony. Oto inne zalety:<\/p>\n<ul>\n<li>Nie obci\u0105\u017ca baterii telefonu, a wiemy, \u017ce jest to kluczowe dla graczy korzystaj\u0105cych z Androida.<\/li>\n<li>Mo\u017cesz p\u0142ynnie porusza\u0107 si\u0119 po r\u00f3\u017cnych kategoriach gier Happyjokers Casino \u2014 Books kolekcja, Bonus Buy, Drops &amp; Wins, Instant Wins, Jackpots i wielu innych \u2014 a tak\u017ce sprawdza\u0107 promocje i turnieje oraz aktualizowa\u0107 ustawienia konta.<\/li>\n<\/ul>\n<p>Mamy nadziej\u0119, \u017ce dasz szans\u0119 aplikacji Happyjokers i sam przekonasz si\u0119, \u017ce mo\u017cesz cieszy\u0107 si\u0119 pe\u0142n\u0105 gam\u0105 funkcji naszego kasyna na dowolnym urz\u0105dzeniu z systemem Android bez \u017cadnych zak\u0142\u00f3ce\u0144.<\/p>\n<p><img loading=\"lazy\" decoding=\"async\" src=\"https:\/\/happyjokers.net\/wp-content\/uploads\/2026\/04\/HappyJokers-Android.webp\" alt=\"HappyJokers Android\" width=\"1248\" height=\"536\" \/><\/p>\n<\/div><\/div><div style=\"clear: both\"><\/div><div class=\"d-flex justify-content-center\"><button data-item=\"decouvrez_link\" data-group=\"website_links\" class=\"goto fw-bold rounded-pill btn btn-orange\" aria-label=\"Pobierz aplikacj\u0119 HappyJokers\" >Pobierz aplikacj\u0119 HappyJokers<\/button><\/div><div class=\"scrollable-content-wrap my-5\"><div class=\"scrollable-content-inner\"><h2>Graj w Happy Jokers Casino na komputerze Mac lub Windows<\/h2>\n<p>Je\u015bli jednak smartfony nie s\u0105 w Twoim gu\u015bcie i wolisz gra\u0107 na du\u017cym ekranie swojego komputera, to wersja kasyna Happy Jokers na komputery stacjonarne jest dok\u0142adnie tym, czego potrzebujesz. Mamy dedykowan\u0105 opcj\u0119 dla system\u00f3w operacyjnych Mac i Windows.<\/p>\n<p>Zanurzysz si\u0119 ca\u0142kowicie w cyfrowym \u015bwiecie hazardu, czuj\u0105c realistyczn\u0105 atmosfer\u0119 kasyna, wchodz\u0105c w interakcj\u0119 z profesjonalnymi krupierami i korzystaj\u0105c z pomocy zespo\u0142u wsparcia poprzez czat na \u017cywo.<\/p>\n<p>Dodali\u015bmy r\u00f3wnie\u017c takie funkcje, jak:<\/p>\n<ul>\n<li>Szybka rejestracja i logowanie;<\/li>\n<li>Kompleksowa nawigacja po stronie i zak\u0142adkach;<\/li>\n<li>Wygodny proces weryfikacji KYC;<\/li>\n<li>Bezpieczne wp\u0142aty i wyp\u0142aty.<\/li>\n<\/ul>\n<p>Wszystkie nasze wersje, w tym PWA, s\u0105 wygodne dla wszystkich graczy. Z rado\u015bci\u0105 informujemy, \u017ce rejestracja u nas oznacza dla Ciebie same korzy\u015bci. Wersja na komputery stacjonarne jest idealna dla mi\u0142o\u015bnik\u00f3w du\u017cych ekran\u00f3w, poniewa\u017c posiada funkcj\u0119 rozci\u0105gania wymiar\u00f3w oraz bardziej szczeg\u00f3\u0142owy interfejs gry, zapewniaj\u0105c wra\u017cenia na najwy\u017cszym poziomie.<\/p>\n<h2>Jak zainstalowa\u0107 aplikacj\u0119 Happy Jokers na dowolnym urz\u0105dzeniu<\/h2>\n<p>W zale\u017cno\u015bci od modelu urz\u0105dzenia lub tabletu, aby pobra\u0107 aplikacj\u0119 Happyjokers, nale\u017cy wykona\u0107 kilka prostych czynno\u015bci:<\/p>\n<ul>\n<li>W przypadku telefon\u00f3w z systemem iOS: Musisz wej\u015b\u0107 na nasz\u0105 stron\u0119 internetow\u0105 na urz\u0105dzeniu mobilnym i doda\u0107 skr\u00f3t do ekranu g\u0142\u00f3wnego. Nasza aplikacja PWA \u0142aduje si\u0119 natychmiast, wi\u0119c w ci\u0105gu sekundy zobaczysz ikon\u0119.<\/li>\n<li>Urz\u0105dzenia z systemem Android: Na stronie g\u0142\u00f3wnej kasyna Happyjokers kliknij przycisk \u201eAplikacja kasyna\u201d, a nast\u0119pnie kontynuuj instalacj\u0119.<\/li>\n<li>Komputery stacjonarne z systemem Windows i Mac: Mo\u017cesz korzysta\u0107 z naszej strony bezpo\u015brednio w przegl\u0105darce. W ustawieniach wybierz opcj\u0119 \u201eDodaj do ekranu g\u0142\u00f3wnego\u201d, aby uzyska\u0107 szybszy dost\u0119p i od razu gra\u0107 w nasze gry.<\/li>\n<\/ul>\n<p>Nasza aplikacja PWA mo\u017ce by\u0107 uruchamiana w ka\u017cdej nowoczesnej przegl\u0105darce, w tym Safari, Chrome i Firefox. Po prostu przejd\u017a do dowolnej strony Happyjokers i dodaj aplikacj\u0119 do ekranu g\u0142\u00f3wnego lub pulpitu, aby uzyska\u0107 natychmiastowy dost\u0119p.<\/p>\n<h2><img loading=\"lazy\" decoding=\"async\" src=\"https:\/\/happyjokers.net\/wp-content\/uploads\/2026\/04\/HappyJokers-Desktop.webp\" alt=\"HappyJokers Desktop\" width=\"1248\" height=\"536\" \/><\/h2>\n<\/div><\/div><div style=\"clear: both\"><\/div><div class=\"d-flex justify-content-center\"><button data-item=\"decouvrez_link\" data-group=\"website_links\" class=\"goto fw-bold rounded-pill btn btn-orange\" aria-label=\"Pobierz aplikacj\u0119 HappyJokers\" >Pobierz aplikacj\u0119 HappyJokers<\/button><\/div><div class=\"scrollable-content-wrap my-5\"><div class=\"scrollable-content-inner\"><h2>FAQ<\/h2>\n<h3>Czy moje saldo jest synchronizowane w czasie rzeczywistym na wszystkich urz\u0105dzeniach?<\/h3>\n<p>Podczas gry w Happy Jokers Casino wszystko jest zawsze zsynchronizowane na wszystkich Twoich urz\u0105dzeniach \u2014 aktywno\u015b\u0107 na pulpicie nawigacyjnym, historia gier i transakcji. Otrzymujesz r\u00f3wnie\u017c powiadomienia push w czasie rzeczywistym.<\/p>\n<h3>Czy do korzystania z aplikacji mobilnej wymagane jest utworzenie konta?<\/h3>\n<p>Je\u015bli chcesz tylko zapozna\u0107 si\u0119 z grami w trybie demo, nie musisz rejestrowa\u0107 si\u0119 w Happyjokers Casino. Je\u015bli jednak Twoim celem jest wygrywanie ogromnych nagr\u00f3d, rywalizacja z innymi graczami i wykazanie si\u0119 swoimi umiej\u0119tno\u015bciami, zapraszamy do za\u0142o\u017cenia konta.<\/p>\n<h3>Jak mog\u0119 zaktualizowa\u0107 aplikacj\u0119 Happy Jokers?<\/h3>\n<p>Aplikacja aktualizuje si\u0119 automatycznie. Nie musisz nic robi\u0107, wi\u0119c nie tra\u0107 czasu na szukanie rozwi\u0105zania w ustawieniach. Zawsze b\u0119dziesz mie\u0107 najlepsz\u0105 i najnowsz\u0105 wersj\u0119 aplikacji z zabezpieczeniami i ulepszonymi funkcjami.<\/p>\n<h3>Czy wszystkie gry s\u0105 dost\u0119pne w aplikacji?<\/h3>\n<p>Wszystkie funkcje i gry s\u0105 dost\u0119pne w wersji mobilnej, tak samo jak na komputerze. Mo\u017cesz cieszy\u0107 si\u0119 wszystkimi popularnymi automatami online, grami karcianymi, bonusami, natychmiastowymi wygranymi i innymi modnymi tytu\u0142ami. Platforma jest regularnie aktualizowana o nowe wydania, zapewniaj\u0105c wszechstronne wra\u017cenia.<\/p>\n<\/div><\/div><\/p>\n","protected":false},"excerpt":{"rendered":"<p>Aplikacja Happyjokers: mobilne gry kasynowe Je\u015bli potrzebujesz dost\u0119pu do ogromnego katalogu ponad 6 000 tytu\u0142\u00f3w naszego kasyna z urz\u0105dzenia mobilnego, nie szukaj dalej, poniewa\u017c potrzebujesz Happyjokers app. Oferujemy wszystkim polskim graczom dynamiczne turnieje i fajne funkcje, kt\u00f3re mog\u0105 przynie\u015b\u0107 Ci mn\u00f3stwo pieni\u0119dzy. Nasza aplikacja ma wszystko, czego potrzebujesz: mobilno\u015b\u0107, szybko\u015b\u0107, bezpiecze\u0144stwo i przeno\u015bny design, kt\u00f3ry [&hellip;]<\/p>\n","protected":false},"author":1,"featured_media":0,"parent":0,"menu_order":0,"comment_status":"closed","ping_status":"closed","template":"template-builder.php","meta":{"_acf_changed":false,"inline_featured_image":false,"footnotes":""},"class_list":["post-1462","page","type-page","status-publish","hentry"],"acf":[],"yoast_head":"<!-- This site is optimized with the Yoast SEO plugin v27.3 - https:\/\/yoast.com\/product\/yoast-seo-wordpress\/ -->\n<title>Happyjokers App: dost\u0119p do kasyna na iOS i Androida<\/title>\n<meta name=\"description\" content=\"Happyjokers App to szybka, progresywna aplikacja internetowa (PWA) na iOS i Androida z uk\u0142adem przypominaj\u0105cym aplikacj\u0119, szybkim \u0142adowaniem i powiadomieniami push \u2013 bez APK, Play Store i App Store. U\u017cywaj tego samego loginu na wszystkich urz\u0105dzeniach, a tak\u017ce opcji aplikacji internetowej dla system\u00f3w Windows i Mac.\" \/>\n<meta name=\"robots\" content=\"index, follow, max-snippet:-1, max-image-preview:large, max-video-preview:-1\" \/>\n<link rel=\"canonical\" href=\"https:\/\/happyjokers.net\/pl\/aplikacja\/\" \/>\n<meta property=\"og:locale\" content=\"pl_PL\" \/>\n<meta property=\"og:type\" content=\"article\" \/>\n<meta property=\"og:title\" content=\"Happyjokers App: dost\u0119p do kasyna na iOS i Androida\" \/>\n<meta property=\"og:description\" content=\"Happyjokers App to szybka, progresywna aplikacja internetowa (PWA) na iOS i Androida z uk\u0142adem przypominaj\u0105cym aplikacj\u0119, szybkim \u0142adowaniem i powiadomieniami push \u2013 bez APK, Play Store i App Store. U\u017cywaj tego samego loginu na wszystkich urz\u0105dzeniach, a tak\u017ce opcji aplikacji internetowej dla system\u00f3w Windows i Mac.\" \/>\n<meta property=\"og:url\" content=\"https:\/\/happyjokers.net\/pl\/aplikacja\/\" \/>\n<meta property=\"og:site_name\" content=\"Happyjokers\" \/>\n<meta property=\"article:modified_time\" content=\"2026-04-07T12:20:49+00:00\" \/>\n<meta name=\"twitter:card\" content=\"summary_large_image\" \/>\n<meta name=\"twitter:label1\" content=\"Est. reading time\" \/>\n\t<meta name=\"twitter:data1\" content=\"2 minutes\" \/>\n<script type=\"application\/ld+json\" class=\"yoast-schema-graph\">{\"@context\":\"https:\\\/\\\/schema.org\",\"@graph\":[{\"@type\":\"WebPage\",\"@id\":\"https:\\\/\\\/happyjokers.net\\\/pl\\\/aplikacja\\\/\",\"url\":\"https:\\\/\\\/happyjokers.net\\\/pl\\\/aplikacja\\\/\",\"name\":\"Happyjokers App: dost\u0119p do kasyna na iOS i Androida\",\"isPartOf\":{\"@id\":\"https:\\\/\\\/happyjokers.net\\\/pl\\\/#website\"},\"datePublished\":\"2026-04-06T15:27:21+00:00\",\"dateModified\":\"2026-04-07T12:20:49+00:00\",\"description\":\"Happyjokers App to szybka, progresywna aplikacja internetowa (PWA) na iOS i Androida z uk\u0142adem przypominaj\u0105cym aplikacj\u0119, szybkim \u0142adowaniem i powiadomieniami push \u2013 bez APK, Play Store i App Store. U\u017cywaj tego samego loginu na wszystkich urz\u0105dzeniach, a tak\u017ce opcji aplikacji internetowej dla system\u00f3w Windows i Mac.\",\"breadcrumb\":{\"@id\":\"https:\\\/\\\/happyjokers.net\\\/pl\\\/aplikacja\\\/#breadcrumb\"},\"inLanguage\":\"pl-PL\",\"potentialAction\":[{\"@type\":\"ReadAction\",\"target\":[\"https:\\\/\\\/happyjokers.net\\\/pl\\\/aplikacja\\\/\"]}]},{\"@type\":\"BreadcrumbList\",\"@id\":\"https:\\\/\\\/happyjokers.net\\\/pl\\\/aplikacja\\\/#breadcrumb\",\"itemListElement\":[{\"@type\":\"ListItem\",\"position\":1,\"name\":\"Happyjokers\",\"item\":\"https:\\\/\\\/happyjokers.net\\\/pl\\\/\"},{\"@type\":\"ListItem\",\"position\":2,\"name\":\"Aplikacja\"}]},{\"@type\":\"WebSite\",\"@id\":\"https:\\\/\\\/happyjokers.net\\\/pl\\\/#website\",\"url\":\"https:\\\/\\\/happyjokers.net\\\/pl\\\/\",\"name\":\"Happyjokers\",\"description\":\"\",\"publisher\":{\"@id\":\"https:\\\/\\\/happyjokers.net\\\/pl\\\/#organization\"},\"potentialAction\":[{\"@type\":\"SearchAction\",\"target\":{\"@type\":\"EntryPoint\",\"urlTemplate\":\"https:\\\/\\\/happyjokers.net\\\/pl\\\/?s={search_term_string}\"},\"query-input\":{\"@type\":\"PropertyValueSpecification\",\"valueRequired\":true,\"valueName\":\"search_term_string\"}}],\"inLanguage\":\"pl-PL\"},{\"@type\":\"Organization\",\"@id\":\"https:\\\/\\\/happyjokers.net\\\/pl\\\/#organization\",\"name\":\"Happyjokers\",\"url\":\"https:\\\/\\\/happyjokers.net\\\/pl\\\/\",\"logo\":{\"@type\":\"ImageObject\",\"inLanguage\":\"pl-PL\",\"@id\":\"https:\\\/\\\/happyjokers.net\\\/pl\\\/#\\\/schema\\\/logo\\\/image\\\/\",\"url\":\"https:\\\/\\\/happyjokers.net\\\/wp-content\\\/uploads\\\/2026\\\/04\\\/Casino-Logo-Desktop-1.png\",\"contentUrl\":\"https:\\\/\\\/happyjokers.net\\\/wp-content\\\/uploads\\\/2026\\\/04\\\/Casino-Logo-Desktop-1.png\",\"width\":237,\"height\":91,\"caption\":\"Happyjokers\"},\"image\":{\"@id\":\"https:\\\/\\\/happyjokers.net\\\/pl\\\/#\\\/schema\\\/logo\\\/image\\\/\"}}]}<\/script>\n<!-- \/ Yoast SEO plugin. -->","yoast_head_json":{"title":"Happyjokers App: dost\u0119p do kasyna na iOS i Androida","description":"Happyjokers App to szybka, progresywna aplikacja internetowa (PWA) na iOS i Androida z uk\u0142adem przypominaj\u0105cym aplikacj\u0119, szybkim \u0142adowaniem i powiadomieniami push \u2013 bez APK, Play Store i App Store. U\u017cywaj tego samego loginu na wszystkich urz\u0105dzeniach, a tak\u017ce opcji aplikacji internetowej dla system\u00f3w Windows i Mac.","robots":{"index":"index","follow":"follow","max-snippet":"max-snippet:-1","max-image-preview":"max-image-preview:large","max-video-preview":"max-video-preview:-1"},"canonical":"https:\/\/happyjokers.net\/pl\/aplikacja\/","og_locale":"pl_PL","og_type":"article","og_title":"Happyjokers App: dost\u0119p do kasyna na iOS i Androida","og_description":"Happyjokers App to szybka, progresywna aplikacja internetowa (PWA) na iOS i Androida z uk\u0142adem przypominaj\u0105cym aplikacj\u0119, szybkim \u0142adowaniem i powiadomieniami push \u2013 bez APK, Play Store i App Store. U\u017cywaj tego samego loginu na wszystkich urz\u0105dzeniach, a tak\u017ce opcji aplikacji internetowej dla system\u00f3w Windows i Mac.","og_url":"https:\/\/happyjokers.net\/pl\/aplikacja\/","og_site_name":"Happyjokers","article_modified_time":"2026-04-07T12:20:49+00:00","twitter_card":"summary_large_image","twitter_misc":{"Est. reading time":"2 minutes"},"schema":{"@context":"https:\/\/schema.org","@graph":[{"@type":"WebPage","@id":"https:\/\/happyjokers.net\/pl\/aplikacja\/","url":"https:\/\/happyjokers.net\/pl\/aplikacja\/","name":"Happyjokers App: dost\u0119p do kasyna na iOS i Androida","isPartOf":{"@id":"https:\/\/happyjokers.net\/pl\/#website"},"datePublished":"2026-04-06T15:27:21+00:00","dateModified":"2026-04-07T12:20:49+00:00","description":"Happyjokers App to szybka, progresywna aplikacja internetowa (PWA) na iOS i Androida z uk\u0142adem przypominaj\u0105cym aplikacj\u0119, szybkim \u0142adowaniem i powiadomieniami push \u2013 bez APK, Play Store i App Store. U\u017cywaj tego samego loginu na wszystkich urz\u0105dzeniach, a tak\u017ce opcji aplikacji internetowej dla system\u00f3w Windows i Mac.","breadcrumb":{"@id":"https:\/\/happyjokers.net\/pl\/aplikacja\/#breadcrumb"},"inLanguage":"pl-PL","potentialAction":[{"@type":"ReadAction","target":["https:\/\/happyjokers.net\/pl\/aplikacja\/"]}]},{"@type":"BreadcrumbList","@id":"https:\/\/happyjokers.net\/pl\/aplikacja\/#breadcrumb","itemListElement":[{"@type":"ListItem","position":1,"name":"Happyjokers","item":"https:\/\/happyjokers.net\/pl\/"},{"@type":"ListItem","position":2,"name":"Aplikacja"}]},{"@type":"WebSite","@id":"https:\/\/happyjokers.net\/pl\/#website","url":"https:\/\/happyjokers.net\/pl\/","name":"Happyjokers","description":"","publisher":{"@id":"https:\/\/happyjokers.net\/pl\/#organization"},"potentialAction":[{"@type":"SearchAction","target":{"@type":"EntryPoint","urlTemplate":"https:\/\/happyjokers.net\/pl\/?s={search_term_string}"},"query-input":{"@type":"PropertyValueSpecification","valueRequired":true,"valueName":"search_term_string"}}],"inLanguage":"pl-PL"},{"@type":"Organization","@id":"https:\/\/happyjokers.net\/pl\/#organization","name":"Happyjokers","url":"https:\/\/happyjokers.net\/pl\/","logo":{"@type":"ImageObject","inLanguage":"pl-PL","@id":"https:\/\/happyjokers.net\/pl\/#\/schema\/logo\/image\/","url":"https:\/\/happyjokers.net\/wp-content\/uploads\/2026\/04\/Casino-Logo-Desktop-1.png","contentUrl":"https:\/\/happyjokers.net\/wp-content\/uploads\/2026\/04\/Casino-Logo-Desktop-1.png","width":237,"height":91,"caption":"Happyjokers"},"image":{"@id":"https:\/\/happyjokers.net\/pl\/#\/schema\/logo\/image\/"}}]}},"_links":{"self":[{"href":"https:\/\/happyjokers.net\/pl\/wp-json\/wp\/v2\/pages\/1462","targetHints":{"allow":["GET"]}}],"collection":[{"href":"https:\/\/happyjokers.net\/pl\/wp-json\/wp\/v2\/pages"}],"about":[{"href":"https:\/\/happyjokers.net\/pl\/wp-json\/wp\/v2\/types\/page"}],"author":[{"embeddable":true,"href":"https:\/\/happyjokers.net\/pl\/wp-json\/wp\/v2\/users\/1"}],"replies":[{"embeddable":true,"href":"https:\/\/happyjokers.net\/pl\/wp-json\/wp\/v2\/comments?post=1462"}],"version-history":[{"count":2,"href":"https:\/\/happyjokers.net\/pl\/wp-json\/wp\/v2\/pages\/1462\/revisions"}],"predecessor-version":[{"id":1757,"href":"https:\/\/happyjokers.net\/pl\/wp-json\/wp\/v2\/pages\/1462\/revisions\/1757"}],"wp:attachment":[{"href":"https:\/\/happyjokers.net\/pl\/wp-json\/wp\/v2\/media?parent=1462"}],"curies":[{"name":"wp","href":"https:\/\/api.w.org\/{rel}","templated":true}]}}