{"id":1501,"date":"2026-04-06T16:31:34","date_gmt":"2026-04-06T15:31:34","guid":{"rendered":"https:\/\/happyjokers.net\/login-and-registration\/"},"modified":"2026-04-07T13:00:25","modified_gmt":"2026-04-07T12:00:25","slug":"accesso-e-registrazione","status":"publish","type":"page","link":"https:\/\/happyjokers.net\/it\/accesso-e-registrazione\/","title":{"rendered":"Accesso e registrazione"},"content":{"rendered":"<h1>Accesso a Happyjokers<\/h1>\n<p>Per accedere al nostro casin\u00f2 e avere accesso a tutte le funzionalit\u00e0, alla dashboard e ai giochi, \u00e8 necessario sapere come effettuare il Happyjokers login. La nostra solida tecnologia e la versione mobile con incredibili trucchi di gamification sono disponibili solo per gli utenti italiani registrati. Potr\u00e0 contare su un team di assistenza dedicato per aiutarla con le transazioni, i bonus e qualsiasi altro potenziale problema. Una gestione completa dell&#8217;account e una comprensione fluida del sistema rendono la navigazione sulla nostra piattaforma e il gioco un&#8217;esperienza piacevole.<\/p>\n<p><div class=\"banner-wrap\" aria-label=\"Banner\"><img src=\"https:\/\/happyjokers.net\/wp-content\/uploads\/2026\/04\/Banner-Desktop.webp\" class=\"w-100 d-none d-lg-block img-pc main-banner-img\" alt=\"Banner Desktop\" fetchpriority=\"high\" decoding=\"async\"><img src=\"https:\/\/happyjokers.net\/wp-content\/uploads\/2026\/04\/Banner-mobile.webp\" class=\"w-100 d-none d-md-block d-lg-none main-banner-img\" alt=\"Banner mobile\" fetchpriority=\"high\" decoding=\"async\"><img src=\"https:\/\/happyjokers.net\/wp-content\/uploads\/2026\/04\/Banner-mobile.webp\" class=\"w-100 d-md-none\" alt=\"Banner mobile\" fetchpriority=\"high\" decoding=\"async\"><div class=\"banner-description\">\n<div class=\"banner-title\">Bonus di benvenuto<\/div>\n<p class=\"banner-header-title\">1500 \u20ac<\/p>\n<div class=\"banner-header-AdditionalText\">+ 250 Giri gratuiti<\/div>\n<button data-item=\"homepage_banner_link\" class=\"goto m-button m-gradient-border m-button--primary m-button--large banner-button btn-orange\">\n            <div class=\"m-button-content\">\n                <span>Iscriviti ora<\/span>\n                <span><\/span>\n            <\/div>\n        <\/button>\n<\/div>\n<div class=\"WelcomePack\">\n<p><img loading=\"lazy\" decoding=\"async\" class=\"alignnone size-full wp-image-1532\" src=\"https:\/\/happyjokers.net\/wp-content\/uploads\/welcome-crown-1.png\" alt=\"welcome crown\" width=\"25\" height=\"26\" \/><\/p>\n<div class=\"WelcomePack-Info\">Cashback settimanale fino al 25%<\/div>\n<p><img loading=\"lazy\" decoding=\"async\" class=\"alignnone size-full wp-image-1532\" src=\"https:\/\/happyjokers.net\/wp-content\/uploads\/welcome-crown-1.png\" alt=\"welcome crown\" width=\"25\" height=\"26\" \/><\/p>\n<\/div>\n<\/div><div class=\"scrollable-content-wrap my-5\"><div class=\"scrollable-content-inner\"><h2>Registrazione al casin\u00f2 Happyjokers<\/h2>\n<p>Se si registra su Happy Jokers, avr\u00e0 la certezza di aprire le porte a un vasto catalogo di oltre 6.000 giochi e a un&#8217;ampia gamma di opportunit\u00e0. Potr\u00e0 godere di bonus esclusivi e ottenere ancora pi\u00f9 ricompense se aderir\u00e0 al nostro esclusivo programma VIP.<\/p>\n<p>Il processo di registrazione \u00e8 diretto, molto rapido e semplice, anche per chi si cimenta nei casin\u00f2 online per la prima volta. Avrete accesso immediato ai vostri titoli preferiti e alle offerte promozionali scontate. Creando un account su Happyjokers Casino, gli utenti possono usufruire di impostazioni personalizzate, gestire depositi e prelievi e partecipare attivamente ai nostri tornei ed eventi regolari.<\/p>\n<h2>Creazione di un account<\/h2>\n<p>Quando decide di unirsi a noi, le bastano pochi semplici passaggi per creare il suo account su Happy Jokers Casino. Questa procedura \u00e8 pensata appositamente per garantirle sicurezza ed efficienza:<\/p>\n<ol>\n<li>Individuare e cliccare sul pulsante \u201cRegistrati\u201d visualizzato sulla homepage. Questo avvia la procedura di registrazione su Happyjokers.<\/li>\n<li>Compili la breve finestra di registrazione con pochi clic: le baster\u00e0 inserire il suo indirizzo e-mail attivo e creare una password sicura.<\/li>\n<li>Confermi di avere l&#8217;et\u00e0 legale e accetti i termini e le condizioni della nostra piattaforma.<\/li>\n<li>Clicchi su \u201cRegistrati\u201d e controlli la sua casella di posta elettronica.<\/li>\n<li>Apra l&#8217;e-mail inviata dal team di assistenza di Happyjokers Casino e segua le istruzioni per attivare il suo account.<\/li>\n<\/ol>\n<p>E questo \u00e8 tutto. Ora pu\u00f2 godere di accesso immediato al nostro casin\u00f2 e all&#8217;intero catalogo di giochi.<\/p>\n<p><img loading=\"lazy\" decoding=\"async\" class=\"alignnone size-full wp-image-1556\" src=\"https:\/\/happyjokers.net\/wp-content\/uploads\/2026\/04\/HappyJokers-Login-Page.webp\" alt=\"HappyJokers Login Page\" width=\"1248\" height=\"536\" srcset=\"https:\/\/happyjokers.net\/wp-content\/uploads\/2026\/04\/HappyJokers-Login-Page.webp 1248w, https:\/\/happyjokers.net\/wp-content\/uploads\/2026\/04\/HappyJokers-Login-Page-300x129.webp 300w, https:\/\/happyjokers.net\/wp-content\/uploads\/2026\/04\/HappyJokers-Login-Page-1024x440.webp 1024w, https:\/\/happyjokers.net\/wp-content\/uploads\/2026\/04\/HappyJokers-Login-Page-768x330.webp 768w\" sizes=\"auto, (max-width: 1248px) 100vw, 1248px\" \/><\/p>\n<h2>Acceda e gestisca il Suo account Happyjokers<\/h2>\n<p>Accedere al proprio account Happy Jokers \u00e8 un processo relativamente semplice che consente di accedere a una dashboard completa. Qui, i giocatori possono gestire le informazioni e l&#8217;attivit\u00e0 del proprio account, monitorare i bonus e le transazioni e personalizzare la propria esperienza di gioco.<\/p>\n<h3>Come effettuare l&#8217;accesso tramite l&#8217;app mobile<\/h3>\n<p>Effettuare l&#8217;accesso a Happyjokers su un dispositivo mobile \u00e8 pi\u00f9 facile di quanto si possa immaginare. Per farlo:<\/p>\n<ol>\n<li>Nell&#8217;angolo in alto a destra della pagina principale, individui il pulsante viola \u201cAccedi\u201d.<\/li>\n<li>Inserisca il suo indirizzo e-mail registrato e la password, quindi invii i dati.<\/li>\n<\/ol>\n<p>Una volta effettuato l&#8217;accesso all&#8217;account, ci sono tantissimi giochi e fantastiche funzionalit\u00e0 che potete provare:<\/p>\n<ul>\n<li>Prelevare le vincite: gestisca in modo sicuro le sue operazioni finanziarie grazie alle numerose opzioni di pagamento che offriamo.<\/li>\n<li>Scorrete la cronologia delle transazioni: visualizzate tutti i movimenti del vostro denaro e tenete traccia dei vostri bonus con facilit\u00e0.<\/li>\n<li>Modifica i dati personali: modifichi le informazioni personali, le impostazioni dell&#8217;account e i metodi di pagamento a suo piacimento.<\/li>\n<li>Aggiornare le impostazioni di sicurezza: attivare e disattivare l&#8217;autenticazione a due fattori (2FA) per proteggere il proprio account ed effettuare l&#8217;accesso a Happyjokers in tutta sicurezza.<\/li>\n<li>Partecipare a promozioni e tornei: acceda agli eventi in corso e richieda i bonus.<\/li>\n<li>Modifica le impostazioni di gioco: personalizza completamente la tua esperienza di gioco su Happyjokers per un&#8217;esperienza unica.<\/li>\n<\/ul>\n<h3>Ha dimenticato la password?<\/h3>\n<p>La procedura per recuperare una password dimenticata \u00e8 semplice ed estremamente sicura. Il nostro sistema dispone di un piano di riserva per tali situazioni:<\/p>\n<ol>\n<li>Quando clicca su \u201cAccedi\u201d, sotto il modulo, vedr\u00e0 l\u2019opzione \u201cHai dimenticato la password?\u201d. Clicchi su di essa.<\/li>\n<li>Inserisca il suo indirizzo e-mail registrato.<\/li>\n<li>Segua le istruzioni che le invieremo nella sua casella di posta elettronica per recuperare la password. Ci\u00f2 significa semplicemente cliccare su un link e impostare una nuova password.<\/li>\n<li>Crei una password complessa.<\/li>\n<\/ol>\n<p>Per ulteriore assistenza, scriva al nostro bot basato sull&#8217;intelligenza artificiale tramite la chat live.<\/p>\n<h2>Verifica su Happy Jokers Casino<\/h2>\n<p>La verifica su Happy Jokers Casino \u00e8 un passo fondamentale e iniziale che garantisce un ambiente di gioco sicuro e la conformit\u00e0 agli standard normativi. Tutti i giocatori devono superarla se vogliono continuare a giocare e vincere denaro reale.<\/p>\n<table>\n<tbody>\n<tr>\n<td>Passaggio<\/td>\n<td>Descrizione<\/td>\n<td>Documenti richiesti<\/td>\n<\/tr>\n<tr>\n<td>Verifica dell&#8217;identit\u00e0<\/td>\n<td>Confermare l&#8217;identit\u00e0 tramite il caricamento di un documento.<\/td>\n<td>Passaporto, patente di guida o carta d&#8217;identit\u00e0<\/td>\n<\/tr>\n<tr>\n<td>Verifica del pagamento<\/td>\n<td>Verifichi la provenienza dei fondi per i depositi.<\/td>\n<td>Estratto conto bancario recente o ricevuta di pagamento<\/td>\n<\/tr>\n<\/tbody>\n<\/table>\n<p>Il mantenimento di un processo di verifica unico contribuisce a facilitare i depositi, i prelievi e il recupero dell&#8217;account da parte dei giocatori, salvaguardando al contempo l&#8217;integrit\u00e0 della nostra piattaforma.<\/p>\n<h2>Domande frequenti<\/h2>\n<h3>\u00c8 possibile consultare la cronologia degli accessi?<\/h3>\n<p>Pu\u00f2 sempre accedere alla sua dashboard personale per visualizzare tutti gli accessi e le uscite dal suo conto; in questo modo, potr\u00e0 tenere traccia non solo delle sue azioni, ma anche di qualsiasi attivit\u00e0 sospetta.<\/p>\n<h3>\u00c8 disponibile l&#8217;autenticazione a due fattori?<\/h3>\n<p>Le consigliamo vivamente di attivarla e di utilizzare un telefono per ricevere le notifiche necessarie a confermare l&#8217;accesso a Happyjokers. Abilitare l&#8217;autenticazione a due fattori (2FA) \u00e8 sempre un&#8217;ottima idea, poich\u00e9 aggiunge un ulteriore livello di sicurezza richiedendo un codice di verifica da un&#8217;app mobile durante l&#8217;accesso, proteggendo cos\u00ec gli account da accessi fraudolenti e tentativi di phishing.<\/p>\n<h3>Posso creare pi\u00f9 account sul vostro casin\u00f2 online?<\/h3>\n<p>Abbiamo una politica rigorosa che prevede che ogni giocatore abbia un solo account. Verifichiamo e controlliamo tutti i clienti per assicurarci che non abbiano pi\u00f9 account per utente, al fine di garantire il fair play e il rispetto degli standard legali.<\/p>\n<h3>Cosa succede se non supero il processo di verifica?<\/h3>\n<p>Non deve preoccuparsene pi\u00f9 di tanto: le baster\u00e0 riprovare, tenendo conto di tutto ci\u00f2 che le invieremo nel feedback fornito dal nostro servizio di assistenza multilingue. Il mancato superamento del processo di verifica potrebbe limitare i prelievi. In tali casi, i nostri responsabili l&#8217;assisteranno con richieste di documentazione aggiuntiva.<\/p>\n<\/div><\/div><\/p>\n","protected":false},"excerpt":{"rendered":"<p>Accesso a Happyjokers Per accedere al nostro casin\u00f2 e avere accesso a tutte le funzionalit\u00e0, alla dashboard e ai giochi, \u00e8 necessario sapere come effettuare il Happyjokers login. La nostra solida tecnologia e la versione mobile con incredibili trucchi di gamification sono disponibili solo per gli utenti italiani registrati. Potr\u00e0 contare su un team di [&hellip;]<\/p>\n","protected":false},"author":1,"featured_media":0,"parent":0,"menu_order":0,"comment_status":"closed","ping_status":"closed","template":"template-builder.php","meta":{"_acf_changed":false,"inline_featured_image":false,"footnotes":""},"class_list":["post-1501","page","type-page","status-publish","hentry"],"acf":[],"yoast_head":"<!-- This site is optimized with the Yoast SEO plugin v27.3 - https:\/\/yoast.com\/product\/yoast-seo-wordpress\/ -->\n<title>Happyjokers Login: Accesso all&#039;account e reimpostazione della password<\/title>\n<meta name=\"description\" content=\"Happyjokers Login puoi accedere rapidamente e tornare al tuo account in un paio di clic. Crea un nuovo profilo, ripristina l&#039;accesso con &quot;Password dimenticata?&quot; e gestisci il tuo portafoglio, depositi e prelievi e le impostazioni dell&#039;account su tutti i dispositivi.\" \/>\n<meta name=\"robots\" content=\"index, follow, max-snippet:-1, max-image-preview:large, max-video-preview:-1\" \/>\n<link rel=\"canonical\" href=\"https:\/\/happyjokers.net\/it\/accesso-e-registrazione\/\" \/>\n<meta property=\"og:locale\" content=\"it_IT\" \/>\n<meta property=\"og:type\" content=\"article\" \/>\n<meta property=\"og:title\" content=\"Happyjokers Login: Accesso all&#039;account e reimpostazione della password\" \/>\n<meta property=\"og:description\" content=\"Happyjokers Login puoi accedere rapidamente e tornare al tuo account in un paio di clic. Crea un nuovo profilo, ripristina l&#039;accesso con &quot;Password dimenticata?&quot; e gestisci il tuo portafoglio, depositi e prelievi e le impostazioni dell&#039;account su tutti i dispositivi.\" \/>\n<meta property=\"og:url\" content=\"https:\/\/happyjokers.net\/it\/accesso-e-registrazione\/\" \/>\n<meta property=\"og:site_name\" content=\"Happyjokers\" \/>\n<meta property=\"article:modified_time\" content=\"2026-04-07T12:00:25+00:00\" \/>\n<meta name=\"twitter:card\" content=\"summary_large_image\" \/>\n<meta name=\"twitter:label1\" content=\"Est. reading time\" \/>\n\t<meta name=\"twitter:data1\" content=\"1 minute\" \/>\n<script type=\"application\/ld+json\" class=\"yoast-schema-graph\">{\"@context\":\"https:\\\/\\\/schema.org\",\"@graph\":[{\"@type\":\"WebPage\",\"@id\":\"https:\\\/\\\/happyjokers.net\\\/it\\\/accesso-e-registrazione\\\/\",\"url\":\"https:\\\/\\\/happyjokers.net\\\/it\\\/accesso-e-registrazione\\\/\",\"name\":\"Happyjokers Login: Accesso all'account e reimpostazione della password\",\"isPartOf\":{\"@id\":\"https:\\\/\\\/happyjokers.net\\\/it\\\/#website\"},\"datePublished\":\"2026-04-06T15:31:34+00:00\",\"dateModified\":\"2026-04-07T12:00:25+00:00\",\"description\":\"Happyjokers Login puoi accedere rapidamente e tornare al tuo account in un paio di clic. Crea un nuovo profilo, ripristina l'accesso con \\\"Password dimenticata?\\\" e gestisci il tuo portafoglio, depositi e prelievi e le impostazioni dell'account su tutti i dispositivi.\",\"breadcrumb\":{\"@id\":\"https:\\\/\\\/happyjokers.net\\\/it\\\/accesso-e-registrazione\\\/#breadcrumb\"},\"inLanguage\":\"it-IT\",\"potentialAction\":[{\"@type\":\"ReadAction\",\"target\":[\"https:\\\/\\\/happyjokers.net\\\/it\\\/accesso-e-registrazione\\\/\"]}]},{\"@type\":\"BreadcrumbList\",\"@id\":\"https:\\\/\\\/happyjokers.net\\\/it\\\/accesso-e-registrazione\\\/#breadcrumb\",\"itemListElement\":[{\"@type\":\"ListItem\",\"position\":1,\"name\":\"Happyjokers\",\"item\":\"https:\\\/\\\/happyjokers.net\\\/it\\\/\"},{\"@type\":\"ListItem\",\"position\":2,\"name\":\"Accesso e registrazione\"}]},{\"@type\":\"WebSite\",\"@id\":\"https:\\\/\\\/happyjokers.net\\\/it\\\/#website\",\"url\":\"https:\\\/\\\/happyjokers.net\\\/it\\\/\",\"name\":\"Happyjokers\",\"description\":\"\",\"publisher\":{\"@id\":\"https:\\\/\\\/happyjokers.net\\\/it\\\/#organization\"},\"potentialAction\":[{\"@type\":\"SearchAction\",\"target\":{\"@type\":\"EntryPoint\",\"urlTemplate\":\"https:\\\/\\\/happyjokers.net\\\/it\\\/?s={search_term_string}\"},\"query-input\":{\"@type\":\"PropertyValueSpecification\",\"valueRequired\":true,\"valueName\":\"search_term_string\"}}],\"inLanguage\":\"it-IT\"},{\"@type\":\"Organization\",\"@id\":\"https:\\\/\\\/happyjokers.net\\\/it\\\/#organization\",\"name\":\"Happyjokers\",\"url\":\"https:\\\/\\\/happyjokers.net\\\/it\\\/\",\"logo\":{\"@type\":\"ImageObject\",\"inLanguage\":\"it-IT\",\"@id\":\"https:\\\/\\\/happyjokers.net\\\/it\\\/#\\\/schema\\\/logo\\\/image\\\/\",\"url\":\"https:\\\/\\\/happyjokers.net\\\/wp-content\\\/uploads\\\/2026\\\/04\\\/Casino-Logo-Desktop-1.png\",\"contentUrl\":\"https:\\\/\\\/happyjokers.net\\\/wp-content\\\/uploads\\\/2026\\\/04\\\/Casino-Logo-Desktop-1.png\",\"width\":237,\"height\":91,\"caption\":\"Happyjokers\"},\"image\":{\"@id\":\"https:\\\/\\\/happyjokers.net\\\/it\\\/#\\\/schema\\\/logo\\\/image\\\/\"}}]}<\/script>\n<!-- \/ Yoast SEO plugin. -->","yoast_head_json":{"title":"Happyjokers Login: Accesso all'account e reimpostazione della password","description":"Happyjokers Login puoi accedere rapidamente e tornare al tuo account in un paio di clic. Crea un nuovo profilo, ripristina l'accesso con \"Password dimenticata?\" e gestisci il tuo portafoglio, depositi e prelievi e le impostazioni dell'account su tutti i dispositivi.","robots":{"index":"index","follow":"follow","max-snippet":"max-snippet:-1","max-image-preview":"max-image-preview:large","max-video-preview":"max-video-preview:-1"},"canonical":"https:\/\/happyjokers.net\/it\/accesso-e-registrazione\/","og_locale":"it_IT","og_type":"article","og_title":"Happyjokers Login: Accesso all'account e reimpostazione della password","og_description":"Happyjokers Login puoi accedere rapidamente e tornare al tuo account in un paio di clic. Crea un nuovo profilo, ripristina l'accesso con \"Password dimenticata?\" e gestisci il tuo portafoglio, depositi e prelievi e le impostazioni dell'account su tutti i dispositivi.","og_url":"https:\/\/happyjokers.net\/it\/accesso-e-registrazione\/","og_site_name":"Happyjokers","article_modified_time":"2026-04-07T12:00:25+00:00","twitter_card":"summary_large_image","twitter_misc":{"Est. reading time":"1 minute"},"schema":{"@context":"https:\/\/schema.org","@graph":[{"@type":"WebPage","@id":"https:\/\/happyjokers.net\/it\/accesso-e-registrazione\/","url":"https:\/\/happyjokers.net\/it\/accesso-e-registrazione\/","name":"Happyjokers Login: Accesso all'account e reimpostazione della password","isPartOf":{"@id":"https:\/\/happyjokers.net\/it\/#website"},"datePublished":"2026-04-06T15:31:34+00:00","dateModified":"2026-04-07T12:00:25+00:00","description":"Happyjokers Login puoi accedere rapidamente e tornare al tuo account in un paio di clic. Crea un nuovo profilo, ripristina l'accesso con \"Password dimenticata?\" e gestisci il tuo portafoglio, depositi e prelievi e le impostazioni dell'account su tutti i dispositivi.","breadcrumb":{"@id":"https:\/\/happyjokers.net\/it\/accesso-e-registrazione\/#breadcrumb"},"inLanguage":"it-IT","potentialAction":[{"@type":"ReadAction","target":["https:\/\/happyjokers.net\/it\/accesso-e-registrazione\/"]}]},{"@type":"BreadcrumbList","@id":"https:\/\/happyjokers.net\/it\/accesso-e-registrazione\/#breadcrumb","itemListElement":[{"@type":"ListItem","position":1,"name":"Happyjokers","item":"https:\/\/happyjokers.net\/it\/"},{"@type":"ListItem","position":2,"name":"Accesso e registrazione"}]},{"@type":"WebSite","@id":"https:\/\/happyjokers.net\/it\/#website","url":"https:\/\/happyjokers.net\/it\/","name":"Happyjokers","description":"","publisher":{"@id":"https:\/\/happyjokers.net\/it\/#organization"},"potentialAction":[{"@type":"SearchAction","target":{"@type":"EntryPoint","urlTemplate":"https:\/\/happyjokers.net\/it\/?s={search_term_string}"},"query-input":{"@type":"PropertyValueSpecification","valueRequired":true,"valueName":"search_term_string"}}],"inLanguage":"it-IT"},{"@type":"Organization","@id":"https:\/\/happyjokers.net\/it\/#organization","name":"Happyjokers","url":"https:\/\/happyjokers.net\/it\/","logo":{"@type":"ImageObject","inLanguage":"it-IT","@id":"https:\/\/happyjokers.net\/it\/#\/schema\/logo\/image\/","url":"https:\/\/happyjokers.net\/wp-content\/uploads\/2026\/04\/Casino-Logo-Desktop-1.png","contentUrl":"https:\/\/happyjokers.net\/wp-content\/uploads\/2026\/04\/Casino-Logo-Desktop-1.png","width":237,"height":91,"caption":"Happyjokers"},"image":{"@id":"https:\/\/happyjokers.net\/it\/#\/schema\/logo\/image\/"}}]}},"_links":{"self":[{"href":"https:\/\/happyjokers.net\/it\/wp-json\/wp\/v2\/pages\/1501","targetHints":{"allow":["GET"]}}],"collection":[{"href":"https:\/\/happyjokers.net\/it\/wp-json\/wp\/v2\/pages"}],"about":[{"href":"https:\/\/happyjokers.net\/it\/wp-json\/wp\/v2\/types\/page"}],"author":[{"embeddable":true,"href":"https:\/\/happyjokers.net\/it\/wp-json\/wp\/v2\/users\/1"}],"replies":[{"embeddable":true,"href":"https:\/\/happyjokers.net\/it\/wp-json\/wp\/v2\/comments?post=1501"}],"version-history":[{"count":2,"href":"https:\/\/happyjokers.net\/it\/wp-json\/wp\/v2\/pages\/1501\/revisions"}],"predecessor-version":[{"id":1697,"href":"https:\/\/happyjokers.net\/it\/wp-json\/wp\/v2\/pages\/1501\/revisions\/1697"}],"wp:attachment":[{"href":"https:\/\/happyjokers.net\/it\/wp-json\/wp\/v2\/media?parent=1501"}],"curies":[{"name":"wp","href":"https:\/\/api.w.org\/{rel}","templated":true}]}}