{"id":1460,"date":"2026-04-06T16:27:21","date_gmt":"2026-04-06T15:27:21","guid":{"rendered":"https:\/\/happyjokers.net\/app\/"},"modified":"2026-04-07T12:56:16","modified_gmt":"2026-04-07T11:56:16","slug":"applicazione","status":"publish","type":"page","link":"https:\/\/happyjokers.net\/it\/applicazione\/","title":{"rendered":"Applicazione"},"content":{"rendered":"<h1>App Happyjokers: giochi da casin\u00f2 su dispositivi mobili<\/h1>\n<p>Se avete bisogno di accedere al vasto catalogo di oltre 6.000 titoli del nostro casin\u00f2 da un dispositivo mobile, non cercate oltre: ci\u00f2 di cui avete bisogno \u00e8 Happyjokers app. Offriamo a tutti i giocatori italiani tornei dinamici e fantastiche funzionalit\u00e0 che possono farvi guadagnare un sacco di soldi. La nostra app ha tutto ci\u00f2 di cui ha bisogno: mobilit\u00e0, velocit\u00e0, sicurezza e un design portatile in grado di elevare l&#8217;esperienza di gioco a un livello superiore. Potr\u00e0 sempre giocare ai giochi live con noi, divertirsi con le slot e far girare la Ruota della Fortuna, il tutto accompagnato da promozioni ed eventi esclusivi di Happy Jokers Casino.<\/p>\n<div class=\"banner-wrap\" aria-label=\"Banner\"><img src=\"https:\/\/happyjokers.net\/wp-content\/uploads\/2026\/04\/Banner-Desktop.webp\" class=\"w-100 d-none d-lg-block img-pc main-banner-img\" alt=\"Banner Desktop\" fetchpriority=\"high\" decoding=\"async\"><img src=\"https:\/\/happyjokers.net\/wp-content\/uploads\/2026\/04\/Banner-mobile.webp\" class=\"w-100 d-none d-md-block d-lg-none main-banner-img\" alt=\"Banner mobile\" fetchpriority=\"high\" decoding=\"async\"><img src=\"https:\/\/happyjokers.net\/wp-content\/uploads\/2026\/04\/Banner-mobile.webp\" class=\"w-100 d-md-none\" alt=\"Banner mobile\" fetchpriority=\"high\" decoding=\"async\"><div class=\"banner-description\">\n<div class=\"banner-title\">Bonus di benvenuto<\/div>\n<p class=\"banner-header-title\">1500 \u20ac<\/p>\n<div class=\"banner-header-AdditionalText\">+ 250 Giri gratuiti<\/div>\n<button data-item=\"homepage_banner_link\" class=\"goto m-button m-gradient-border m-button--primary m-button--large banner-button btn-orange\">\n            <div class=\"m-button-content\">\n                <span>Iscriviti ora<\/span>\n                <span><\/span>\n            <\/div>\n        <\/button>\n<\/div>\n<div class=\"WelcomePack\">\n<p><img loading=\"lazy\" decoding=\"async\" class=\"alignnone size-full wp-image-1532\" src=\"https:\/\/happyjokers.net\/wp-content\/uploads\/welcome-crown-1.png\" alt=\"welcome crown\" width=\"25\" height=\"26\" \/><\/p>\n<div class=\"WelcomePack-Info\">Cashback settimanale fino al 25%<\/div>\n<p><img loading=\"lazy\" decoding=\"async\" class=\"alignnone size-full wp-image-1532\" src=\"https:\/\/happyjokers.net\/wp-content\/uploads\/welcome-crown-1.png\" alt=\"welcome crown\" width=\"25\" height=\"26\" \/><\/p>\n<\/div>\n<\/div>\n<h2>Vantaggi e caratteristiche dell&#8217;app Happyjokers<\/h2>\n<p>Le prestazioni ottimizzate della nostra PWA sono davvero impressionanti. Combiniamo funzionalit\u00e0 brillanti con un&#8217;interfaccia intuitiva e di facile comprensione, il tutto in un&#8217;unica app. Garantiamo un ambiente di gioco fluido, persino migliore rispetto al tradizionale gioco su desktop.<\/p>\n<p>Potrete godere di un&#8217;esperienza senza interruzioni su tutti i vostri dispositivi mobili, poich\u00e9 abbiamo personalizzato il design del software appositamente per questo. L&#8217;app Happyjokers offre piena mobilit\u00e0, facile navigazione e accesso a tutti i giochi dal vivo e tradizionali. Potrete inoltre godere di:<\/p>\n<ul>\n<li>tempi di caricamento rapidi su qualsiasi dispositivo;<\/li>\n<li>protezione di alto livello;<\/li>\n<li>grafica 3D e risoluzione HD per qualsiasi gioco.<\/li>\n<\/ul>\n<p>L&#8217;applicazione Happyjokers Casino \u00e8 unica, ma si adatta a tutti i tipi di appassionati di casin\u00f2, anche ai principianti. I giocatori professionisti e quelli che puntano forte potranno goderne allo stesso modo, poich\u00e9 apprezzeranno sicuramente la versatilit\u00e0 e le funzionalit\u00e0 tecnologiche avanzate della piattaforma.<\/p>\n<table>\n<tbody>\n<tr>\n<td>Caratteristiche<\/td>\n<td>Piattaforma desktop<\/td>\n<td>App Happyjokers<\/td>\n<td>Vantaggi del gioco su dispositivi mobili<\/td>\n<\/tr>\n<tr>\n<td>Accessibilit\u00e0<\/td>\n<td>Richiede un computer fisso o un portatile<\/td>\n<td>Disponibile su smartphone e tablet<\/td>\n<td>Gioca ovunque vi troviate<\/td>\n<\/tr>\n<tr>\n<td>Prestazioni<\/td>\n<td>Dipende dall&#8217;hardware e dalla velocit\u00e0 di connessione a Internet<\/td>\n<td>Ottimizzato per velocit\u00e0 e reattivit\u00e0<\/td>\n<td>Tempi di caricamento pi\u00f9 rapidi e un&#8217;esperienza di gioco pi\u00f9 fluida<\/td>\n<\/tr>\n<tr>\n<td>Navigazione<\/td>\n<td>Menu completo e interfaccia dettagliata<\/td>\n<td>Layout semplificato e ottimizzato per i dispositivi touch<\/td>\n<td>Navigazione pi\u00f9 agevole, specialmente su schermi di dimensioni ridotte<\/td>\n<\/tr>\n<tr>\n<td>Sicurezza<\/td>\n<td>Protocolli di sicurezza online standard<\/td>\n<td>Crittografia avanzata e accesso sicuro<\/td>\n<td>Garantisce la sicurezza durante le transazioni e il gioco<\/td>\n<\/tr>\n<\/tbody>\n<\/table>\n<p><div class=\"scrollable-content-wrap my-5\"><div class=\"scrollable-content-inner\"><h2>Applicazione mobile per iOS<\/h2>\n<p>Per chi possiede prodotti Apple, abbiamo creato la nostra app Happyjokers appositamente su misura. Senza download inutili e ingombranti che intasano la memoria del vostro iPhone, potete godervi la nostra versione mobile. Sviluppata come Progressive Web App (PWA), l\u2019abbiamo progettata in modo tale da garantirvi un accesso rapido e senza intoppi.<\/p>\n<p>La nostra versione iOS \u00e8 davvero utile perch\u00e9 privilegia la velocit\u00e0, la sicurezza (abbiamo incorporato la pi\u00f9 recente crittografia TLS 1.3), prestazioni senza interruzioni e giochi, in modo che possiate godervi una vera atmosfera da casin\u00f2 mobile sul vostro iPhone e iPad.<\/p>\n<p>Potete stare certi di rimanere al passo con le ultime novit\u00e0 del gioco d&#8217;azzardo mobile e di non perdervi nulla. Tutte le funzionalit\u00e0 e i miglioramenti della versione completa sono integrati al 100%, quindi non c&#8217;\u00e8 praticamente alcuna differenza tra la versione desktop di Happyjokers Casino e quella mobile. Potete gestire il vostro account e la vostra dashboard in modo efficace e non avrete alcuna difficolt\u00e0 a caricare giochi come Coin Strike: Hold and Win di Playson, Sic Bo di ICONIC21 o Bac Bo di Evolution: funzionano tutti alla perfezione e sono di gran moda in questo momento!<\/p>\n<p><img loading=\"lazy\" decoding=\"async\" src=\"https:\/\/happyjokers.net\/wp-content\/uploads\/2026\/04\/HappyJokers-iOS.webp\" alt=\"HappyJokers iOS\" width=\"1248\" height=\"536\" \/><\/p>\n<\/div><\/div><div style=\"clear: both\"><\/div><div class=\"d-flex justify-content-center\"><button data-item=\"decouvrez_link\" data-group=\"website_links\" class=\"goto fw-bold rounded-pill btn btn-orange\" aria-label=\"Scarica l&#039;app Happyjokers\" >Scarica l&#039;app Happyjokers<\/button><\/div><div class=\"scrollable-content-wrap my-5\"><div class=\"scrollable-content-inner\"><h2>App Happyjokers per Android<\/h2>\n<p>Anche la versione dell&#8217;app di Happy Jokers Casino per gli utenti Android \u00e8 una PWA. Abbiamo reso il nostro software pienamente compatibile con vari telefoni e tablet, e potete stare certi che la vostra esperienza ottimizzata non subir\u00e0 rallentamenti n\u00e9 interruzioni.<\/p>\n<p>Potete installare la nostra applicazione senza dovervi preoccupare degli aggiornamenti, poich\u00e9 questi avvengono automaticamente, in background, senza alcun vostro intervento. Ecco altri vantaggi:<\/p>\n<ul>\n<li>Non vi \u00e8 alcun impatto sulla batteria del telefono, e sappiamo che questo \u00e8 fondamentale per i giocatori Android.<\/li>\n<li>Potrete navigare senza interruzioni tra le varie categorie di giochi di Happyjokers Casino \u2014 collezione di Books, Bonus Buy, Drops &amp; Wins, Instant Wins, Jackpots e molte altre \u2014 oltre a controllare promozioni e tornei e aggiornare le impostazioni dell&#8217;account.<\/li>\n<\/ul>\n<p>Ci auguriamo che dia una possibilit\u00e0 all&#8217;app Happyjokers e che possa constatare di persona come sia possibile godere dell&#8217;intera gamma delle nostre funzionalit\u00e0 del casin\u00f2 su qualsiasi dispositivo Android senza interruzioni.<\/p>\n<p><img loading=\"lazy\" decoding=\"async\" src=\"https:\/\/happyjokers.net\/wp-content\/uploads\/2026\/04\/HappyJokers-Android.webp\" alt=\"HappyJokers Android\" width=\"1248\" height=\"536\" \/><\/p>\n<\/div><\/div><div style=\"clear: both\"><\/div><div class=\"d-flex justify-content-center\"><button data-item=\"decouvrez_link\" data-group=\"website_links\" class=\"goto fw-bold rounded-pill btn btn-orange\" aria-label=\"Scarica l&#039;app Happyjokers\" >Scarica l&#039;app Happyjokers<\/button><\/div><div class=\"scrollable-content-wrap my-5\"><div class=\"scrollable-content-inner\"><h2>Giocate a Happy Jokers Casino su Mac o Windows<\/h2>\n<p>Ma se gli smartphone non fanno per voi e preferite giocare sul grande schermo del vostro personal computer, allora la versione desktop di Happy Jokers Casino \u00e8 esattamente ci\u00f2 di cui avete bisogno. Abbiamo un&#8217;opzione dedicata per i sistemi operativi Mac e Windows.<\/p>\n<p>Potrete immergervi completamente nel mondo digitale del gioco d&#8217;azzardo, vivendo un&#8217;esperienza realistica da casin\u00f2, interagendo con croupier professionisti e avendo a disposizione il team di assistenza tramite live chat.<\/p>\n<p>Abbiamo inoltre aggiunto funzionalit\u00e0 quali:<\/p>\n<ul>\n<li>Registrazione e accesso rapidi;<\/li>\n<li>Navigazione completa attraverso il sito web e le schede;<\/li>\n<li>Comodo processo di verifica KYC;<\/li>\n<li>Depositi e prelievi sicuri.<\/li>\n<\/ul>\n<p>Abbiamo reso tutte le nostre versioni, compresa la PWA, comode per tutti i tipi di giocatori. Siamo lieti di informarLa che registrarsi con noi significa solo vantaggi per Lei. Inoltre, la versione desktop \u00e8 ideale per gli amanti dei grandi schermi poich\u00e9 dispone di una funzione di ridimensionamento e di un&#8217;interfaccia di gioco pi\u00f9 dettagliata, garantendo un&#8217;esperienza di alto livello.<\/p>\n<h2>Come installare l&#8217;app Happy Jokers su qualsiasi dispositivo<\/h2>\n<p>A seconda del modello del vostro dispositivo o tablet, dovrete eseguire alcune delle seguenti semplici operazioni per scaricare l&#8217;app Happyjokers:<\/p>\n<ul>\n<li>Per i telefoni basati su iOS: \u00e8 necessario visitare il nostro sito web da un dispositivo mobile e aggiungere il collegamento alla schermata Home. La nostra PWA si carica istantaneamente, quindi in un attimo vedrete l&#8217;icona.<\/li>\n<li>Dispositivi Android: nella pagina principale di Happyjokers Casino, clicchi sul pulsante \u201cCasino App\u201d e proceda con l\u2019installazione.<\/li>\n<li>Desktop Windows e Mac: potete accedere al nostro sito web direttamente dal vostro browser. Nelle impostazioni, selezionate l&#8217;opzione &#8220;Aggiungi alla schermata Home&#8221; per un accesso pi\u00f9 rapido e giocare subito ai nostri giochi.<\/li>\n<\/ul>\n<p>La nostra PWA pu\u00f2 essere avviata su qualsiasi browser moderno, inclusi Safari, Chrome e Firefox. Basta navigare su qualsiasi pagina di Happyjokers di cui avete bisogno e aggiungere l&#8217;app alla vostra schermata iniziale o al desktop per un accesso immediato.<\/p>\n<p><img loading=\"lazy\" decoding=\"async\" src=\"https:\/\/happyjokers.net\/wp-content\/uploads\/2026\/04\/HappyJokers-Desktop.webp\" alt=\"HappyJokers Desktop\" width=\"1248\" height=\"536\" \/><\/p>\n<\/div><\/div><div style=\"clear: both\"><\/div><div class=\"d-flex justify-content-center\"><button data-item=\"decouvrez_link\" data-group=\"website_links\" class=\"goto fw-bold rounded-pill btn btn-orange\" aria-label=\"Scarica l&#039;app Happyjokers\" >Scarica l&#039;app Happyjokers<\/button><\/div><div class=\"scrollable-content-wrap my-5\"><div class=\"scrollable-content-inner\"><h2>Domande frequenti<\/h2>\n<h3>Il mio saldo \u00e8 sincronizzato in tempo reale su tutti i dispositivi?<\/h3>\n<p>Quando gioca su Happy Jokers Casino, tutto \u00e8 sempre sincronizzato su tutti i suoi dispositivi: l&#8217;attivit\u00e0 della sua dashboard, la cronologia di gioco e quella delle transazioni. Ricever\u00e0 inoltre notifiche push in tempo reale.<\/p>\n<h3>\u00c8 necessario creare un account per utilizzare il software mobile?<\/h3>\n<p>Se desidera solo esplorare i giochi in modalit\u00e0 demo, non \u00e8 necessaria la registrazione su Happyjokers Casino. Ma se il suo obiettivo \u00e8 vincere ricchi premi, competere con altri giocatori e dimostrare la sua abilit\u00e0, allora \u00e8 invitato a creare un account.<\/p>\n<h3>Come posso aggiornare l&#8217;app Happy Jokers?<\/h3>\n<p>L&#8217;app si aggiorna automaticamente. Non \u00e8 necessario fare nulla da parte sua, quindi non si perda nelle impostazioni alla ricerca della soluzione. Avr\u00e0 sempre a disposizione la versione migliore e pi\u00f9 recente dell&#8217;app, con sicurezza e funzionalit\u00e0 avanzate.<\/p>\n<h3>Tutti i giochi sono disponibili nell&#8217;app?<\/h3>\n<p>Tutte le funzionalit\u00e0 e i giochi sono presenti nella versione mobile, proprio come su PC. Potr\u00e0 divertirsi con tutte le slot online pi\u00f9 popolari, i giochi di carte, i bonus buy, le vincite immediate e altri titoli di tendenza. La piattaforma viene aggiornata regolarmente con nuove uscite, garantendo un&#8217;esperienza completa.<\/p>\n<\/div><\/div><\/p>\n","protected":false},"excerpt":{"rendered":"<p>App Happyjokers: giochi da casin\u00f2 su dispositivi mobili Se avete bisogno di accedere al vasto catalogo di oltre 6.000 titoli del nostro casin\u00f2 da un dispositivo mobile, non cercate oltre: ci\u00f2 di cui avete bisogno \u00e8 Happyjokers app. Offriamo a tutti i giocatori italiani tornei dinamici e fantastiche funzionalit\u00e0 che possono farvi guadagnare un sacco [&hellip;]<\/p>\n","protected":false},"author":1,"featured_media":0,"parent":0,"menu_order":0,"comment_status":"closed","ping_status":"closed","template":"template-builder.php","meta":{"_acf_changed":false,"inline_featured_image":false,"footnotes":""},"class_list":["post-1460","page","type-page","status-publish","hentry"],"acf":[],"yoast_head":"<!-- This site is optimized with the Yoast SEO plugin v27.3 - https:\/\/yoast.com\/product\/yoast-seo-wordpress\/ -->\n<title>Happyjokers App : accesso al casin\u00f2 iOS e Android ovunque<\/title>\n<meta name=\"description\" content=\"Happyjokers App \u00e8 una web app progressiva (PWA) veloce per iOS e Android con un layout simile a quello di un&#039;app, caricamento rapido e notifiche push: niente APK, niente Play Store, niente App Store. Utilizza lo stesso login su tutti i dispositivi, oltre a un&#039;opzione web app per Windows e Mac.\" \/>\n<meta name=\"robots\" content=\"index, follow, max-snippet:-1, max-image-preview:large, max-video-preview:-1\" \/>\n<link rel=\"canonical\" href=\"https:\/\/happyjokers.net\/it\/applicazione\/\" \/>\n<meta property=\"og:locale\" content=\"it_IT\" \/>\n<meta property=\"og:type\" content=\"article\" \/>\n<meta property=\"og:title\" content=\"Happyjokers App : accesso al casin\u00f2 iOS e Android ovunque\" \/>\n<meta property=\"og:description\" content=\"Happyjokers App \u00e8 una web app progressiva (PWA) veloce per iOS e Android con un layout simile a quello di un&#039;app, caricamento rapido e notifiche push: niente APK, niente Play Store, niente App Store. Utilizza lo stesso login su tutti i dispositivi, oltre a un&#039;opzione web app per Windows e Mac.\" \/>\n<meta property=\"og:url\" content=\"https:\/\/happyjokers.net\/it\/applicazione\/\" \/>\n<meta property=\"og:site_name\" content=\"Happyjokers\" \/>\n<meta property=\"article:modified_time\" content=\"2026-04-07T11:56:16+00:00\" \/>\n<meta name=\"twitter:card\" content=\"summary_large_image\" \/>\n<meta name=\"twitter:label1\" content=\"Est. reading time\" \/>\n\t<meta name=\"twitter:data1\" content=\"2 minutes\" \/>\n<script type=\"application\/ld+json\" class=\"yoast-schema-graph\">{\"@context\":\"https:\\\/\\\/schema.org\",\"@graph\":[{\"@type\":\"WebPage\",\"@id\":\"https:\\\/\\\/happyjokers.net\\\/it\\\/applicazione\\\/\",\"url\":\"https:\\\/\\\/happyjokers.net\\\/it\\\/applicazione\\\/\",\"name\":\"Happyjokers App : accesso al casin\u00f2 iOS e Android ovunque\",\"isPartOf\":{\"@id\":\"https:\\\/\\\/happyjokers.net\\\/it\\\/#website\"},\"datePublished\":\"2026-04-06T15:27:21+00:00\",\"dateModified\":\"2026-04-07T11:56:16+00:00\",\"description\":\"Happyjokers App \u00e8 una web app progressiva (PWA) veloce per iOS e Android con un layout simile a quello di un'app, caricamento rapido e notifiche push: niente APK, niente Play Store, niente App Store. Utilizza lo stesso login su tutti i dispositivi, oltre a un'opzione web app per Windows e Mac.\",\"breadcrumb\":{\"@id\":\"https:\\\/\\\/happyjokers.net\\\/it\\\/applicazione\\\/#breadcrumb\"},\"inLanguage\":\"it-IT\",\"potentialAction\":[{\"@type\":\"ReadAction\",\"target\":[\"https:\\\/\\\/happyjokers.net\\\/it\\\/applicazione\\\/\"]}]},{\"@type\":\"BreadcrumbList\",\"@id\":\"https:\\\/\\\/happyjokers.net\\\/it\\\/applicazione\\\/#breadcrumb\",\"itemListElement\":[{\"@type\":\"ListItem\",\"position\":1,\"name\":\"Happyjokers\",\"item\":\"https:\\\/\\\/happyjokers.net\\\/it\\\/\"},{\"@type\":\"ListItem\",\"position\":2,\"name\":\"Applicazione\"}]},{\"@type\":\"WebSite\",\"@id\":\"https:\\\/\\\/happyjokers.net\\\/it\\\/#website\",\"url\":\"https:\\\/\\\/happyjokers.net\\\/it\\\/\",\"name\":\"Happyjokers\",\"description\":\"\",\"publisher\":{\"@id\":\"https:\\\/\\\/happyjokers.net\\\/it\\\/#organization\"},\"potentialAction\":[{\"@type\":\"SearchAction\",\"target\":{\"@type\":\"EntryPoint\",\"urlTemplate\":\"https:\\\/\\\/happyjokers.net\\\/it\\\/?s={search_term_string}\"},\"query-input\":{\"@type\":\"PropertyValueSpecification\",\"valueRequired\":true,\"valueName\":\"search_term_string\"}}],\"inLanguage\":\"it-IT\"},{\"@type\":\"Organization\",\"@id\":\"https:\\\/\\\/happyjokers.net\\\/it\\\/#organization\",\"name\":\"Happyjokers\",\"url\":\"https:\\\/\\\/happyjokers.net\\\/it\\\/\",\"logo\":{\"@type\":\"ImageObject\",\"inLanguage\":\"it-IT\",\"@id\":\"https:\\\/\\\/happyjokers.net\\\/it\\\/#\\\/schema\\\/logo\\\/image\\\/\",\"url\":\"https:\\\/\\\/happyjokers.net\\\/wp-content\\\/uploads\\\/2026\\\/04\\\/Casino-Logo-Desktop-1.png\",\"contentUrl\":\"https:\\\/\\\/happyjokers.net\\\/wp-content\\\/uploads\\\/2026\\\/04\\\/Casino-Logo-Desktop-1.png\",\"width\":237,\"height\":91,\"caption\":\"Happyjokers\"},\"image\":{\"@id\":\"https:\\\/\\\/happyjokers.net\\\/it\\\/#\\\/schema\\\/logo\\\/image\\\/\"}}]}<\/script>\n<!-- \/ Yoast SEO plugin. -->","yoast_head_json":{"title":"Happyjokers App : accesso al casin\u00f2 iOS e Android ovunque","description":"Happyjokers App \u00e8 una web app progressiva (PWA) veloce per iOS e Android con un layout simile a quello di un'app, caricamento rapido e notifiche push: niente APK, niente Play Store, niente App Store. Utilizza lo stesso login su tutti i dispositivi, oltre a un'opzione web app per Windows e Mac.","robots":{"index":"index","follow":"follow","max-snippet":"max-snippet:-1","max-image-preview":"max-image-preview:large","max-video-preview":"max-video-preview:-1"},"canonical":"https:\/\/happyjokers.net\/it\/applicazione\/","og_locale":"it_IT","og_type":"article","og_title":"Happyjokers App : accesso al casin\u00f2 iOS e Android ovunque","og_description":"Happyjokers App \u00e8 una web app progressiva (PWA) veloce per iOS e Android con un layout simile a quello di un'app, caricamento rapido e notifiche push: niente APK, niente Play Store, niente App Store. Utilizza lo stesso login su tutti i dispositivi, oltre a un'opzione web app per Windows e Mac.","og_url":"https:\/\/happyjokers.net\/it\/applicazione\/","og_site_name":"Happyjokers","article_modified_time":"2026-04-07T11:56:16+00:00","twitter_card":"summary_large_image","twitter_misc":{"Est. reading time":"2 minutes"},"schema":{"@context":"https:\/\/schema.org","@graph":[{"@type":"WebPage","@id":"https:\/\/happyjokers.net\/it\/applicazione\/","url":"https:\/\/happyjokers.net\/it\/applicazione\/","name":"Happyjokers App : accesso al casin\u00f2 iOS e Android ovunque","isPartOf":{"@id":"https:\/\/happyjokers.net\/it\/#website"},"datePublished":"2026-04-06T15:27:21+00:00","dateModified":"2026-04-07T11:56:16+00:00","description":"Happyjokers App \u00e8 una web app progressiva (PWA) veloce per iOS e Android con un layout simile a quello di un'app, caricamento rapido e notifiche push: niente APK, niente Play Store, niente App Store. Utilizza lo stesso login su tutti i dispositivi, oltre a un'opzione web app per Windows e Mac.","breadcrumb":{"@id":"https:\/\/happyjokers.net\/it\/applicazione\/#breadcrumb"},"inLanguage":"it-IT","potentialAction":[{"@type":"ReadAction","target":["https:\/\/happyjokers.net\/it\/applicazione\/"]}]},{"@type":"BreadcrumbList","@id":"https:\/\/happyjokers.net\/it\/applicazione\/#breadcrumb","itemListElement":[{"@type":"ListItem","position":1,"name":"Happyjokers","item":"https:\/\/happyjokers.net\/it\/"},{"@type":"ListItem","position":2,"name":"Applicazione"}]},{"@type":"WebSite","@id":"https:\/\/happyjokers.net\/it\/#website","url":"https:\/\/happyjokers.net\/it\/","name":"Happyjokers","description":"","publisher":{"@id":"https:\/\/happyjokers.net\/it\/#organization"},"potentialAction":[{"@type":"SearchAction","target":{"@type":"EntryPoint","urlTemplate":"https:\/\/happyjokers.net\/it\/?s={search_term_string}"},"query-input":{"@type":"PropertyValueSpecification","valueRequired":true,"valueName":"search_term_string"}}],"inLanguage":"it-IT"},{"@type":"Organization","@id":"https:\/\/happyjokers.net\/it\/#organization","name":"Happyjokers","url":"https:\/\/happyjokers.net\/it\/","logo":{"@type":"ImageObject","inLanguage":"it-IT","@id":"https:\/\/happyjokers.net\/it\/#\/schema\/logo\/image\/","url":"https:\/\/happyjokers.net\/wp-content\/uploads\/2026\/04\/Casino-Logo-Desktop-1.png","contentUrl":"https:\/\/happyjokers.net\/wp-content\/uploads\/2026\/04\/Casino-Logo-Desktop-1.png","width":237,"height":91,"caption":"Happyjokers"},"image":{"@id":"https:\/\/happyjokers.net\/it\/#\/schema\/logo\/image\/"}}]}},"_links":{"self":[{"href":"https:\/\/happyjokers.net\/it\/wp-json\/wp\/v2\/pages\/1460","targetHints":{"allow":["GET"]}}],"collection":[{"href":"https:\/\/happyjokers.net\/it\/wp-json\/wp\/v2\/pages"}],"about":[{"href":"https:\/\/happyjokers.net\/it\/wp-json\/wp\/v2\/types\/page"}],"author":[{"embeddable":true,"href":"https:\/\/happyjokers.net\/it\/wp-json\/wp\/v2\/users\/1"}],"replies":[{"embeddable":true,"href":"https:\/\/happyjokers.net\/it\/wp-json\/wp\/v2\/comments?post=1460"}],"version-history":[{"count":2,"href":"https:\/\/happyjokers.net\/it\/wp-json\/wp\/v2\/pages\/1460\/revisions"}],"predecessor-version":[{"id":1695,"href":"https:\/\/happyjokers.net\/it\/wp-json\/wp\/v2\/pages\/1460\/revisions\/1695"}],"wp:attachment":[{"href":"https:\/\/happyjokers.net\/it\/wp-json\/wp\/v2\/media?parent=1460"}],"curies":[{"name":"wp","href":"https:\/\/api.w.org\/{rel}","templated":true}]}}