{"id":1498,"date":"2026-04-06T16:31:34","date_gmt":"2026-04-06T15:31:34","guid":{"rendered":"https:\/\/happyjokers.net\/login-and-registration\/"},"modified":"2026-04-07T10:55:35","modified_gmt":"2026-04-07T09:55:35","slug":"connexion-et-inscription","status":"publish","type":"page","link":"https:\/\/happyjokers.net\/fr\/connexion-et-inscription\/","title":{"rendered":"Connexion et inscription"},"content":{"rendered":"<h1>Connexion \u00e0 Happyjokers<\/h1>\n<p>Pour acc\u00e9der \u00e0 notre casino et b\u00e9n\u00e9ficier de toutes les fonctionnalit\u00e9s, du tableau de bord et des jeux, vous devez effectuer le Happyjokers login. Notre technologie robuste et notre version mobile, dot\u00e9e d&rsquo;astuces de gamification incroyables, sont r\u00e9serv\u00e9es aux utilisateurs enregistr\u00e9s. Vous pouvez compter sur une \u00e9quipe d&rsquo;assistance d\u00e9di\u00e9e pour vous aider avec les transactions, les bonus et tout autre probl\u00e8me \u00e9ventuel. Cette gestion compl\u00e8te du compte et une bonne compr\u00e9hension du syst\u00e8me font de la navigation sur notre plateforme et du jeu une exp\u00e9rience agr\u00e9able.<\/p>\n<p><div class=\"banner-wrap\" aria-label=\"Banner\"><img src=\"https:\/\/happyjokers.net\/wp-content\/uploads\/2026\/04\/Banner-Desktop.webp\" class=\"w-100 d-none d-lg-block img-pc main-banner-img\" alt=\"Banner Desktop\" fetchpriority=\"high\" decoding=\"async\"><img src=\"https:\/\/happyjokers.net\/wp-content\/uploads\/2026\/04\/Banner-mobile.webp\" class=\"w-100 d-none d-md-block d-lg-none main-banner-img\" alt=\"Banner mobile\" fetchpriority=\"high\" decoding=\"async\"><img src=\"https:\/\/happyjokers.net\/wp-content\/uploads\/2026\/04\/Banner-mobile.webp\" class=\"w-100 d-md-none\" alt=\"Banner mobile\" fetchpriority=\"high\" decoding=\"async\"><div class=\"banner-description\">\n<div class=\"banner-title\">Bonus de bienvenue<\/div>\n<p class=\"banner-header-title\">1 500 \u20ac<\/p>\n<div class=\"banner-header-AdditionalText\">+ 250 Tours gratuits<\/div>\n<button data-item=\"homepage_banner_link\" class=\"goto m-button m-gradient-border m-button--primary m-button--large banner-button btn-orange\">\n            <div class=\"m-button-content\">\n                <span>Inscrivez-vous d\u00e8s maintenant<\/span>\n                <span><\/span>\n            <\/div>\n        <\/button>\n<\/div>\n<div class=\"WelcomePack\">\n<p><img loading=\"lazy\" decoding=\"async\" class=\"alignnone size-full wp-image-1528\" src=\"https:\/\/happyjokers.net\/wp-content\/uploads\/welcome-crown-1.png\" alt=\"welcome crown\" width=\"25\" height=\"26\" \/><\/p>\n<div class=\"WelcomePack-Info\">Cashback hebdomadaire jusqu&rsquo;\u00e0 25 %<\/div>\n<p><img loading=\"lazy\" decoding=\"async\" class=\"alignnone size-full wp-image-1528\" src=\"https:\/\/happyjokers.net\/wp-content\/uploads\/welcome-crown-1.png\" alt=\"welcome crown\" width=\"25\" height=\"26\" \/><\/p>\n<\/div>\n<\/div><div class=\"scrollable-content-wrap my-5\"><div class=\"scrollable-content-inner\"><h2>Inscription au casino Happyjokers<\/h2>\n<p>En vous inscrivant sur Happy Jokers, vous vous assurez d&rsquo;acc\u00e9der \u00e0 un catalogue gigantesque de plus de 6 000 jeux et \u00e0 un large \u00e9ventail d&rsquo;opportunit\u00e9s. Vous pouvez profiter de bonus exclusifs et obtenir encore plus de r\u00e9compenses en rejoignant notre programme VIP exclusif.<\/p>\n<p>Le processus d&rsquo;inscription est simple, tr\u00e8s rapide et facile, m\u00eame pour ceux qui s&rsquo;essaient aux casinos en ligne pour la premi\u00e8re fois. Vous b\u00e9n\u00e9ficiez d&rsquo;un acc\u00e8s instantan\u00e9 \u00e0 vos titres pr\u00e9f\u00e9r\u00e9s et \u00e0 des offres promotionnelles. En cr\u00e9ant un compte sur Happyjokers Casino, les utilisateurs peuvent profiter de param\u00e8tres personnalis\u00e9s, g\u00e9rer leurs d\u00e9p\u00f4ts et retraits, et participer activement \u00e0 nos tournois et \u00e9v\u00e9nements r\u00e9guliers.<\/p>\n<h2>Cr\u00e9er un compte<\/h2>\n<p>Lorsque vous d\u00e9cidez de nous rejoindre, il vous suffit de suivre quelques \u00e9tapes simples pour cr\u00e9er votre compte Happy Jokers Casino. Ce processus est sp\u00e9cialement con\u00e7u pour vous offrir s\u00e9curit\u00e9 et efficacit\u00e9 :<\/p>\n<ol>\n<li>Rep\u00e9rez et cliquez sur le bouton \u00ab S&rsquo;inscrire \u00bb affich\u00e9 sur la page d&rsquo;accueil. Cela lance le processus d&rsquo;inscription sur Happyjokers.<\/li>\n<li>Remplissez la petite fen\u00eatre d&rsquo;inscription en quelques clics seulement : il vous suffit d&rsquo;indiquer votre adresse e-mail valide et de cr\u00e9er un mot de passe fort.<\/li>\n<li>Confirmez que vous avez l&rsquo;\u00e2ge l\u00e9gal et acceptez les conditions g\u00e9n\u00e9rales de notre plateforme.<\/li>\n<li>Cliquez sur \u00ab S&rsquo;inscrire \u00bb et rendez-vous dans votre bo\u00eete de r\u00e9ception.<\/li>\n<li>Ouvrez l&rsquo;e-mail envoy\u00e9 par l&rsquo;\u00e9quipe d&rsquo;assistance de Happyjokers Casino et suivez les instructions pour activer votre compte.<\/li>\n<\/ol>\n<p>Et voil\u00e0. Vous pouvez d\u00e9sormais profiter d&rsquo;un acc\u00e8s imm\u00e9diat \u00e0 notre casino et \u00e0 l&rsquo;ensemble de notre catalogue de jeux.<\/p>\n<p><img loading=\"lazy\" decoding=\"async\" class=\"alignnone size-full wp-image-1549\" src=\"https:\/\/happyjokers.net\/wp-content\/uploads\/2026\/04\/HappyJokers-Login-Page.webp\" alt=\"HappyJokers Login Page\" width=\"1248\" height=\"536\" srcset=\"https:\/\/happyjokers.net\/wp-content\/uploads\/2026\/04\/HappyJokers-Login-Page.webp 1248w, https:\/\/happyjokers.net\/wp-content\/uploads\/2026\/04\/HappyJokers-Login-Page-300x129.webp 300w, https:\/\/happyjokers.net\/wp-content\/uploads\/2026\/04\/HappyJokers-Login-Page-1024x440.webp 1024w, https:\/\/happyjokers.net\/wp-content\/uploads\/2026\/04\/HappyJokers-Login-Page-768x330.webp 768w\" sizes=\"auto, (max-width: 1248px) 100vw, 1248px\" \/><\/p>\n<h2>Connectez-vous et g\u00e9rez votre compte Happyjokers<\/h2>\n<p>La connexion \u00e0 votre compte Happy Jokers est un processus relativement simple qui vous donne acc\u00e8s \u00e0 un tableau de bord complet. Vous pouvez y g\u00e9rer les informations et l&rsquo;activit\u00e9 de votre compte, suivre vos bonus et vos transactions, et personnaliser votre exp\u00e9rience de jeu.<\/p>\n<h3>Comment se connecter via l&rsquo;application mobile<\/h3>\n<p>Se connecter \u00e0 Happyjokers sur un appareil mobile est plus simple que vous ne l&rsquo;auriez imagin\u00e9. Pour ce faire :<\/p>\n<ol>\n<li>Dans le coin sup\u00e9rieur droit de la page d&rsquo;accueil, rep\u00e9rez le bouton violet \u00ab Se connecter \u00bb.<\/li>\n<li>Saisissez votre adresse e-mail et votre mot de passe, puis validez vos informations.<\/li>\n<\/ol>\n<p>Une fois connect\u00e9 \u00e0 votre compte, vous pourrez d\u00e9couvrir une multitude de jeux et de fonctionnalit\u00e9s int\u00e9ressantes :<\/p>\n<ul>\n<li>Retirez vos gains : g\u00e9rez vos op\u00e9rations financi\u00e8res en toute s\u00e9curit\u00e9 gr\u00e2ce aux nombreuses options de paiement que nous proposons.<\/li>\n<li>Parcourez l&rsquo;historique des transactions : consultez tous les mouvements de votre argent et suivez facilement vos bonus.<\/li>\n<li>Modifiez vos donn\u00e9es personnelles : modifiez vos informations personnelles, les param\u00e8tres de votre compte et vos m\u00e9thodes de paiement \u00e0 votre guise.<\/li>\n<li>Mettez \u00e0 jour vos param\u00e8tres de s\u00e9curit\u00e9 : activez ou d\u00e9sactivez l&rsquo;authentification \u00e0 deux facteurs (2FA) pour prot\u00e9ger votre compte et vous connecter \u00e0 Happyjokers en toute s\u00e9curit\u00e9.<\/li>\n<li>Participez \u00e0 des promotions et \u00e0 des tournois : acc\u00e9dez aux \u00e9v\u00e9nements en cours et r\u00e9clamez des bonus.<\/li>\n<li>Modifier les param\u00e8tres de jeu : personnalisez enti\u00e8rement votre exp\u00e9rience de jeu sur Happyjokers pour une exp\u00e9rience unique.<\/li>\n<\/ul>\n<h3>Vous avez oubli\u00e9 votre mot de passe ?<\/h3>\n<p>La proc\u00e9dure de r\u00e9cup\u00e9ration d&rsquo;un mot de passe oubli\u00e9 est simple et extr\u00eamement s\u00e9curis\u00e9e. Notre syst\u00e8me dispose d&rsquo;un plan de secours pour ce type de situation :<\/p>\n<ol>\n<li>Lorsque vous cliquez sur \u00ab Se connecter \u00bb, sous le formulaire, vous pouvez voir l&rsquo;option \u00ab Mot de passe oubli\u00e9 ? \u00bb. Cliquez dessus.<\/li>\n<li>Saisissez votre adresse e-mail enregistr\u00e9e.<\/li>\n<li>Suivez les instructions que nous vous envoyons dans votre bo\u00eete de r\u00e9ception pour r\u00e9cup\u00e9rer votre mot de passe. Il vous suffit de cliquer sur un lien et de d\u00e9finir un nouveau mot de passe.<\/li>\n<li>Cr\u00e9ez un mot de passe fort.<\/li>\n<\/ol>\n<p>Pour obtenir une aide suppl\u00e9mentaire, il vous suffit d&rsquo;\u00e9crire \u00e0 notre bot aliment\u00e9 par l&rsquo;IA via le chat en direct.<\/p>\n<h2>V\u00e9rification sur Happy Jokers Casino<\/h2>\n<p>La v\u00e9rification sur Happy Jokers Casino est une \u00e9tape cruciale et initiale qui garantit un environnement de jeu s\u00fbr et le respect des normes r\u00e9glementaires. Tous les joueurs doivent la r\u00e9ussir s&rsquo;ils souhaitent continuer \u00e0 jouer et \u00e0 gagner de l&rsquo;argent r\u00e9el.<\/p>\n<table>\n<tbody>\n<tr>\n<td>\u00c9tape<\/td>\n<td>Description<\/td>\n<td>Documents requis<\/td>\n<\/tr>\n<tr>\n<td>V\u00e9rification d&rsquo;identit\u00e9<\/td>\n<td>Confirmez votre identit\u00e9 en t\u00e9l\u00e9chargeant un document.<\/td>\n<td>Passeport, permis de conduire ou carte d&rsquo;identit\u00e9 nationale<\/td>\n<\/tr>\n<tr>\n<td>V\u00e9rification du paiement<\/td>\n<td>V\u00e9rifiez la provenance des fonds pour les d\u00e9p\u00f4ts.<\/td>\n<td>Relev\u00e9 bancaire r\u00e9cent ou re\u00e7u de paiement<\/td>\n<\/tr>\n<\/tbody>\n<\/table>\n<p>Le maintien d&rsquo;un processus de v\u00e9rification unique facilite \u00e0 la fois les d\u00e9p\u00f4ts, les retraits et la r\u00e9cup\u00e9ration de compte des joueurs, tout en pr\u00e9servant l&rsquo;int\u00e9grit\u00e9 de notre plateforme.<\/p>\n<h2>FAQ<\/h2>\n<h3>L&rsquo;historique des connexions est-il disponible pour consultation ?<\/h3>\n<p>Vous pouvez \u00e0 tout moment acc\u00e9der \u00e0 votre tableau de bord personnel pour consulter toutes les connexions et d\u00e9connexions de votre compte. Vous pourrez ainsi suivre non seulement vos propres actions, mais \u00e9galement toute activit\u00e9 suspecte.<\/p>\n<h3>L&rsquo;authentification \u00e0 deux facteurs est-elle disponible ?<\/h3>\n<p>Nous vous recommandons vivement de l&rsquo;activer et d&rsquo;utiliser un t\u00e9l\u00e9phone pour recevoir des notifications afin de valider votre connexion \u00e0 Happyjokers. L&rsquo;activation de l&rsquo;authentification \u00e0 deux facteurs est toujours une excellente id\u00e9e, car elle ajoute une couche de s\u00e9curit\u00e9 suppl\u00e9mentaire en exigeant un code de v\u00e9rification provenant d&rsquo;une application mobile lors de la connexion, prot\u00e9geant ainsi les comptes contre les acc\u00e8s frauduleux et le phishing.<\/p>\n<h3>Puis-je cr\u00e9er plusieurs comptes sur votre casino en ligne ?<\/h3>\n<p>Nous appliquons une politique stricte selon laquelle chaque joueur ne peut poss\u00e9der qu&rsquo;un seul compte. Nous v\u00e9rifions et contr\u00f4lons tous les clients afin de d\u00e9tecter les comptes multiples par utilisateur, afin de garantir le fair-play et le respect des normes l\u00e9gales.<\/p>\n<h3>Que se passe-t-il si je ne r\u00e9ussis pas le processus de v\u00e9rification ?<\/h3>\n<p>Vous n&rsquo;avez pas \u00e0 vous en inqui\u00e9ter outre mesure : il vous suffit de repasser le processus en tenant compte de toutes les informations que nous vous envoyons dans les commentaires de notre service d&rsquo;assistance multilingue. L&rsquo;\u00e9chec du processus de v\u00e9rification peut entra\u00eener des restrictions sur les retraits. Dans ce cas, nos responsables vous aideront \u00e0 fournir les documents suppl\u00e9mentaires demand\u00e9s.<\/p>\n<\/div><\/div><\/p>\n","protected":false},"excerpt":{"rendered":"<p>Connexion \u00e0 Happyjokers Pour acc\u00e9der \u00e0 notre casino et b\u00e9n\u00e9ficier de toutes les fonctionnalit\u00e9s, du tableau de bord et des jeux, vous devez effectuer le Happyjokers login. Notre technologie robuste et notre version mobile, dot\u00e9e d&rsquo;astuces de gamification incroyables, sont r\u00e9serv\u00e9es aux utilisateurs enregistr\u00e9s. Vous pouvez compter sur une \u00e9quipe d&rsquo;assistance d\u00e9di\u00e9e pour vous aider [&hellip;]<\/p>\n","protected":false},"author":1,"featured_media":0,"parent":0,"menu_order":0,"comment_status":"closed","ping_status":"closed","template":"template-builder.php","meta":{"_acf_changed":false,"inline_featured_image":false,"footnotes":""},"class_list":["post-1498","page","type-page","status-publish","hentry"],"acf":[],"yoast_head":"<!-- This site is optimized with the Yoast SEO plugin v27.3 - https:\/\/yoast.com\/product\/yoast-seo-wordpress\/ -->\n<title>Happyjokers Login: Acc\u00e8s au compte et r\u00e9initialisation du mot de passe<\/title>\n<meta name=\"description\" content=\"Happyjokers Login vous permet de vous connecter rapidement et d&#039;acc\u00e9der \u00e0 votre compte en quelques clics. Cr\u00e9ez un nouveau profil, r\u00e9cup\u00e9rez l&#039;acc\u00e8s gr\u00e2ce \u00e0 l&#039;option \u00ab Mot de passe oubli\u00e9 ? \u00bb et g\u00e9rez votre portefeuille, vos d\u00e9p\u00f4ts et retraits, ainsi que les param\u00e8tres de votre compte sur tous vos appareils.\" \/>\n<meta name=\"robots\" content=\"index, follow, max-snippet:-1, max-image-preview:large, max-video-preview:-1\" \/>\n<link rel=\"canonical\" href=\"https:\/\/happyjokers.net\/fr\/connexion-et-inscription\/\" \/>\n<meta property=\"og:locale\" content=\"fr_FR\" \/>\n<meta property=\"og:type\" content=\"article\" \/>\n<meta property=\"og:title\" content=\"Happyjokers Login: Acc\u00e8s au compte et r\u00e9initialisation du mot de passe\" \/>\n<meta property=\"og:description\" content=\"Happyjokers Login vous permet de vous connecter rapidement et d&#039;acc\u00e9der \u00e0 votre compte en quelques clics. Cr\u00e9ez un nouveau profil, r\u00e9cup\u00e9rez l&#039;acc\u00e8s gr\u00e2ce \u00e0 l&#039;option \u00ab Mot de passe oubli\u00e9 ? \u00bb et g\u00e9rez votre portefeuille, vos d\u00e9p\u00f4ts et retraits, ainsi que les param\u00e8tres de votre compte sur tous vos appareils.\" \/>\n<meta property=\"og:url\" content=\"https:\/\/happyjokers.net\/fr\/connexion-et-inscription\/\" \/>\n<meta property=\"og:site_name\" content=\"Happyjokers\" \/>\n<meta property=\"article:modified_time\" content=\"2026-04-07T09:55:35+00:00\" \/>\n<meta name=\"twitter:card\" content=\"summary_large_image\" \/>\n<meta name=\"twitter:label1\" content=\"Dur\u00e9e de lecture estim\u00e9e\" \/>\n\t<meta name=\"twitter:data1\" content=\"1 minute\" \/>\n<script type=\"application\/ld+json\" class=\"yoast-schema-graph\">{\"@context\":\"https:\\\/\\\/schema.org\",\"@graph\":[{\"@type\":\"WebPage\",\"@id\":\"https:\\\/\\\/happyjokers.net\\\/fr\\\/connexion-et-inscription\\\/\",\"url\":\"https:\\\/\\\/happyjokers.net\\\/fr\\\/connexion-et-inscription\\\/\",\"name\":\"Happyjokers Login: Acc\u00e8s au compte et r\u00e9initialisation du mot de passe\",\"isPartOf\":{\"@id\":\"https:\\\/\\\/happyjokers.net\\\/fr\\\/#website\"},\"datePublished\":\"2026-04-06T15:31:34+00:00\",\"dateModified\":\"2026-04-07T09:55:35+00:00\",\"description\":\"Happyjokers Login vous permet de vous connecter rapidement et d'acc\u00e9der \u00e0 votre compte en quelques clics. Cr\u00e9ez un nouveau profil, r\u00e9cup\u00e9rez l'acc\u00e8s gr\u00e2ce \u00e0 l'option \u00ab Mot de passe oubli\u00e9 ? \u00bb et g\u00e9rez votre portefeuille, vos d\u00e9p\u00f4ts et retraits, ainsi que les param\u00e8tres de votre compte sur tous vos appareils.\",\"breadcrumb\":{\"@id\":\"https:\\\/\\\/happyjokers.net\\\/fr\\\/connexion-et-inscription\\\/#breadcrumb\"},\"inLanguage\":\"fr-FR\",\"potentialAction\":[{\"@type\":\"ReadAction\",\"target\":[\"https:\\\/\\\/happyjokers.net\\\/fr\\\/connexion-et-inscription\\\/\"]}]},{\"@type\":\"BreadcrumbList\",\"@id\":\"https:\\\/\\\/happyjokers.net\\\/fr\\\/connexion-et-inscription\\\/#breadcrumb\",\"itemListElement\":[{\"@type\":\"ListItem\",\"position\":1,\"name\":\"Happyjokers\",\"item\":\"https:\\\/\\\/happyjokers.net\\\/fr\\\/\"},{\"@type\":\"ListItem\",\"position\":2,\"name\":\"Connexion et inscription\"}]},{\"@type\":\"WebSite\",\"@id\":\"https:\\\/\\\/happyjokers.net\\\/fr\\\/#website\",\"url\":\"https:\\\/\\\/happyjokers.net\\\/fr\\\/\",\"name\":\"Happyjokers\",\"description\":\"\",\"publisher\":{\"@id\":\"https:\\\/\\\/happyjokers.net\\\/fr\\\/#organization\"},\"potentialAction\":[{\"@type\":\"SearchAction\",\"target\":{\"@type\":\"EntryPoint\",\"urlTemplate\":\"https:\\\/\\\/happyjokers.net\\\/fr\\\/?s={search_term_string}\"},\"query-input\":{\"@type\":\"PropertyValueSpecification\",\"valueRequired\":true,\"valueName\":\"search_term_string\"}}],\"inLanguage\":\"fr-FR\"},{\"@type\":\"Organization\",\"@id\":\"https:\\\/\\\/happyjokers.net\\\/fr\\\/#organization\",\"name\":\"Happyjokers\",\"url\":\"https:\\\/\\\/happyjokers.net\\\/fr\\\/\",\"logo\":{\"@type\":\"ImageObject\",\"inLanguage\":\"fr-FR\",\"@id\":\"https:\\\/\\\/happyjokers.net\\\/fr\\\/#\\\/schema\\\/logo\\\/image\\\/\",\"url\":\"https:\\\/\\\/happyjokers.net\\\/wp-content\\\/uploads\\\/2026\\\/04\\\/Casino-Logo-Desktop-1.png\",\"contentUrl\":\"https:\\\/\\\/happyjokers.net\\\/wp-content\\\/uploads\\\/2026\\\/04\\\/Casino-Logo-Desktop-1.png\",\"width\":237,\"height\":91,\"caption\":\"Happyjokers\"},\"image\":{\"@id\":\"https:\\\/\\\/happyjokers.net\\\/fr\\\/#\\\/schema\\\/logo\\\/image\\\/\"}}]}<\/script>\n<!-- \/ Yoast SEO plugin. -->","yoast_head_json":{"title":"Happyjokers Login: Acc\u00e8s au compte et r\u00e9initialisation du mot de passe","description":"Happyjokers Login vous permet de vous connecter rapidement et d'acc\u00e9der \u00e0 votre compte en quelques clics. Cr\u00e9ez un nouveau profil, r\u00e9cup\u00e9rez l'acc\u00e8s gr\u00e2ce \u00e0 l'option \u00ab Mot de passe oubli\u00e9 ? \u00bb et g\u00e9rez votre portefeuille, vos d\u00e9p\u00f4ts et retraits, ainsi que les param\u00e8tres de votre compte sur tous vos appareils.","robots":{"index":"index","follow":"follow","max-snippet":"max-snippet:-1","max-image-preview":"max-image-preview:large","max-video-preview":"max-video-preview:-1"},"canonical":"https:\/\/happyjokers.net\/fr\/connexion-et-inscription\/","og_locale":"fr_FR","og_type":"article","og_title":"Happyjokers Login: Acc\u00e8s au compte et r\u00e9initialisation du mot de passe","og_description":"Happyjokers Login vous permet de vous connecter rapidement et d'acc\u00e9der \u00e0 votre compte en quelques clics. Cr\u00e9ez un nouveau profil, r\u00e9cup\u00e9rez l'acc\u00e8s gr\u00e2ce \u00e0 l'option \u00ab Mot de passe oubli\u00e9 ? \u00bb et g\u00e9rez votre portefeuille, vos d\u00e9p\u00f4ts et retraits, ainsi que les param\u00e8tres de votre compte sur tous vos appareils.","og_url":"https:\/\/happyjokers.net\/fr\/connexion-et-inscription\/","og_site_name":"Happyjokers","article_modified_time":"2026-04-07T09:55:35+00:00","twitter_card":"summary_large_image","twitter_misc":{"Dur\u00e9e de lecture estim\u00e9e":"1 minute"},"schema":{"@context":"https:\/\/schema.org","@graph":[{"@type":"WebPage","@id":"https:\/\/happyjokers.net\/fr\/connexion-et-inscription\/","url":"https:\/\/happyjokers.net\/fr\/connexion-et-inscription\/","name":"Happyjokers Login: Acc\u00e8s au compte et r\u00e9initialisation du mot de passe","isPartOf":{"@id":"https:\/\/happyjokers.net\/fr\/#website"},"datePublished":"2026-04-06T15:31:34+00:00","dateModified":"2026-04-07T09:55:35+00:00","description":"Happyjokers Login vous permet de vous connecter rapidement et d'acc\u00e9der \u00e0 votre compte en quelques clics. Cr\u00e9ez un nouveau profil, r\u00e9cup\u00e9rez l'acc\u00e8s gr\u00e2ce \u00e0 l'option \u00ab Mot de passe oubli\u00e9 ? \u00bb et g\u00e9rez votre portefeuille, vos d\u00e9p\u00f4ts et retraits, ainsi que les param\u00e8tres de votre compte sur tous vos appareils.","breadcrumb":{"@id":"https:\/\/happyjokers.net\/fr\/connexion-et-inscription\/#breadcrumb"},"inLanguage":"fr-FR","potentialAction":[{"@type":"ReadAction","target":["https:\/\/happyjokers.net\/fr\/connexion-et-inscription\/"]}]},{"@type":"BreadcrumbList","@id":"https:\/\/happyjokers.net\/fr\/connexion-et-inscription\/#breadcrumb","itemListElement":[{"@type":"ListItem","position":1,"name":"Happyjokers","item":"https:\/\/happyjokers.net\/fr\/"},{"@type":"ListItem","position":2,"name":"Connexion et inscription"}]},{"@type":"WebSite","@id":"https:\/\/happyjokers.net\/fr\/#website","url":"https:\/\/happyjokers.net\/fr\/","name":"Happyjokers","description":"","publisher":{"@id":"https:\/\/happyjokers.net\/fr\/#organization"},"potentialAction":[{"@type":"SearchAction","target":{"@type":"EntryPoint","urlTemplate":"https:\/\/happyjokers.net\/fr\/?s={search_term_string}"},"query-input":{"@type":"PropertyValueSpecification","valueRequired":true,"valueName":"search_term_string"}}],"inLanguage":"fr-FR"},{"@type":"Organization","@id":"https:\/\/happyjokers.net\/fr\/#organization","name":"Happyjokers","url":"https:\/\/happyjokers.net\/fr\/","logo":{"@type":"ImageObject","inLanguage":"fr-FR","@id":"https:\/\/happyjokers.net\/fr\/#\/schema\/logo\/image\/","url":"https:\/\/happyjokers.net\/wp-content\/uploads\/2026\/04\/Casino-Logo-Desktop-1.png","contentUrl":"https:\/\/happyjokers.net\/wp-content\/uploads\/2026\/04\/Casino-Logo-Desktop-1.png","width":237,"height":91,"caption":"Happyjokers"},"image":{"@id":"https:\/\/happyjokers.net\/fr\/#\/schema\/logo\/image\/"}}]}},"_links":{"self":[{"href":"https:\/\/happyjokers.net\/fr\/wp-json\/wp\/v2\/pages\/1498","targetHints":{"allow":["GET"]}}],"collection":[{"href":"https:\/\/happyjokers.net\/fr\/wp-json\/wp\/v2\/pages"}],"about":[{"href":"https:\/\/happyjokers.net\/fr\/wp-json\/wp\/v2\/types\/page"}],"author":[{"embeddable":true,"href":"https:\/\/happyjokers.net\/fr\/wp-json\/wp\/v2\/users\/1"}],"replies":[{"embeddable":true,"href":"https:\/\/happyjokers.net\/fr\/wp-json\/wp\/v2\/comments?post=1498"}],"version-history":[{"count":2,"href":"https:\/\/happyjokers.net\/fr\/wp-json\/wp\/v2\/pages\/1498\/revisions"}],"predecessor-version":[{"id":1559,"href":"https:\/\/happyjokers.net\/fr\/wp-json\/wp\/v2\/pages\/1498\/revisions\/1559"}],"wp:attachment":[{"href":"https:\/\/happyjokers.net\/fr\/wp-json\/wp\/v2\/media?parent=1498"}],"curies":[{"name":"wp","href":"https:\/\/api.w.org\/{rel}","templated":true}]}}