{"id":1455,"date":"2026-04-06T16:27:21","date_gmt":"2026-04-06T15:27:21","guid":{"rendered":"https:\/\/happyjokers.net\/app\/"},"modified":"2026-04-07T10:52:39","modified_gmt":"2026-04-07T09:52:39","slug":"app","status":"publish","type":"page","link":"https:\/\/happyjokers.net\/fr\/app\/","title":{"rendered":"App"},"content":{"rendered":"<h1>Application Happyjokers : jeux de casino sur mobile<\/h1>\n<p>Si vous souhaitez acc\u00e9der \u00e0 l&rsquo;\u00e9norme catalogue de plus de 6 000 titres de notre casino depuis un appareil mobile, ne cherchez pas plus loin : Happyjokers app est faite pour vous. Nous proposons \u00e0 tous les joueurs des tournois dynamiques et des fonctionnalit\u00e9s sympas qui peuvent vous rapporter beaucoup d&rsquo;argent. Notre application a tout ce dont vous avez besoin : mobilit\u00e9, rapidit\u00e9, s\u00e9curit\u00e9 et un design portable capable de faire passer votre exp\u00e9rience de jeu au niveau sup\u00e9rieur. Vous pouvez toujours jouer \u00e0 des jeux en direct avec nous, profiter des machines \u00e0 sous et faire tourner la Roue de la Fortune, le tout accompagn\u00e9 des promotions et \u00e9v\u00e9nements exclusifs du casino Happy Jokers.<\/p>\n<div class=\"banner-wrap\" aria-label=\"Banner\"><img src=\"https:\/\/happyjokers.net\/wp-content\/uploads\/2026\/04\/Banner-Desktop.webp\" class=\"w-100 d-none d-lg-block img-pc main-banner-img\" alt=\"Banner Desktop\" fetchpriority=\"high\" decoding=\"async\"><img src=\"https:\/\/happyjokers.net\/wp-content\/uploads\/2026\/04\/Banner-mobile.webp\" class=\"w-100 d-none d-md-block d-lg-none main-banner-img\" alt=\"Banner mobile\" fetchpriority=\"high\" decoding=\"async\"><img src=\"https:\/\/happyjokers.net\/wp-content\/uploads\/2026\/04\/Banner-mobile.webp\" class=\"w-100 d-md-none\" alt=\"Banner mobile\" fetchpriority=\"high\" decoding=\"async\"><div class=\"banner-description\">\n<div class=\"banner-title\">Bonus de bienvenue<\/div>\n<p class=\"banner-header-title\">1 500 \u20ac<\/p>\n<div class=\"banner-header-AdditionalText\">+ 250 Tours gratuits<\/div>\n<button data-item=\"homepage_banner_link\" class=\"goto m-button m-gradient-border m-button--primary m-button--large banner-button btn-orange\">\n            <div class=\"m-button-content\">\n                <span>Inscrivez-vous d\u00e8s maintenant<\/span>\n                <span><\/span>\n            <\/div>\n        <\/button>\n<\/div>\n<div class=\"WelcomePack\">\n<p><img loading=\"lazy\" decoding=\"async\" class=\"alignnone size-full wp-image-1540\" src=\"https:\/\/happyjokers.net\/wp-content\/uploads\/2026\/04\/welcome-crown-1.png\" alt=\"\" width=\"25\" height=\"26\" \/><\/p>\n<div class=\"WelcomePack-Info\">Cashback hebdomadaire jusqu&rsquo;\u00e0 25 %<\/div>\n<p><img loading=\"lazy\" decoding=\"async\" class=\"alignnone size-full wp-image-1528\" src=\"https:\/\/happyjokers.net\/wp-content\/uploads\/welcome-crown-1.png\" alt=\"welcome crown\" width=\"25\" height=\"26\" \/><\/p>\n<\/div>\n<\/div>\n<h2>Avantages et fonctionnalit\u00e9s de l&rsquo;application Happyjokers<\/h2>\n<p>Les performances optimis\u00e9es de notre PWA sont vraiment impressionnantes. Nous combinons des fonctionnalit\u00e9s exceptionnelles avec une interface intuitive et facile \u00e0 comprendre, le tout dans une seule application. Nous vous garantissons un environnement de jeu fluide, encore meilleur que le jeu traditionnel sur ordinateur de bureau.<\/p>\n<p>Vous pouvez profiter d&rsquo;une exp\u00e9rience fluide sur tous vos appareils mobiles, car nous avons sp\u00e9cialement adapt\u00e9 la conception du logiciel \u00e0 cet effet. L&rsquo;application Happyjokers offre une mobilit\u00e9 totale, une navigation facile et un acc\u00e8s \u00e0 tous les jeux en direct et classiques. Vous pouvez \u00e9galement profiter :<\/p>\n<ul>\n<li>d&rsquo;un temps de chargement rapide sur n&rsquo;importe quel appareil ;<\/li>\n<li>d&rsquo;une protection de haut niveau ;<\/li>\n<li>des graphismes 3D et une r\u00e9solution HD pour tous les jeux.<\/li>\n<\/ul>\n<p>L&rsquo;application Happyjokers Casino est unique, mais elle convient \u00e0 tous les types d&rsquo;amateurs de casino, m\u00eame aux d\u00e9butants. Les joueurs professionnels et ceux qui misent gros pourront tout autant en profiter, car ils appr\u00e9cieront certainement la polyvalence et les fonctionnalit\u00e9s technologiques avanc\u00e9es de la plateforme.<\/p>\n<table>\n<tbody>\n<tr>\n<td>Fonctionnalit\u00e9<\/td>\n<td>Plateforme de bureau<\/td>\n<td>Application Happyjokers<\/td>\n<td>Avantages du jeu sur mobile<\/td>\n<\/tr>\n<tr>\n<td>Accessibilit\u00e9<\/td>\n<td>N\u00e9cessite un ordinateur de bureau ou un ordinateur portable<\/td>\n<td>Disponible sur smartphones et tablettes<\/td>\n<td>Jouez o\u00f9 que vous soyez<\/td>\n<\/tr>\n<tr>\n<td>Performances<\/td>\n<td>D\u00e9pend du mat\u00e9riel et de la vitesse de connexion Internet<\/td>\n<td>Optimis\u00e9 pour la vitesse et la r\u00e9activit\u00e9<\/td>\n<td>Temps de chargement plus courts et gameplay plus fluide<\/td>\n<\/tr>\n<tr>\n<td>Navigation<\/td>\n<td>Menu complet et interface d\u00e9taill\u00e9e<\/td>\n<td>Mise en page simplifi\u00e9e et adapt\u00e9e au tactile<\/td>\n<td>Navigation plus facile, en particulier sur les petits \u00e9crans<\/td>\n<\/tr>\n<tr>\n<td>S\u00e9curit\u00e9<\/td>\n<td>Protocoles de s\u00e9curit\u00e9 en ligne standard<\/td>\n<td>Cryptage avanc\u00e9 et connexion s\u00e9curis\u00e9e<\/td>\n<td>Garantit la s\u00e9curit\u00e9 lors des transactions et du jeu<\/td>\n<\/tr>\n<\/tbody>\n<\/table>\n<p><div class=\"scrollable-content-wrap my-5\"><div class=\"scrollable-content-inner\"><h2>Application mobile pour iOS<\/h2>\n<p>Pour les utilisateurs de produits Apple, nous avons sp\u00e9cialement con\u00e7u notre application Happyjokers. Sans t\u00e9l\u00e9chargements inutiles et volumineux qui encombrent la m\u00e9moire de votre iPhone, vous pouvez profiter de notre version mobile. D\u00e9velopp\u00e9e sous forme d&rsquo;application web progressive (PWA), nous l&rsquo;avons si bien pens\u00e9e qu&rsquo;elle vous offre un acc\u00e8s rapide sans aucun probl\u00e8me.<\/p>\n<p>Notre version iOS est tr\u00e8s pratique car elle privil\u00e9gie la rapidit\u00e9, la s\u00e9curit\u00e9 (nous avons int\u00e9gr\u00e9 le dernier cryptage TLS 1.3), des performances fluides et des jeux, afin que vous puissiez profiter d&rsquo;une v\u00e9ritable ambiance de casino mobile sur votre iPhone et votre iPad.<\/p>\n<p>Vous pouvez \u00eatre s\u00fbr de rester \u00e0 la pointe des derni\u00e8res fonctionnalit\u00e9s du jeu mobile et de ne rien manquer. Toutes les fonctionnalit\u00e9s et am\u00e9liorations de la version compl\u00e8te sont int\u00e9gr\u00e9es, il n\u2019y a donc pratiquement aucune diff\u00e9rence entre la version de bureau de Happyjokers Casino et la version mobile. Vous pouvez g\u00e9rer efficacement votre compte et votre tableau de bord, et vous n\u2019aurez aucun probl\u00e8me pour charger des jeux tels que Coin Strike : Hold and Win de Playson, Sic Bo d\u2019ICONIC21 ou Bac Bo d\u2019Evolution \u2014 ils fonctionnent tous parfaitement et sont tr\u00e8s en vogue en ce moment !<\/p>\n<p><img loading=\"lazy\" decoding=\"async\" src=\"https:\/\/happyjokers.net\/wp-content\/uploads\/2026\/04\/HappyJokers-iOS.webp\" alt=\"HappyJokers iOS\" width=\"1248\" height=\"536\" \/><\/p>\n<\/div><\/div><div style=\"clear: both\"><\/div><div class=\"d-flex justify-content-center\"><button data-item=\"decouvrez_link\" data-group=\"website_links\" class=\"goto fw-bold rounded-pill btn btn-orange\" aria-label=\"T\u00e9l\u00e9chargez l&#039;application HappyJokers\" >T\u00e9l\u00e9chargez l&#039;application HappyJokers<\/button><\/div><div class=\"scrollable-content-wrap my-5\"><div class=\"scrollable-content-inner\"><h2>Application Happyjokers pour Android<\/h2>\n<p>La version de l&rsquo;application Happy Jokers Casino pour les utilisateurs d&rsquo;Android est \u00e9galement une PWA. Nous avons rendu notre logiciel enti\u00e8rement compatible avec divers t\u00e9l\u00e9phones et tablettes, et vous pouvez \u00eatre s\u00fbr que votre exp\u00e9rience optimis\u00e9e ne subira aucun ralentissement ni aucune d\u00e9faillance.<\/p>\n<p>Vous pouvez installer notre application sans vous soucier des mises \u00e0 jour, car celles-ci s&rsquo;effectuent automatiquement, en arri\u00e8re-plan, sans aucune intervention de votre part. Voici d&rsquo;autres avantages :<\/p>\n<ul>\n<li>Elle ne sollicite pas la batterie de votre t\u00e9l\u00e9phone, ce qui est crucial pour les joueurs Android.<\/li>\n<li>Vous pouvez naviguer en toute fluidit\u00e9 parmi les diff\u00e9rentes cat\u00e9gories de jeux de Happyjokers Casino \u2014 Collection de Books, Bonus Buy, Drops &amp; Wins, Instant Wins, Jackpots et bien d\u2019autres \u2014 ainsi que consulter les promotions et les tournois et mettre \u00e0 jour les param\u00e8tres de votre compte.<\/li>\n<\/ul>\n<p>Nous esp\u00e9rons que vous donnerez une chance \u00e0 l&rsquo;application Happyjokers et que vous constaterez par vous-m\u00eame que vous pouvez profiter de l&rsquo;ensemble des fonctionnalit\u00e9s de notre casino sur n&rsquo;importe quel appareil Android sans interruption.<\/p>\n<p><img loading=\"lazy\" decoding=\"async\" src=\"https:\/\/happyjokers.net\/wp-content\/uploads\/2026\/04\/HappyJokers-Android.webp\" alt=\"HappyJokers Android\" width=\"1248\" height=\"536\" \/><\/p>\n<\/div><\/div><div style=\"clear: both\"><\/div><div class=\"d-flex justify-content-center\"><button data-item=\"decouvrez_link\" data-group=\"website_links\" class=\"goto fw-bold rounded-pill btn btn-orange\" aria-label=\"T\u00e9l\u00e9chargez l&#039;application HappyJokers\" >T\u00e9l\u00e9chargez l&#039;application HappyJokers<\/button><\/div><div class=\"scrollable-content-wrap my-5\"><div class=\"scrollable-content-inner\"><h2>Jouez \u00e0 Happy Jokers Casino sur Mac ou Windows<\/h2>\n<p>Mais si les smartphones ne sont pas votre tasse de th\u00e9 et que vous pr\u00e9f\u00e9rez jouer sur le grand \u00e9cran de votre ordinateur personnel, alors la version de bureau de Happy Jokers Casino est exactement ce qu&rsquo;il vous faut. Nous proposons en effet une option d\u00e9di\u00e9e aux syst\u00e8mes d&rsquo;exploitation Mac et Windows.<\/p>\n<p>Vous plongerez compl\u00e8tement dans l&rsquo;univers num\u00e9rique du jeu, en profitant d&rsquo;une ambiance de casino r\u00e9aliste, en interagissant avec des croupiers professionnels et en b\u00e9n\u00e9ficiant de l&rsquo;assistance de l&rsquo;\u00e9quipe via le chat en direct.<\/p>\n<p>Nous avons \u00e9galement ajout\u00e9 des fonctionnalit\u00e9s telles que :<\/p>\n<ul>\n<li>Inscription et connexion rapides ;<\/li>\n<li>Navigation compl\u00e8te sur le site web et les onglets ;<\/li>\n<li>Un processus de v\u00e9rification KYC simple et pratique ;<\/li>\n<li>Des d\u00e9p\u00f4ts et retraits s\u00e9curis\u00e9s.<\/li>\n<\/ul>\n<p>Nous avons con\u00e7u toutes nos versions, y compris l&rsquo;application PWA, pour qu&rsquo;elles soient conviviales pour tous les types de joueurs. Nous sommes heureux de vous annoncer que vous avez tout \u00e0 gagner en vous inscrivant chez nous. La version pour ordinateur de bureau est id\u00e9ale pour les amateurs de grands \u00e9crans, car elle dispose d&rsquo;une fonctionnalit\u00e9 d&rsquo;ajustement de la taille et d&rsquo;une interface de jeu plus d\u00e9taill\u00e9e, garantissant une exp\u00e9rience haut de gamme.<\/p>\n<h2>Comment installer l&rsquo;application Happy Jokers sur n&rsquo;importe quel appareil<\/h2>\n<p>Selon le mod\u00e8le de votre appareil ou de votre tablette, vous devez effectuer l&rsquo;une des actions simples suivantes pour obtenir l&rsquo;application Happy Jokers :<\/p>\n<ul>\n<li>Pour les t\u00e9l\u00e9phones iOS : vous devez vous rendre sur notre site web depuis un appareil mobile et ajouter le raccourci \u00e0 l&rsquo;\u00e9cran d&rsquo;accueil. Notre PWA se charge instantan\u00e9ment ; en une seconde, vous verrez donc l&rsquo;ic\u00f4ne.<\/li>\n<li>Appareils Android : sur la page d&rsquo;accueil de Happyjokers Casino, cliquez sur le bouton \u00ab Casino App \u00bb, puis proc\u00e9dez \u00e0 l&rsquo;installation.<\/li>\n<li>Ordinateurs de bureau Windows et Mac : vous pouvez profiter de notre site web directement depuis votre navigateur. Dans les param\u00e8tres, choisissez l&rsquo;option \u00ab Ajouter \u00e0 l&rsquo;\u00e9cran d&rsquo;accueil \u00bb pour un acc\u00e8s plus rapide et jouez \u00e0 nos jeux sans attendre.<\/li>\n<\/ul>\n<p>Notre PWA peut \u00eatre lanc\u00e9e dans n&rsquo;importe quel navigateur moderne, y compris Safari, Chrome et Firefox. Il vous suffit de vous rendre sur n&rsquo;importe quelle page Happyjokers de votre choix et d&rsquo;ajouter l&rsquo;application \u00e0 votre \u00e9cran d&rsquo;accueil ou \u00e0 votre bureau pour un acc\u00e8s instantan\u00e9.<\/p>\n<p><img loading=\"lazy\" decoding=\"async\" src=\"https:\/\/happyjokers.net\/wp-content\/uploads\/2026\/04\/HappyJokers-Desktop.webp\" alt=\"HappyJokers Desktop\" width=\"1248\" height=\"536\" \/><\/p>\n<\/div><\/div><div style=\"clear: both\"><\/div><div class=\"d-flex justify-content-center\"><button data-item=\"decouvrez_link\" data-group=\"website_links\" class=\"goto fw-bold rounded-pill btn btn-orange\" aria-label=\"T\u00e9l\u00e9chargez l&#039;application HappyJokers\" >T\u00e9l\u00e9chargez l&#039;application HappyJokers<\/button><\/div><div class=\"scrollable-content-wrap my-5\"><div class=\"scrollable-content-inner\"><h2>FAQ<\/h2>\n<h3>Mon solde est-il synchronis\u00e9 en temps r\u00e9el sur tous mes appareils ?<\/h3>\n<p>Tout est toujours synchronis\u00e9 sur tous vos appareils lorsque vous jouez sur Happy Jokers Casino : l&rsquo;activit\u00e9 de votre tableau de bord, votre historique de jeu et de transactions. Vous recevez \u00e9galement des notifications push en temps r\u00e9el.<\/p>\n<h3>Faut-il cr\u00e9er un compte pour utiliser l&rsquo;application mobile ?<\/h3>\n<p>Si vous souhaitez simplement d\u00e9couvrir les jeux en mode d\u00e9mo, vous n&rsquo;avez pas besoin de vous inscrire sur Happyjokers Casino. Mais si votre objectif est de remporter des gains importants, de rivaliser avec d&rsquo;autres joueurs et de prouver votre talent, nous vous invitons \u00e0 cr\u00e9er un compte.<\/p>\n<h3>Comment puis-je mettre \u00e0 jour l&rsquo;application Happy Jokers ?<\/h3>\n<p>L&rsquo;application se met \u00e0 jour automatiquement. Vous n&rsquo;avez rien \u00e0 faire de votre c\u00f4t\u00e9, alors ne vous perdez pas dans les param\u00e8tres \u00e0 la recherche d&rsquo;une solution. Vous disposerez toujours de la meilleure version de l&rsquo;application, dot\u00e9e des derni\u00e8res fonctionnalit\u00e9s et d&rsquo;une s\u00e9curit\u00e9 renforc\u00e9e.<\/p>\n<h3>Tous les jeux sont-ils disponibles dans l&rsquo;application ?<\/h3>\n<p>Toutes les fonctionnalit\u00e9s et tous les jeux sont pr\u00e9sents dans la version mobile, tout comme sur PC. Vous pouvez profiter de toutes les machines \u00e0 sous en ligne populaires, des jeux de cartes, des achats de bonus, des gains instantan\u00e9s et d&rsquo;autres titres tendance. La plateforme est r\u00e9guli\u00e8rement mise \u00e0 jour avec de nouvelles sorties, garantissant une exp\u00e9rience compl\u00e8te.<\/p>\n<\/div><\/div><\/p>\n","protected":false},"excerpt":{"rendered":"<p>Application Happyjokers : jeux de casino sur mobile Si vous souhaitez acc\u00e9der \u00e0 l&rsquo;\u00e9norme catalogue de plus de 6 000 titres de notre casino depuis un appareil mobile, ne cherchez pas plus loin : Happyjokers app est faite pour vous. Nous proposons \u00e0 tous les joueurs des tournois dynamiques et des fonctionnalit\u00e9s sympas qui peuvent [&hellip;]<\/p>\n","protected":false},"author":1,"featured_media":0,"parent":0,"menu_order":0,"comment_status":"closed","ping_status":"closed","template":"template-builder.php","meta":{"_acf_changed":false,"inline_featured_image":false,"footnotes":""},"class_list":["post-1455","page","type-page","status-publish","hentry"],"acf":[],"yoast_head":"<!-- This site is optimized with the Yoast SEO plugin v27.3 - https:\/\/yoast.com\/product\/yoast-seo-wordpress\/ -->\n<title>Happyjokers App : Acc\u00e8s au casino partout sur iOS et Android<\/title>\n<meta name=\"description\" content=\"Happyjokers App est une application web progressive (PWA) rapide pour iOS et Android \u2014 sans fichier APK, ni Play Store, ni App Store. Utilisez la m\u00eame connexion sur tous vos appareils, et profitez \u00e9galement d&#039;une version web pour Windows et Mac.\" \/>\n<meta name=\"robots\" content=\"index, follow, max-snippet:-1, max-image-preview:large, max-video-preview:-1\" \/>\n<link rel=\"canonical\" href=\"https:\/\/happyjokers.net\/fr\/app\/\" \/>\n<meta property=\"og:locale\" content=\"fr_FR\" \/>\n<meta property=\"og:type\" content=\"article\" \/>\n<meta property=\"og:title\" content=\"Happyjokers App : Acc\u00e8s au casino partout sur iOS et Android\" \/>\n<meta property=\"og:description\" content=\"Happyjokers App est une application web progressive (PWA) rapide pour iOS et Android \u2014 sans fichier APK, ni Play Store, ni App Store. Utilisez la m\u00eame connexion sur tous vos appareils, et profitez \u00e9galement d&#039;une version web pour Windows et Mac.\" \/>\n<meta property=\"og:url\" content=\"https:\/\/happyjokers.net\/fr\/app\/\" \/>\n<meta property=\"og:site_name\" content=\"Happyjokers\" \/>\n<meta property=\"article:modified_time\" content=\"2026-04-07T09:52:39+00:00\" \/>\n<meta name=\"twitter:card\" content=\"summary_large_image\" \/>\n<meta name=\"twitter:label1\" content=\"Dur\u00e9e de lecture estim\u00e9e\" \/>\n\t<meta name=\"twitter:data1\" content=\"2 minutes\" \/>\n<script type=\"application\/ld+json\" class=\"yoast-schema-graph\">{\"@context\":\"https:\\\/\\\/schema.org\",\"@graph\":[{\"@type\":\"WebPage\",\"@id\":\"https:\\\/\\\/happyjokers.net\\\/fr\\\/app\\\/\",\"url\":\"https:\\\/\\\/happyjokers.net\\\/fr\\\/app\\\/\",\"name\":\"Happyjokers App : Acc\u00e8s au casino partout sur iOS et Android\",\"isPartOf\":{\"@id\":\"https:\\\/\\\/happyjokers.net\\\/fr\\\/#website\"},\"datePublished\":\"2026-04-06T15:27:21+00:00\",\"dateModified\":\"2026-04-07T09:52:39+00:00\",\"description\":\"Happyjokers App est une application web progressive (PWA) rapide pour iOS et Android \u2014 sans fichier APK, ni Play Store, ni App Store. Utilisez la m\u00eame connexion sur tous vos appareils, et profitez \u00e9galement d'une version web pour Windows et Mac.\",\"breadcrumb\":{\"@id\":\"https:\\\/\\\/happyjokers.net\\\/fr\\\/app\\\/#breadcrumb\"},\"inLanguage\":\"fr-FR\",\"potentialAction\":[{\"@type\":\"ReadAction\",\"target\":[\"https:\\\/\\\/happyjokers.net\\\/fr\\\/app\\\/\"]}]},{\"@type\":\"BreadcrumbList\",\"@id\":\"https:\\\/\\\/happyjokers.net\\\/fr\\\/app\\\/#breadcrumb\",\"itemListElement\":[{\"@type\":\"ListItem\",\"position\":1,\"name\":\"Happyjokers\",\"item\":\"https:\\\/\\\/happyjokers.net\\\/fr\\\/\"},{\"@type\":\"ListItem\",\"position\":2,\"name\":\"App\"}]},{\"@type\":\"WebSite\",\"@id\":\"https:\\\/\\\/happyjokers.net\\\/fr\\\/#website\",\"url\":\"https:\\\/\\\/happyjokers.net\\\/fr\\\/\",\"name\":\"Happyjokers\",\"description\":\"\",\"publisher\":{\"@id\":\"https:\\\/\\\/happyjokers.net\\\/fr\\\/#organization\"},\"potentialAction\":[{\"@type\":\"SearchAction\",\"target\":{\"@type\":\"EntryPoint\",\"urlTemplate\":\"https:\\\/\\\/happyjokers.net\\\/fr\\\/?s={search_term_string}\"},\"query-input\":{\"@type\":\"PropertyValueSpecification\",\"valueRequired\":true,\"valueName\":\"search_term_string\"}}],\"inLanguage\":\"fr-FR\"},{\"@type\":\"Organization\",\"@id\":\"https:\\\/\\\/happyjokers.net\\\/fr\\\/#organization\",\"name\":\"Happyjokers\",\"url\":\"https:\\\/\\\/happyjokers.net\\\/fr\\\/\",\"logo\":{\"@type\":\"ImageObject\",\"inLanguage\":\"fr-FR\",\"@id\":\"https:\\\/\\\/happyjokers.net\\\/fr\\\/#\\\/schema\\\/logo\\\/image\\\/\",\"url\":\"https:\\\/\\\/happyjokers.net\\\/wp-content\\\/uploads\\\/2026\\\/04\\\/Casino-Logo-Desktop-1.png\",\"contentUrl\":\"https:\\\/\\\/happyjokers.net\\\/wp-content\\\/uploads\\\/2026\\\/04\\\/Casino-Logo-Desktop-1.png\",\"width\":237,\"height\":91,\"caption\":\"Happyjokers\"},\"image\":{\"@id\":\"https:\\\/\\\/happyjokers.net\\\/fr\\\/#\\\/schema\\\/logo\\\/image\\\/\"}}]}<\/script>\n<!-- \/ Yoast SEO plugin. -->","yoast_head_json":{"title":"Happyjokers App : Acc\u00e8s au casino partout sur iOS et Android","description":"Happyjokers App est une application web progressive (PWA) rapide pour iOS et Android \u2014 sans fichier APK, ni Play Store, ni App Store. Utilisez la m\u00eame connexion sur tous vos appareils, et profitez \u00e9galement d'une version web pour Windows et Mac.","robots":{"index":"index","follow":"follow","max-snippet":"max-snippet:-1","max-image-preview":"max-image-preview:large","max-video-preview":"max-video-preview:-1"},"canonical":"https:\/\/happyjokers.net\/fr\/app\/","og_locale":"fr_FR","og_type":"article","og_title":"Happyjokers App : Acc\u00e8s au casino partout sur iOS et Android","og_description":"Happyjokers App est une application web progressive (PWA) rapide pour iOS et Android \u2014 sans fichier APK, ni Play Store, ni App Store. Utilisez la m\u00eame connexion sur tous vos appareils, et profitez \u00e9galement d'une version web pour Windows et Mac.","og_url":"https:\/\/happyjokers.net\/fr\/app\/","og_site_name":"Happyjokers","article_modified_time":"2026-04-07T09:52:39+00:00","twitter_card":"summary_large_image","twitter_misc":{"Dur\u00e9e de lecture estim\u00e9e":"2 minutes"},"schema":{"@context":"https:\/\/schema.org","@graph":[{"@type":"WebPage","@id":"https:\/\/happyjokers.net\/fr\/app\/","url":"https:\/\/happyjokers.net\/fr\/app\/","name":"Happyjokers App : Acc\u00e8s au casino partout sur iOS et Android","isPartOf":{"@id":"https:\/\/happyjokers.net\/fr\/#website"},"datePublished":"2026-04-06T15:27:21+00:00","dateModified":"2026-04-07T09:52:39+00:00","description":"Happyjokers App est une application web progressive (PWA) rapide pour iOS et Android \u2014 sans fichier APK, ni Play Store, ni App Store. Utilisez la m\u00eame connexion sur tous vos appareils, et profitez \u00e9galement d'une version web pour Windows et Mac.","breadcrumb":{"@id":"https:\/\/happyjokers.net\/fr\/app\/#breadcrumb"},"inLanguage":"fr-FR","potentialAction":[{"@type":"ReadAction","target":["https:\/\/happyjokers.net\/fr\/app\/"]}]},{"@type":"BreadcrumbList","@id":"https:\/\/happyjokers.net\/fr\/app\/#breadcrumb","itemListElement":[{"@type":"ListItem","position":1,"name":"Happyjokers","item":"https:\/\/happyjokers.net\/fr\/"},{"@type":"ListItem","position":2,"name":"App"}]},{"@type":"WebSite","@id":"https:\/\/happyjokers.net\/fr\/#website","url":"https:\/\/happyjokers.net\/fr\/","name":"Happyjokers","description":"","publisher":{"@id":"https:\/\/happyjokers.net\/fr\/#organization"},"potentialAction":[{"@type":"SearchAction","target":{"@type":"EntryPoint","urlTemplate":"https:\/\/happyjokers.net\/fr\/?s={search_term_string}"},"query-input":{"@type":"PropertyValueSpecification","valueRequired":true,"valueName":"search_term_string"}}],"inLanguage":"fr-FR"},{"@type":"Organization","@id":"https:\/\/happyjokers.net\/fr\/#organization","name":"Happyjokers","url":"https:\/\/happyjokers.net\/fr\/","logo":{"@type":"ImageObject","inLanguage":"fr-FR","@id":"https:\/\/happyjokers.net\/fr\/#\/schema\/logo\/image\/","url":"https:\/\/happyjokers.net\/wp-content\/uploads\/2026\/04\/Casino-Logo-Desktop-1.png","contentUrl":"https:\/\/happyjokers.net\/wp-content\/uploads\/2026\/04\/Casino-Logo-Desktop-1.png","width":237,"height":91,"caption":"Happyjokers"},"image":{"@id":"https:\/\/happyjokers.net\/fr\/#\/schema\/logo\/image\/"}}]}},"_links":{"self":[{"href":"https:\/\/happyjokers.net\/fr\/wp-json\/wp\/v2\/pages\/1455","targetHints":{"allow":["GET"]}}],"collection":[{"href":"https:\/\/happyjokers.net\/fr\/wp-json\/wp\/v2\/pages"}],"about":[{"href":"https:\/\/happyjokers.net\/fr\/wp-json\/wp\/v2\/types\/page"}],"author":[{"embeddable":true,"href":"https:\/\/happyjokers.net\/fr\/wp-json\/wp\/v2\/users\/1"}],"replies":[{"embeddable":true,"href":"https:\/\/happyjokers.net\/fr\/wp-json\/wp\/v2\/comments?post=1455"}],"version-history":[{"count":2,"href":"https:\/\/happyjokers.net\/fr\/wp-json\/wp\/v2\/pages\/1455\/revisions"}],"predecessor-version":[{"id":1553,"href":"https:\/\/happyjokers.net\/fr\/wp-json\/wp\/v2\/pages\/1455\/revisions\/1553"}],"wp:attachment":[{"href":"https:\/\/happyjokers.net\/fr\/wp-json\/wp\/v2\/media?parent=1455"}],"curies":[{"name":"wp","href":"https:\/\/api.w.org\/{rel}","templated":true}]}}