{"id":1504,"date":"2026-04-06T16:31:34","date_gmt":"2026-04-06T15:31:34","guid":{"rendered":"https:\/\/happyjokers.net\/login-and-registration\/"},"modified":"2026-04-07T10:35:55","modified_gmt":"2026-04-07T09:35:55","slug":"inicio-de-sesion-y-registro","status":"publish","type":"page","link":"https:\/\/happyjokers.net\/es\/inicio-de-sesion-y-registro\/","title":{"rendered":"Inicio de sesi\u00f3n y Registro"},"content":{"rendered":"<h1>Inicio de sesi\u00f3n en Happyjokers<\/h1>\n<p>Para entrar en nuestro casino y tener acceso a todas las funciones, al panel de control y a los juegos, debes saber sobre Happyjokers login. Nuestra s\u00f3lida tecnolog\u00eda y nuestra versi\u00f3n m\u00f3vil, con incre\u00edbles recursos de gamificaci\u00f3n, est\u00e1n disponibles \u00fanicamente para los usuarios espa\u00f1oles registrados. Tendr\u00e1s a tu disposici\u00f3n un equipo de atenci\u00f3n al cliente especializado que te ayudar\u00e1 con las transacciones, los bonos y cualquier otro posible problema. Esta gesti\u00f3n integral de la cuenta y el f\u00e1cil manejo del sistema hacen que navegar por nuestra plataforma y jugar sea una experiencia agradable.<\/p>\n<p><div class=\"banner-wrap\" aria-label=\"Banner\"><img src=\"https:\/\/happyjokers.net\/wp-content\/uploads\/2026\/04\/Banner-Desktop.webp\" class=\"w-100 d-none d-lg-block img-pc main-banner-img\" alt=\"Banner Desktop\" fetchpriority=\"high\" decoding=\"async\"><img src=\"https:\/\/happyjokers.net\/wp-content\/uploads\/2026\/04\/Banner-mobile.webp\" class=\"w-100 d-none d-md-block d-lg-none main-banner-img\" alt=\"Banner mobile\" fetchpriority=\"high\" decoding=\"async\"><img src=\"https:\/\/happyjokers.net\/wp-content\/uploads\/2026\/04\/Banner-mobile.webp\" class=\"w-100 d-md-none\" alt=\"Banner mobile\" fetchpriority=\"high\" decoding=\"async\"><div class=\"banner-description\">\n<div class=\"banner-title\">Bonos de bienvenida<\/div>\n<p class=\"banner-header-title\">1 500 \u20ac<\/p>\n<div class=\"banner-header-AdditionalText\">+ 250 Tiradas gratis<\/div>\n<button data-item=\"homepage_banner_link\" class=\"goto m-button m-gradient-border m-button--primary m-button--large banner-button btn-orange\">\n            <div class=\"m-button-content\">\n                <span>Reg\u00edstrate ahora<\/span>\n                <span><\/span>\n            <\/div>\n        <\/button>\n<\/div>\n<div class=\"WelcomePack\">\n<p><img loading=\"lazy\" decoding=\"async\" class=\"alignnone size-full wp-image-1355\" src=\"https:\/\/happyjokers.net\/wp-content\/uploads\/2026\/04\/welcome-crown-1.png\" alt=\"welcome crown\" width=\"25\" height=\"26\" \/><\/p>\n<div class=\"WelcomePack-Info\">Reembolso semanal de hasta el 25 %<\/div>\n<p><img loading=\"lazy\" decoding=\"async\" class=\"alignnone size-full wp-image-1355\" src=\"https:\/\/happyjokers.net\/wp-content\/uploads\/2026\/04\/welcome-crown-1.png\" alt=\"welcome crown\" width=\"25\" height=\"26\" \/><\/p>\n<\/div>\n<\/div><div class=\"scrollable-content-wrap my-5\"><div class=\"scrollable-content-inner\"><h2>Registro en Happyjokers Casino<\/h2>\n<p>Si te registras en Happy Jokers, puedes estar seguro de que te abres las puertas a un enorme cat\u00e1logo de m\u00e1s de 6.000 juegos y una amplia gama de oportunidades. Podr\u00e1s disfrutar de bonos exclusivos y obtener a\u00fan m\u00e1s recompensas si te unes a nuestro exclusivo programa VIP.<\/p>\n<p>El proceso de registro es sencillo, muy r\u00e1pido y f\u00e1cil, incluso para aquellos que prueban suerte en los casinos online por primera vez. Tendr\u00e1s acceso inmediato a tus t\u00edtulos favoritos y a ofertas promocionales con descuentos. Al crear una cuenta en Happyjokers Casino, los usuarios pueden disfrutar de ajustes personalizados, gestionar dep\u00f3sitos y retiradas, y participar activamente en nuestros torneos y eventos habituales.<\/p>\n<h2>Crear una cuenta<\/h2>\n<p>Cuando decidas unirte a nosotros, solo tendr\u00e1s que seguir unos sencillos pasos para crear tu cuenta en Happy Jokers Casino. Este proceso est\u00e1 especialmente dise\u00f1ado para ofrecerte seguridad y eficiencia:<\/p>\n<ol>\n<li>Busca y haz clic en el bot\u00f3n \u00abReg\u00edstrate\u00bb que aparece en la p\u00e1gina de inicio. Esto inicia el proceso de registro en Happyjokers.<\/li>\n<li>Rellena el peque\u00f1o formulario de registro con solo un par de clics: solo tienes que introducir tu direcci\u00f3n de correo electr\u00f3nico v\u00e1lida y crear una contrase\u00f1a segura.<\/li>\n<li>Confirma que eres mayor de edad y acepta los t\u00e9rminos y condiciones de nuestra plataforma.<\/li>\n<li>Haz clic en \u00abReg\u00edstrate\u00bb y ve a tu bandeja de entrada.<\/li>\n<li>Abre el correo electr\u00f3nico del equipo de atenci\u00f3n al cliente de Happyjokers Casino y sigue las instrucciones para activar tu cuenta.<\/li>\n<\/ol>\n<p>Y eso es todo. Ahora ya puedes disfrutar de acceso inmediato a nuestro casino y a todo el cat\u00e1logo de juegos.<\/p>\n<p><img loading=\"lazy\" decoding=\"async\" class=\"alignnone size-full wp-image-1381\" src=\"https:\/\/happyjokers.net\/wp-content\/uploads\/2026\/04\/HappyJokers-Login-Page.webp\" alt=\"HappyJokers Login Page\" width=\"1248\" height=\"536\" srcset=\"https:\/\/happyjokers.net\/wp-content\/uploads\/2026\/04\/HappyJokers-Login-Page.webp 1248w, https:\/\/happyjokers.net\/wp-content\/uploads\/2026\/04\/HappyJokers-Login-Page-300x129.webp 300w, https:\/\/happyjokers.net\/wp-content\/uploads\/2026\/04\/HappyJokers-Login-Page-1024x440.webp 1024w, https:\/\/happyjokers.net\/wp-content\/uploads\/2026\/04\/HappyJokers-Login-Page-768x330.webp 768w\" sizes=\"auto, (max-width: 1248px) 100vw, 1248px\" \/><\/p>\n<h2>Inicia sesi\u00f3n y gestiona tu cuenta de Happyjokers<\/h2>\n<p>Iniciar sesi\u00f3n en tu cuenta de Happy Jokers es un proceso relativamente sencillo que te da acceso a un panel de control completo. Aqu\u00ed, los jugadores pueden gestionar la informaci\u00f3n y la actividad de su cuenta, supervisar bonificaciones y transacciones, y personalizar su experiencia de juego.<\/p>\n<h3>C\u00f3mo iniciar sesi\u00f3n a trav\u00e9s de la aplicaci\u00f3n m\u00f3vil<\/h3>\n<p>Iniciar sesi\u00f3n en Happyjokers desde un dispositivo m\u00f3vil es m\u00e1s f\u00e1cil de lo que imaginas. Para hacerlo:<\/p>\n<ol>\n<li>En la esquina superior derecha de la p\u00e1gina principal, busca el bot\u00f3n morado \u00abIniciar sesi\u00f3n\u00bb.<\/li>\n<li>Introduce tu direcci\u00f3n de correo electr\u00f3nico y contrase\u00f1a registradas y, a continuaci\u00f3n, env\u00eda tus datos.<\/li>\n<\/ol>\n<p>Una vez dentro de la cuenta, hay much\u00edsimos juegos y funciones interesantes que puedes probar:<\/p>\n<ul>\n<li>Retirar tus ganancias: gestiona de forma segura tus operaciones financieras con las numerosas opciones de pago que ofrecemos.<\/li>\n<li>Consulta el historial de transacciones: ve todos los movimientos de tu dinero y realiza un seguimiento de tus bonos f\u00e1cilmente.<\/li>\n<li>Edita tus datos personales: cambia tu informaci\u00f3n personal, la configuraci\u00f3n de la cuenta y los m\u00e9todos de pago seg\u00fan desees.<\/li>\n<li>Actualiza la configuraci\u00f3n de seguridad: activa y desactiva la autenticaci\u00f3n de dos factores (2FA) para proteger tu cuenta y acceder a Happyjokers de forma segura.<\/li>\n<li>Participa en promociones y torneos: accede a los eventos en curso y reclama bonificaciones.<\/li>\n<li>Cambia la configuraci\u00f3n del juego: personaliza tu experiencia de juego en Happyjokers por completo para disfrutar de una experiencia \u00fanica.<\/li>\n<\/ul>\n<h3>\u00bfHas olvidado tu contrase\u00f1a?<\/h3>\n<p>El procedimiento para recuperar una contrase\u00f1a olvidada es sencillo y extremadamente seguro. Nuestro sistema cuenta con un plan de respaldo para este tipo de situaciones:<\/p>\n<ol>\n<li>Al hacer clic en \u00abIniciar sesi\u00f3n\u00bb, debajo del formulario, ver\u00e1s la opci\u00f3n \u00ab\u00bfHas olvidado tu contrase\u00f1a?\u00bb. Haz clic en ella.<\/li>\n<li>Introduce tu direcci\u00f3n de correo electr\u00f3nico registrada.<\/li>\n<li>Sigue las instrucciones que te enviamos a tu bandeja de entrada para recuperar tu contrase\u00f1a. Solo tienes que hacer clic en un enlace y establecer una nueva contrase\u00f1a.<\/li>\n<li>Crea una contrase\u00f1a segura.<\/li>\n<\/ol>\n<p>Si necesitas ayuda adicional, solo tienes que escribir a nuestro bot con IA a trav\u00e9s del chat en vivo.<\/p>\n<h2>Verificaci\u00f3n en Happy Jokers Casino<\/h2>\n<p>La verificaci\u00f3n en Happy Jokers Casino es un paso crucial e inicial que garantiza un entorno de juego seguro y el cumplimiento de las normas reguladoras. Todos los jugadores deben superarla si quieren seguir jugando y ganando dinero real.<\/p>\n<table>\n<tbody>\n<tr>\n<td>Paso<\/td>\n<td>Descripci\u00f3n<\/td>\n<td>Documentos necesarios<\/td>\n<\/tr>\n<tr>\n<td>Verificaci\u00f3n de identidad<\/td>\n<td>Confirmar la identidad mediante la subida de un documento.<\/td>\n<td>Pasaporte, permiso de conducir o documento nacional de identidad<\/td>\n<\/tr>\n<tr>\n<td>Verificaci\u00f3n de pagos<\/td>\n<td>Verifique el origen de los fondos de los dep\u00f3sitos.<\/td>\n<td>Extracto bancario reciente o recibo de pago<\/td>\n<\/tr>\n<\/tbody>\n<\/table>\n<p>Mantener un proceso de verificaci\u00f3n \u00fanico ayuda a facilitar los dep\u00f3sitos, retiros y recuperaci\u00f3n de cuentas de los jugadores al mismo tiempo, salvaguardando la integridad de nuestra plataforma.<\/p>\n<h2>Preguntas frecuentes<\/h2>\n<h3>\u00bfSe puede consultar el historial de inicio de sesi\u00f3n?<\/h3>\n<p>Siempre puedes acceder a tu panel de control personal para ver todos los inicios y cierres de sesi\u00f3n de tu cuenta; de esta forma, podr\u00e1s realizar un seguimiento no solo de tus acciones, sino tambi\u00e9n de cualquier actividad sospechosa.<\/p>\n<h3>\u00bfEst\u00e1 disponible la autenticaci\u00f3n de dos factores?<\/h3>\n<p>Recomendamos encarecidamente activarla y utilizar un tel\u00e9fono para recibir notificaciones que confirmen el inicio de sesi\u00f3n en Happyjokers. Activar la autenticaci\u00f3n de dos factores (2FA) siempre es una buena idea, ya que a\u00f1ade una capa adicional de seguridad al requerir un c\u00f3digo de verificaci\u00f3n de una aplicaci\u00f3n m\u00f3vil durante el inicio de sesi\u00f3n, protegiendo as\u00ed las cuentas contra el acceso fraudulento y el phishing.<\/p>\n<h3>\u00bfPuedo crear varias cuentas en vuestro casino online?<\/h3>\n<p>Tenemos una pol\u00edtica estricta de que cada jugador solo pueda tener una cuenta. Verificamos y comprobamos que ning\u00fan cliente tenga varias cuentas por usuario para mantener el juego limpio y el cumplimiento de las normas legales.<\/p>\n<h3>\u00bfQu\u00e9 ocurre si no supero el proceso de verificaci\u00f3n?<\/h3>\n<p>No tienes por qu\u00e9 preocuparte demasiado: solo tienes que volver a pasar el proceso, teniendo en cuenta todo lo que te enviemos en los comentarios del servicio de atenci\u00f3n al cliente multiling\u00fce. No superar el proceso de verificaci\u00f3n puede restringir los retiros. En tales casos, nuestros gestores te ayudar\u00e1n con las solicitudes de documentaci\u00f3n adicional.<\/p>\n<\/div><\/div><\/p>\n","protected":false},"excerpt":{"rendered":"<p>Inicio de sesi\u00f3n en Happyjokers Para entrar en nuestro casino y tener acceso a todas las funciones, al panel de control y a los juegos, debes saber sobre Happyjokers login. Nuestra s\u00f3lida tecnolog\u00eda y nuestra versi\u00f3n m\u00f3vil, con incre\u00edbles recursos de gamificaci\u00f3n, est\u00e1n disponibles \u00fanicamente para los usuarios espa\u00f1oles registrados. Tendr\u00e1s a tu disposici\u00f3n un [&hellip;]<\/p>\n","protected":false},"author":1,"featured_media":0,"parent":0,"menu_order":0,"comment_status":"closed","ping_status":"closed","template":"template-builder.php","meta":{"_acf_changed":false,"inline_featured_image":false,"footnotes":""},"class_list":["post-1504","page","type-page","status-publish","hentry"],"acf":[],"yoast_head":"<!-- This site is optimized with the Yoast SEO plugin v27.3 - https:\/\/yoast.com\/product\/yoast-seo-wordpress\/ -->\n<title>Happyjokers Login: acceso a la cuenta y restablecimiento de contrase\u00f1a<\/title>\n<meta name=\"description\" content=\"Happyjokers Login te permite iniciar sesi\u00f3n r\u00e1pidamente y acceder a tu cuenta con un par de clics. Crea un nuevo perfil, restaura el acceso con &quot;\u00bfOlvidaste tu contrase\u00f1a?&quot; y administra tu billetera, dep\u00f3sitos y retiros, y la configuraci\u00f3n de tu cuenta en todos tus dispositivos.\" \/>\n<meta name=\"robots\" content=\"index, follow, max-snippet:-1, max-image-preview:large, max-video-preview:-1\" \/>\n<link rel=\"canonical\" href=\"https:\/\/happyjokers.net\/es\/inicio-de-sesion-y-registro\/\" \/>\n<meta property=\"og:locale\" content=\"es_ES\" \/>\n<meta property=\"og:type\" content=\"article\" \/>\n<meta property=\"og:title\" content=\"Happyjokers Login: acceso a la cuenta y restablecimiento de contrase\u00f1a\" \/>\n<meta property=\"og:description\" content=\"Happyjokers Login te permite iniciar sesi\u00f3n r\u00e1pidamente y acceder a tu cuenta con un par de clics. Crea un nuevo perfil, restaura el acceso con &quot;\u00bfOlvidaste tu contrase\u00f1a?&quot; y administra tu billetera, dep\u00f3sitos y retiros, y la configuraci\u00f3n de tu cuenta en todos tus dispositivos.\" \/>\n<meta property=\"og:url\" content=\"https:\/\/happyjokers.net\/es\/inicio-de-sesion-y-registro\/\" \/>\n<meta property=\"og:site_name\" content=\"Happyjokers\" \/>\n<meta property=\"article:modified_time\" content=\"2026-04-07T09:35:55+00:00\" \/>\n<meta name=\"twitter:card\" content=\"summary_large_image\" \/>\n<meta name=\"twitter:label1\" content=\"Est. reading time\" \/>\n\t<meta name=\"twitter:data1\" content=\"1 minute\" \/>\n<script type=\"application\/ld+json\" class=\"yoast-schema-graph\">{\"@context\":\"https:\\\/\\\/schema.org\",\"@graph\":[{\"@type\":\"WebPage\",\"@id\":\"https:\\\/\\\/happyjokers.net\\\/es\\\/inicio-de-sesion-y-registro\\\/\",\"url\":\"https:\\\/\\\/happyjokers.net\\\/es\\\/inicio-de-sesion-y-registro\\\/\",\"name\":\"Happyjokers Login: acceso a la cuenta y restablecimiento de contrase\u00f1a\",\"isPartOf\":{\"@id\":\"https:\\\/\\\/happyjokers.net\\\/es\\\/#website\"},\"datePublished\":\"2026-04-06T15:31:34+00:00\",\"dateModified\":\"2026-04-07T09:35:55+00:00\",\"description\":\"Happyjokers Login te permite iniciar sesi\u00f3n r\u00e1pidamente y acceder a tu cuenta con un par de clics. Crea un nuevo perfil, restaura el acceso con \\\"\u00bfOlvidaste tu contrase\u00f1a?\\\" y administra tu billetera, dep\u00f3sitos y retiros, y la configuraci\u00f3n de tu cuenta en todos tus dispositivos.\",\"breadcrumb\":{\"@id\":\"https:\\\/\\\/happyjokers.net\\\/es\\\/inicio-de-sesion-y-registro\\\/#breadcrumb\"},\"inLanguage\":\"es-ES\",\"potentialAction\":[{\"@type\":\"ReadAction\",\"target\":[\"https:\\\/\\\/happyjokers.net\\\/es\\\/inicio-de-sesion-y-registro\\\/\"]}]},{\"@type\":\"BreadcrumbList\",\"@id\":\"https:\\\/\\\/happyjokers.net\\\/es\\\/inicio-de-sesion-y-registro\\\/#breadcrumb\",\"itemListElement\":[{\"@type\":\"ListItem\",\"position\":1,\"name\":\"Happyjokers\",\"item\":\"https:\\\/\\\/happyjokers.net\\\/es\\\/\"},{\"@type\":\"ListItem\",\"position\":2,\"name\":\"Inicio de sesi\u00f3n y Registro\"}]},{\"@type\":\"WebSite\",\"@id\":\"https:\\\/\\\/happyjokers.net\\\/es\\\/#website\",\"url\":\"https:\\\/\\\/happyjokers.net\\\/es\\\/\",\"name\":\"Happyjokers\",\"description\":\"\",\"publisher\":{\"@id\":\"https:\\\/\\\/happyjokers.net\\\/es\\\/#organization\"},\"potentialAction\":[{\"@type\":\"SearchAction\",\"target\":{\"@type\":\"EntryPoint\",\"urlTemplate\":\"https:\\\/\\\/happyjokers.net\\\/es\\\/?s={search_term_string}\"},\"query-input\":{\"@type\":\"PropertyValueSpecification\",\"valueRequired\":true,\"valueName\":\"search_term_string\"}}],\"inLanguage\":\"es-ES\"},{\"@type\":\"Organization\",\"@id\":\"https:\\\/\\\/happyjokers.net\\\/es\\\/#organization\",\"name\":\"Happyjokers\",\"url\":\"https:\\\/\\\/happyjokers.net\\\/es\\\/\",\"logo\":{\"@type\":\"ImageObject\",\"inLanguage\":\"es-ES\",\"@id\":\"https:\\\/\\\/happyjokers.net\\\/es\\\/#\\\/schema\\\/logo\\\/image\\\/\",\"url\":\"https:\\\/\\\/happyjokers.net\\\/wp-content\\\/uploads\\\/2026\\\/04\\\/Casino-Logo-Desktop-1.png\",\"contentUrl\":\"https:\\\/\\\/happyjokers.net\\\/wp-content\\\/uploads\\\/2026\\\/04\\\/Casino-Logo-Desktop-1.png\",\"width\":237,\"height\":91,\"caption\":\"Happyjokers\"},\"image\":{\"@id\":\"https:\\\/\\\/happyjokers.net\\\/es\\\/#\\\/schema\\\/logo\\\/image\\\/\"}}]}<\/script>\n<!-- \/ Yoast SEO plugin. -->","yoast_head_json":{"title":"Happyjokers Login: acceso a la cuenta y restablecimiento de contrase\u00f1a","description":"Happyjokers Login te permite iniciar sesi\u00f3n r\u00e1pidamente y acceder a tu cuenta con un par de clics. Crea un nuevo perfil, restaura el acceso con \"\u00bfOlvidaste tu contrase\u00f1a?\" y administra tu billetera, dep\u00f3sitos y retiros, y la configuraci\u00f3n de tu cuenta en todos tus dispositivos.","robots":{"index":"index","follow":"follow","max-snippet":"max-snippet:-1","max-image-preview":"max-image-preview:large","max-video-preview":"max-video-preview:-1"},"canonical":"https:\/\/happyjokers.net\/es\/inicio-de-sesion-y-registro\/","og_locale":"es_ES","og_type":"article","og_title":"Happyjokers Login: acceso a la cuenta y restablecimiento de contrase\u00f1a","og_description":"Happyjokers Login te permite iniciar sesi\u00f3n r\u00e1pidamente y acceder a tu cuenta con un par de clics. Crea un nuevo perfil, restaura el acceso con \"\u00bfOlvidaste tu contrase\u00f1a?\" y administra tu billetera, dep\u00f3sitos y retiros, y la configuraci\u00f3n de tu cuenta en todos tus dispositivos.","og_url":"https:\/\/happyjokers.net\/es\/inicio-de-sesion-y-registro\/","og_site_name":"Happyjokers","article_modified_time":"2026-04-07T09:35:55+00:00","twitter_card":"summary_large_image","twitter_misc":{"Est. reading time":"1 minute"},"schema":{"@context":"https:\/\/schema.org","@graph":[{"@type":"WebPage","@id":"https:\/\/happyjokers.net\/es\/inicio-de-sesion-y-registro\/","url":"https:\/\/happyjokers.net\/es\/inicio-de-sesion-y-registro\/","name":"Happyjokers Login: acceso a la cuenta y restablecimiento de contrase\u00f1a","isPartOf":{"@id":"https:\/\/happyjokers.net\/es\/#website"},"datePublished":"2026-04-06T15:31:34+00:00","dateModified":"2026-04-07T09:35:55+00:00","description":"Happyjokers Login te permite iniciar sesi\u00f3n r\u00e1pidamente y acceder a tu cuenta con un par de clics. Crea un nuevo perfil, restaura el acceso con \"\u00bfOlvidaste tu contrase\u00f1a?\" y administra tu billetera, dep\u00f3sitos y retiros, y la configuraci\u00f3n de tu cuenta en todos tus dispositivos.","breadcrumb":{"@id":"https:\/\/happyjokers.net\/es\/inicio-de-sesion-y-registro\/#breadcrumb"},"inLanguage":"es-ES","potentialAction":[{"@type":"ReadAction","target":["https:\/\/happyjokers.net\/es\/inicio-de-sesion-y-registro\/"]}]},{"@type":"BreadcrumbList","@id":"https:\/\/happyjokers.net\/es\/inicio-de-sesion-y-registro\/#breadcrumb","itemListElement":[{"@type":"ListItem","position":1,"name":"Happyjokers","item":"https:\/\/happyjokers.net\/es\/"},{"@type":"ListItem","position":2,"name":"Inicio de sesi\u00f3n y Registro"}]},{"@type":"WebSite","@id":"https:\/\/happyjokers.net\/es\/#website","url":"https:\/\/happyjokers.net\/es\/","name":"Happyjokers","description":"","publisher":{"@id":"https:\/\/happyjokers.net\/es\/#organization"},"potentialAction":[{"@type":"SearchAction","target":{"@type":"EntryPoint","urlTemplate":"https:\/\/happyjokers.net\/es\/?s={search_term_string}"},"query-input":{"@type":"PropertyValueSpecification","valueRequired":true,"valueName":"search_term_string"}}],"inLanguage":"es-ES"},{"@type":"Organization","@id":"https:\/\/happyjokers.net\/es\/#organization","name":"Happyjokers","url":"https:\/\/happyjokers.net\/es\/","logo":{"@type":"ImageObject","inLanguage":"es-ES","@id":"https:\/\/happyjokers.net\/es\/#\/schema\/logo\/image\/","url":"https:\/\/happyjokers.net\/wp-content\/uploads\/2026\/04\/Casino-Logo-Desktop-1.png","contentUrl":"https:\/\/happyjokers.net\/wp-content\/uploads\/2026\/04\/Casino-Logo-Desktop-1.png","width":237,"height":91,"caption":"Happyjokers"},"image":{"@id":"https:\/\/happyjokers.net\/es\/#\/schema\/logo\/image\/"}}]}},"_links":{"self":[{"href":"https:\/\/happyjokers.net\/es\/wp-json\/wp\/v2\/pages\/1504","targetHints":{"allow":["GET"]}}],"collection":[{"href":"https:\/\/happyjokers.net\/es\/wp-json\/wp\/v2\/pages"}],"about":[{"href":"https:\/\/happyjokers.net\/es\/wp-json\/wp\/v2\/types\/page"}],"author":[{"embeddable":true,"href":"https:\/\/happyjokers.net\/es\/wp-json\/wp\/v2\/users\/1"}],"replies":[{"embeddable":true,"href":"https:\/\/happyjokers.net\/es\/wp-json\/wp\/v2\/comments?post=1504"}],"version-history":[{"count":2,"href":"https:\/\/happyjokers.net\/es\/wp-json\/wp\/v2\/pages\/1504\/revisions"}],"predecessor-version":[{"id":1524,"href":"https:\/\/happyjokers.net\/es\/wp-json\/wp\/v2\/pages\/1504\/revisions\/1524"}],"wp:attachment":[{"href":"https:\/\/happyjokers.net\/es\/wp-json\/wp\/v2\/media?parent=1504"}],"curies":[{"name":"wp","href":"https:\/\/api.w.org\/{rel}","templated":true}]}}