{"id":1466,"date":"2026-04-06T16:27:21","date_gmt":"2026-04-06T15:27:21","guid":{"rendered":"https:\/\/happyjokers.net\/app\/"},"modified":"2026-04-07T10:30:53","modified_gmt":"2026-04-07T09:30:53","slug":"aplicacion","status":"publish","type":"page","link":"https:\/\/happyjokers.net\/es\/aplicacion\/","title":{"rendered":"Aplicaci\u00f3n"},"content":{"rendered":"<h1>Aplicaci\u00f3n de Happyjokers: juegos de casino para m\u00f3vil<\/h1>\n<p>Si necesitas acceder al enorme cat\u00e1logo de m\u00e1s de 6.000 t\u00edtulos de nuestro casino desde un dispositivo m\u00f3vil, no busques m\u00e1s: necesitas la Happyjokers app. Ofrecemos a todos los jugadores espa\u00f1oles torneos din\u00e1micos y funciones geniales que pueden reportarte un mont\u00f3n de dinero. Nuestra app tiene todo lo que necesitas: movilidad, velocidad, seguridad y un dise\u00f1o port\u00e1til que eleva la experiencia de juego al siguiente nivel. Siempre puedes jugar a juegos en vivo con nosotros, disfrutar de las tragaperras y girar la Rueda de la Fortuna, todo ello junto con promociones y eventos exclusivos de Happy Jokers Casino.<\/p>\n<div class=\"banner-wrap\" aria-label=\"Banner\"><img src=\"https:\/\/happyjokers.net\/wp-content\/uploads\/2026\/04\/Banner-Desktop.webp\" class=\"w-100 d-none d-lg-block img-pc main-banner-img\" alt=\"Banner Desktop\" fetchpriority=\"high\" decoding=\"async\"><img src=\"https:\/\/happyjokers.net\/wp-content\/uploads\/2026\/04\/Banner-mobile.webp\" class=\"w-100 d-none d-md-block d-lg-none main-banner-img\" alt=\"Banner mobile\" fetchpriority=\"high\" decoding=\"async\"><img src=\"https:\/\/happyjokers.net\/wp-content\/uploads\/2026\/04\/Banner-mobile.webp\" class=\"w-100 d-md-none\" alt=\"Banner mobile\" fetchpriority=\"high\" decoding=\"async\"><div class=\"banner-description\">\n<div class=\"banner-title\">Bonos de bienvenida<\/div>\n<p class=\"banner-header-title\">1 500 \u20ac<\/p>\n<div class=\"banner-header-AdditionalText\">+ 250 Tiradas gratis<\/div>\n<button data-item=\"homepage_banner_link\" class=\"goto m-button m-gradient-border m-button--primary m-button--large banner-button btn-orange\">\n            <div class=\"m-button-content\">\n                <span>Reg\u00edstrate ahora<\/span>\n                <span><\/span>\n            <\/div>\n        <\/button>\n<\/div>\n<div class=\"WelcomePack\">\n<p><img loading=\"lazy\" decoding=\"async\" class=\"alignnone size-full wp-image-1355\" src=\"https:\/\/happyjokers.net\/wp-content\/uploads\/2026\/04\/welcome-crown-1.png\" alt=\"welcome crown\" width=\"25\" height=\"26\" \/><\/p>\n<div class=\"WelcomePack-Info\">Reembolso semanal de hasta el 25 %<\/div>\n<p><img loading=\"lazy\" decoding=\"async\" class=\"alignnone size-full wp-image-1355\" src=\"https:\/\/happyjokers.net\/wp-content\/uploads\/2026\/04\/welcome-crown-1.png\" alt=\"welcome crown\" width=\"25\" height=\"26\" \/><\/p>\n<\/div>\n<\/div>\n<h2>Ventajas y caracter\u00edsticas de la aplicaci\u00f3n Happyjokers<\/h2>\n<p>El rendimiento optimizado de nuestra PWA es realmente impresionante. Combinamos una funcionalidad brillante con una interfaz intuitiva y f\u00e1cil de entender, todo en una sola aplicaci\u00f3n. Te garantizamos un entorno de juego fluido que es incluso mejor que el juego tradicional en ordenador.<\/p>\n<p>Podr\u00e1s disfrutar de una experiencia fluida en todos tus dispositivos m\u00f3viles, ya que hemos adaptado el dise\u00f1o del software especialmente para ello. La aplicaci\u00f3n de Happyjokers ofrece total movilidad, navegaci\u00f3n sencilla y acceso a todos los juegos en vivo y habituales. Tambi\u00e9n podr\u00e1s disfrutar de:<\/p>\n<ul>\n<li>tiempo de carga r\u00e1pido en cualquier dispositivo;<\/li>\n<li>protecci\u00f3n de alto nivel;<\/li>\n<li>gr\u00e1ficos en 3D y resoluci\u00f3n HD para cualquier juego.<\/li>\n<\/ul>\n<p>La aplicaci\u00f3n de Happyjokers Casino es \u00fanica, pero se adapta a todo tipo de aficionados al casino, incluso a los principiantes. Los jugadores profesionales y de altas apuestas pueden disfrutarla por igual, ya que sin duda apreciar\u00e1n la versatilidad y las funciones de tecnolog\u00eda inteligente de la plataforma.<\/p>\n<table>\n<tbody>\n<tr>\n<td>Caracter\u00edsticas<\/td>\n<td>Plataforma de escritorio<\/td>\n<td>Aplicaci\u00f3n Happyjokers<\/td>\n<td>Ventajas de jugar en el m\u00f3vil<\/td>\n<\/tr>\n<tr>\n<td>Accesibilidad<\/td>\n<td>Requiere un ordenador de sobremesa o port\u00e1til<\/td>\n<td>Disponible en smartphones y tabletas<\/td>\n<td>Juega donde quieras<\/td>\n<\/tr>\n<tr>\n<td>Rendimiento<\/td>\n<td>Depende del hardware y de la velocidad de Internet<\/td>\n<td>Optimizado para velocidad y capacidad de respuesta<\/td>\n<td>Tiempos de carga m\u00e1s r\u00e1pidos y una experiencia de juego m\u00e1s fluida<\/td>\n<\/tr>\n<tr>\n<td>Navegaci\u00f3n<\/td>\n<td>Men\u00fa completo e interfaz detallada<\/td>\n<td>Dise\u00f1o simplificado y adaptado a pantallas t\u00e1ctiles<\/td>\n<td>M\u00e1s f\u00e1cil de navegar, especialmente en pantallas m\u00e1s peque\u00f1as<\/td>\n<\/tr>\n<tr>\n<td>Seguridad<\/td>\n<td>Protocolos de seguridad en l\u00ednea est\u00e1ndar<\/td>\n<td>Cifrado avanzado e inicio de sesi\u00f3n seguro<\/td>\n<td>Garantiza la seguridad durante las transacciones y el juego<\/td>\n<\/tr>\n<\/tbody>\n<\/table>\n<p><div class=\"scrollable-content-wrap my-5\"><div class=\"scrollable-content-inner\"><h2>Aplicaci\u00f3n m\u00f3vil para iOS<\/h2>\n<p>Para los que tienen productos de Apple, hemos adaptado nuestra aplicaci\u00f3n Happyjokers especialmente para que se ajuste a ellos. Sin descargas innecesarias y pesadas que saturen la memoria de tu iPhone, puedes disfrutar de nuestra versi\u00f3n m\u00f3vil. Desarrollada como una aplicaci\u00f3n web progresiva (PWA), la hemos pensado tan bien que te ofrece un acceso r\u00e1pido sin ning\u00fan tipo de problema.<\/p>\n<p>Nuestra versi\u00f3n para iOS es realmente \u00fatil porque prioriza la velocidad, la seguridad (hemos incorporado el \u00faltimo cifrado TLS 1.3), un rendimiento ininterrumpido y los juegos, para que puedas disfrutar de un aut\u00e9ntico ambiente de casino m\u00f3vil en tu iPhone y iPad.<\/p>\n<p>Puedes estar seguro de que estar\u00e1s al d\u00eda con las \u00faltimas novedades del juego m\u00f3vil y no te perder\u00e1s nada. Todas las funciones y mejoras de la versi\u00f3n completa est\u00e1n totalmente incorporadas, por lo que pr\u00e1cticamente no hay diferencia entre el Happyjokers Casino de escritorio y el m\u00f3vil. Puedes gestionar tu cuenta y tu panel de control de forma eficaz y no tendr\u00e1s ning\u00fan problema para cargar juegos como Coin Strike: Hold and Win de Playson, Sic Bo de ICONIC21 o Bac Bo de Evolution: \u00a1todos funcionan bien y est\u00e1n de moda ahora mismo!<\/p>\n<p><img loading=\"lazy\" decoding=\"async\" src=\"https:\/\/happyjokers.net\/wp-content\/uploads\/2026\/04\/HappyJokers-iOS.webp\" alt=\"HappyJokers iOS\" width=\"1248\" height=\"536\" \/><\/p>\n<\/div><\/div><div style=\"clear: both\"><\/div><div class=\"d-flex justify-content-center\"><button data-item=\"decouvrez_link\" data-group=\"website_links\" class=\"goto fw-bold rounded-pill btn btn-orange\" aria-label=\"Descarga la aplicaci\u00f3n HappyJokers\" >Descarga la aplicaci\u00f3n HappyJokers<\/button><\/div><div class=\"scrollable-content-wrap my-5\"><div class=\"scrollable-content-inner\"><h2>Aplicaci\u00f3n de Happyjokers para Android<\/h2>\n<p>La versi\u00f3n de la aplicaci\u00f3n de Happy Jokers Casino para usuarios de Android tambi\u00e9n es una PWA. Hemos hecho que nuestro software sea totalmente compatible con diversos tel\u00e9fonos y tabletas, y puedes estar seguro de que tu experiencia optimizada no sufrir\u00e1 retrasos ni fallos.<\/p>\n<p>Puedes instalar nuestra aplicaci\u00f3n y no tendr\u00e1s que preocuparte por las actualizaciones, ya que se realizan autom\u00e1ticamente, en segundo plano, sin que tengas que intervenir en absoluto. Estas son otras ventajas:<\/p>\n<ul>\n<li>No se consume bater\u00eda del tel\u00e9fono, y sabemos que esto es crucial para los jugadores de Android.<\/li>\n<li>Puedes navegar sin problemas por las distintas categor\u00edas de juegos de Happyjokers Casino \u2014colecci\u00f3n de Books, Bonus Buy, Drops &amp; Wins, Instant Wins, Jackpots y muchas otras\u2014as\u00ed como consultar promociones y torneos y actualizar la configuraci\u00f3n de tu cuenta.<\/li>\n<\/ul>\n<p>Esperamos que le des una oportunidad a la aplicaci\u00f3n de Happyjokers y compruebes por ti mismo que puedes disfrutar de toda la gama de funciones de nuestro casino en cualquier dispositivo Android sin interrupciones.<\/p>\n<h2><img loading=\"lazy\" decoding=\"async\" src=\"https:\/\/happyjokers.net\/wp-content\/uploads\/2026\/04\/HappyJokers-Android.webp\" alt=\"HappyJokers Android\" width=\"1248\" height=\"536\" \/><\/h2>\n<\/div><\/div><div style=\"clear: both\"><\/div><div class=\"d-flex justify-content-center\"><button data-item=\"decouvrez_link\" data-group=\"website_links\" class=\"goto fw-bold rounded-pill btn btn-orange\" aria-label=\"Descarga la aplicaci\u00f3n HappyJokers\" >Descarga la aplicaci\u00f3n HappyJokers<\/button><\/div><div class=\"scrollable-content-wrap my-5\"><div class=\"scrollable-content-inner\"><h2>Juega a Happy Jokers Casino en Mac o Windows<\/h2>\n<p>Pero si los smartphones no son lo tuyo y prefieres jugar en la gran pantalla de tu ordenador personal, entonces la versi\u00f3n de escritorio de Happy Jokers Casino es exactamente lo que necesitas. Contamos con una opci\u00f3n espec\u00edfica para los sistemas operativos Mac y Windows.<\/p>\n<p>Te sumergir\u00e1s por completo en el mundo digital del juego, sintiendo un ambiente de casino realista, interactuando con crupieres profesionales y contando con el equipo de atenci\u00f3n al cliente a trav\u00e9s del chat en vivo.<\/p>\n<p>Tambi\u00e9n hemos a\u00f1adido caracter\u00edsticas como las siguientes:<\/p>\n<ul>\n<li>Registro y inicio de sesi\u00f3n r\u00e1pidos;<\/li>\n<li>Navegaci\u00f3n completa por el sitio web y las pesta\u00f1as;<\/li>\n<li>Proceso de verificaci\u00f3n KYC c\u00f3modo;<\/li>\n<li>Dep\u00f3sitos y retiradas seguros.<\/li>\n<\/ul>\n<p>Hemos dise\u00f1ado todas nuestras versiones, incluida la PWA, para que resulten c\u00f3modas para todo tipo de jugadores. Nos complace informarte de que registrarte con nosotros solo te reportar\u00e1 ventajas. Adem\u00e1s, la versi\u00f3n de escritorio es ideal para los amantes de las pantallas grandes, ya que cuenta con una funci\u00f3n de ajuste de tama\u00f1o y una interfaz de juego m\u00e1s detallada, lo que garantiza una experiencia de primera clase.<\/p>\n<h2>C\u00f3mo instalar la aplicaci\u00f3n Happy Jokers en cualquier dispositivo<\/h2>\n<p>Dependiendo del modelo de tu dispositivo o tableta, debes realizar algunas de las siguientes acciones sencillas para obtener la aplicaci\u00f3n Happy Jokers:<\/p>\n<ul>\n<li>Para tel\u00e9fonos con iOS: Debes ir a nuestra p\u00e1gina web desde un dispositivo m\u00f3vil y a\u00f1adir el acceso directo a la pantalla de inicio. Nuestra PWA se carga al instante, por lo que en un segundo ver\u00e1s el icono.<\/li>\n<li>Dispositivos Android: en la p\u00e1gina principal de Happyjokers Casino, haz clic en el bot\u00f3n \u00abCasino App\u00bb y, a continuaci\u00f3n, procede con la instalaci\u00f3n.<\/li>\n<li>Ordenadores de sobremesa Windows y Mac: puedes disfrutar de nuestro sitio web directamente desde tu navegador. En los ajustes, selecciona la opci\u00f3n \u00abA\u00f1adir a la pantalla de inicio\u00bb para acceder m\u00e1s r\u00e1pido y jugar a nuestros juegos de inmediato.<\/li>\n<\/ul>\n<p>Nuestra PWA se puede ejecutar en cualquier navegador moderno, incluidos Safari, Chrome y Firefox. Solo tienes que ir a cualquier p\u00e1gina de Happyjokers que necesites y a\u00f1adir la aplicaci\u00f3n a tu pantalla de inicio o escritorio para acceder al instante.<\/p>\n<p><img loading=\"lazy\" decoding=\"async\" src=\"https:\/\/happyjokers.net\/wp-content\/uploads\/2026\/04\/HappyJokers-Desktop.webp\" alt=\"HappyJokers Desktop\" width=\"1248\" height=\"536\" \/><\/p>\n<\/div><\/div><div style=\"clear: both\"><\/div><div class=\"d-flex justify-content-center\"><button data-item=\"decouvrez_link\" data-group=\"website_links\" class=\"goto fw-bold rounded-pill btn btn-orange\" aria-label=\"Descarga la aplicaci\u00f3n HappyJokers\" >Descarga la aplicaci\u00f3n HappyJokers<\/button><\/div><div class=\"scrollable-content-wrap my-5\"><div class=\"scrollable-content-inner\"><h2>Preguntas frecuentes<\/h2>\n<h3>\u00bfSe sincroniza mi saldo en tiempo real en todos los dispositivos?<\/h3>\n<p>Todo se sincroniza siempre en todos tus dispositivos cuando juegas en Happy Jokers Casino: la actividad de tu panel de control, tu historial de juego y de transacciones. Tambi\u00e9n recibes notificaciones push en tiempo real.<\/p>\n<h3>\u00bfEs necesario crear una cuenta para utilizar la aplicaci\u00f3n m\u00f3vil?<\/h3>\n<p>Si solo quieres explorar los juegos en modo demo, no necesitas registrarte en Happyjokers Casino. Pero si tu objetivo es ganar grandes premios, competir con otros jugadores y demostrar tu destreza, te invitamos a crear una cuenta.<\/p>\n<h3>\u00bfC\u00f3mo puedo actualizar la aplicaci\u00f3n de Happy Jokers?<\/h3>\n<p>La aplicaci\u00f3n se actualiza autom\u00e1ticamente. No tienes que hacer nada por tu parte, as\u00ed que no te pierdas en los ajustes buscando la soluci\u00f3n. Siempre tendr\u00e1s la mejor y m\u00e1s reciente versi\u00f3n de la aplicaci\u00f3n, con seguridad y funciones mejoradas.<\/p>\n<h3>\u00bfEst\u00e1n todos los juegos disponibles en la aplicaci\u00f3n?<\/h3>\n<p>Todas las funciones y juegos est\u00e1n presentes en la versi\u00f3n m\u00f3vil, igual que en el PC. Puedes disfrutar de todas las tragaperras online populares, juegos de cartas, compras de bonificaciones, premios instant\u00e1neos y otros t\u00edtulos de moda. La plataforma se actualiza regularmente con nuevos lanzamientos, lo que garantiza una experiencia completa.<\/p>\n<\/div><\/div><\/p>\n","protected":false},"excerpt":{"rendered":"<p>Aplicaci\u00f3n de Happyjokers: juegos de casino para m\u00f3vil Si necesitas acceder al enorme cat\u00e1logo de m\u00e1s de 6.000 t\u00edtulos de nuestro casino desde un dispositivo m\u00f3vil, no busques m\u00e1s: necesitas la Happyjokers app. Ofrecemos a todos los jugadores espa\u00f1oles torneos din\u00e1micos y funciones geniales que pueden reportarte un mont\u00f3n de dinero. Nuestra app tiene todo [&hellip;]<\/p>\n","protected":false},"author":1,"featured_media":0,"parent":0,"menu_order":0,"comment_status":"closed","ping_status":"closed","template":"template-builder.php","meta":{"_acf_changed":false,"inline_featured_image":false,"footnotes":""},"class_list":["post-1466","page","type-page","status-publish","hentry"],"acf":[],"yoast_head":"<!-- This site is optimized with the Yoast SEO plugin v27.3 - https:\/\/yoast.com\/product\/yoast-seo-wordpress\/ -->\n<title>Happyjokers App : Acceso al casino para iOS y Android<\/title>\n<meta name=\"description\" content=\"Happyjokers App es una aplicaci\u00f3n web progresiva (PWA) r\u00e1pida para iOS y Android con un dise\u00f1o similar al de una app, carga r\u00e1pida y notificaciones push. No requiere APK, Play Store ni App Store. Usa el mismo inicio de sesi\u00f3n en todos los dispositivos y cuenta con una opci\u00f3n de aplicaci\u00f3n web para Windows y Mac.\" \/>\n<meta name=\"robots\" content=\"index, follow, max-snippet:-1, max-image-preview:large, max-video-preview:-1\" \/>\n<link rel=\"canonical\" href=\"https:\/\/happyjokers.net\/es\/aplicacion\/\" \/>\n<meta property=\"og:locale\" content=\"es_ES\" \/>\n<meta property=\"og:type\" content=\"article\" \/>\n<meta property=\"og:title\" content=\"Happyjokers App : Acceso al casino para iOS y Android\" \/>\n<meta property=\"og:description\" content=\"Happyjokers App es una aplicaci\u00f3n web progresiva (PWA) r\u00e1pida para iOS y Android con un dise\u00f1o similar al de una app, carga r\u00e1pida y notificaciones push. No requiere APK, Play Store ni App Store. Usa el mismo inicio de sesi\u00f3n en todos los dispositivos y cuenta con una opci\u00f3n de aplicaci\u00f3n web para Windows y Mac.\" \/>\n<meta property=\"og:url\" content=\"https:\/\/happyjokers.net\/es\/aplicacion\/\" \/>\n<meta property=\"og:site_name\" content=\"Happyjokers\" \/>\n<meta property=\"article:modified_time\" content=\"2026-04-07T09:30:53+00:00\" \/>\n<meta name=\"twitter:card\" content=\"summary_large_image\" \/>\n<meta name=\"twitter:label1\" content=\"Est. reading time\" \/>\n\t<meta name=\"twitter:data1\" content=\"2 minutes\" \/>\n<script type=\"application\/ld+json\" class=\"yoast-schema-graph\">{\"@context\":\"https:\\\/\\\/schema.org\",\"@graph\":[{\"@type\":\"WebPage\",\"@id\":\"https:\\\/\\\/happyjokers.net\\\/es\\\/aplicacion\\\/\",\"url\":\"https:\\\/\\\/happyjokers.net\\\/es\\\/aplicacion\\\/\",\"name\":\"Happyjokers App : Acceso al casino para iOS y Android\",\"isPartOf\":{\"@id\":\"https:\\\/\\\/happyjokers.net\\\/es\\\/#website\"},\"datePublished\":\"2026-04-06T15:27:21+00:00\",\"dateModified\":\"2026-04-07T09:30:53+00:00\",\"description\":\"Happyjokers App es una aplicaci\u00f3n web progresiva (PWA) r\u00e1pida para iOS y Android con un dise\u00f1o similar al de una app, carga r\u00e1pida y notificaciones push. No requiere APK, Play Store ni App Store. Usa el mismo inicio de sesi\u00f3n en todos los dispositivos y cuenta con una opci\u00f3n de aplicaci\u00f3n web para Windows y Mac.\",\"breadcrumb\":{\"@id\":\"https:\\\/\\\/happyjokers.net\\\/es\\\/aplicacion\\\/#breadcrumb\"},\"inLanguage\":\"es-ES\",\"potentialAction\":[{\"@type\":\"ReadAction\",\"target\":[\"https:\\\/\\\/happyjokers.net\\\/es\\\/aplicacion\\\/\"]}]},{\"@type\":\"BreadcrumbList\",\"@id\":\"https:\\\/\\\/happyjokers.net\\\/es\\\/aplicacion\\\/#breadcrumb\",\"itemListElement\":[{\"@type\":\"ListItem\",\"position\":1,\"name\":\"Happyjokers\",\"item\":\"https:\\\/\\\/happyjokers.net\\\/es\\\/\"},{\"@type\":\"ListItem\",\"position\":2,\"name\":\"Aplicaci\u00f3n\"}]},{\"@type\":\"WebSite\",\"@id\":\"https:\\\/\\\/happyjokers.net\\\/es\\\/#website\",\"url\":\"https:\\\/\\\/happyjokers.net\\\/es\\\/\",\"name\":\"Happyjokers\",\"description\":\"\",\"publisher\":{\"@id\":\"https:\\\/\\\/happyjokers.net\\\/es\\\/#organization\"},\"potentialAction\":[{\"@type\":\"SearchAction\",\"target\":{\"@type\":\"EntryPoint\",\"urlTemplate\":\"https:\\\/\\\/happyjokers.net\\\/es\\\/?s={search_term_string}\"},\"query-input\":{\"@type\":\"PropertyValueSpecification\",\"valueRequired\":true,\"valueName\":\"search_term_string\"}}],\"inLanguage\":\"es-ES\"},{\"@type\":\"Organization\",\"@id\":\"https:\\\/\\\/happyjokers.net\\\/es\\\/#organization\",\"name\":\"Happyjokers\",\"url\":\"https:\\\/\\\/happyjokers.net\\\/es\\\/\",\"logo\":{\"@type\":\"ImageObject\",\"inLanguage\":\"es-ES\",\"@id\":\"https:\\\/\\\/happyjokers.net\\\/es\\\/#\\\/schema\\\/logo\\\/image\\\/\",\"url\":\"https:\\\/\\\/happyjokers.net\\\/wp-content\\\/uploads\\\/2026\\\/04\\\/Casino-Logo-Desktop-1.png\",\"contentUrl\":\"https:\\\/\\\/happyjokers.net\\\/wp-content\\\/uploads\\\/2026\\\/04\\\/Casino-Logo-Desktop-1.png\",\"width\":237,\"height\":91,\"caption\":\"Happyjokers\"},\"image\":{\"@id\":\"https:\\\/\\\/happyjokers.net\\\/es\\\/#\\\/schema\\\/logo\\\/image\\\/\"}}]}<\/script>\n<!-- \/ Yoast SEO plugin. -->","yoast_head_json":{"title":"Happyjokers App : Acceso al casino para iOS y Android","description":"Happyjokers App es una aplicaci\u00f3n web progresiva (PWA) r\u00e1pida para iOS y Android con un dise\u00f1o similar al de una app, carga r\u00e1pida y notificaciones push. No requiere APK, Play Store ni App Store. Usa el mismo inicio de sesi\u00f3n en todos los dispositivos y cuenta con una opci\u00f3n de aplicaci\u00f3n web para Windows y Mac.","robots":{"index":"index","follow":"follow","max-snippet":"max-snippet:-1","max-image-preview":"max-image-preview:large","max-video-preview":"max-video-preview:-1"},"canonical":"https:\/\/happyjokers.net\/es\/aplicacion\/","og_locale":"es_ES","og_type":"article","og_title":"Happyjokers App : Acceso al casino para iOS y Android","og_description":"Happyjokers App es una aplicaci\u00f3n web progresiva (PWA) r\u00e1pida para iOS y Android con un dise\u00f1o similar al de una app, carga r\u00e1pida y notificaciones push. No requiere APK, Play Store ni App Store. Usa el mismo inicio de sesi\u00f3n en todos los dispositivos y cuenta con una opci\u00f3n de aplicaci\u00f3n web para Windows y Mac.","og_url":"https:\/\/happyjokers.net\/es\/aplicacion\/","og_site_name":"Happyjokers","article_modified_time":"2026-04-07T09:30:53+00:00","twitter_card":"summary_large_image","twitter_misc":{"Est. reading time":"2 minutes"},"schema":{"@context":"https:\/\/schema.org","@graph":[{"@type":"WebPage","@id":"https:\/\/happyjokers.net\/es\/aplicacion\/","url":"https:\/\/happyjokers.net\/es\/aplicacion\/","name":"Happyjokers App : Acceso al casino para iOS y Android","isPartOf":{"@id":"https:\/\/happyjokers.net\/es\/#website"},"datePublished":"2026-04-06T15:27:21+00:00","dateModified":"2026-04-07T09:30:53+00:00","description":"Happyjokers App es una aplicaci\u00f3n web progresiva (PWA) r\u00e1pida para iOS y Android con un dise\u00f1o similar al de una app, carga r\u00e1pida y notificaciones push. No requiere APK, Play Store ni App Store. Usa el mismo inicio de sesi\u00f3n en todos los dispositivos y cuenta con una opci\u00f3n de aplicaci\u00f3n web para Windows y Mac.","breadcrumb":{"@id":"https:\/\/happyjokers.net\/es\/aplicacion\/#breadcrumb"},"inLanguage":"es-ES","potentialAction":[{"@type":"ReadAction","target":["https:\/\/happyjokers.net\/es\/aplicacion\/"]}]},{"@type":"BreadcrumbList","@id":"https:\/\/happyjokers.net\/es\/aplicacion\/#breadcrumb","itemListElement":[{"@type":"ListItem","position":1,"name":"Happyjokers","item":"https:\/\/happyjokers.net\/es\/"},{"@type":"ListItem","position":2,"name":"Aplicaci\u00f3n"}]},{"@type":"WebSite","@id":"https:\/\/happyjokers.net\/es\/#website","url":"https:\/\/happyjokers.net\/es\/","name":"Happyjokers","description":"","publisher":{"@id":"https:\/\/happyjokers.net\/es\/#organization"},"potentialAction":[{"@type":"SearchAction","target":{"@type":"EntryPoint","urlTemplate":"https:\/\/happyjokers.net\/es\/?s={search_term_string}"},"query-input":{"@type":"PropertyValueSpecification","valueRequired":true,"valueName":"search_term_string"}}],"inLanguage":"es-ES"},{"@type":"Organization","@id":"https:\/\/happyjokers.net\/es\/#organization","name":"Happyjokers","url":"https:\/\/happyjokers.net\/es\/","logo":{"@type":"ImageObject","inLanguage":"es-ES","@id":"https:\/\/happyjokers.net\/es\/#\/schema\/logo\/image\/","url":"https:\/\/happyjokers.net\/wp-content\/uploads\/2026\/04\/Casino-Logo-Desktop-1.png","contentUrl":"https:\/\/happyjokers.net\/wp-content\/uploads\/2026\/04\/Casino-Logo-Desktop-1.png","width":237,"height":91,"caption":"Happyjokers"},"image":{"@id":"https:\/\/happyjokers.net\/es\/#\/schema\/logo\/image\/"}}]}},"_links":{"self":[{"href":"https:\/\/happyjokers.net\/es\/wp-json\/wp\/v2\/pages\/1466","targetHints":{"allow":["GET"]}}],"collection":[{"href":"https:\/\/happyjokers.net\/es\/wp-json\/wp\/v2\/pages"}],"about":[{"href":"https:\/\/happyjokers.net\/es\/wp-json\/wp\/v2\/types\/page"}],"author":[{"embeddable":true,"href":"https:\/\/happyjokers.net\/es\/wp-json\/wp\/v2\/users\/1"}],"replies":[{"embeddable":true,"href":"https:\/\/happyjokers.net\/es\/wp-json\/wp\/v2\/comments?post=1466"}],"version-history":[{"count":2,"href":"https:\/\/happyjokers.net\/es\/wp-json\/wp\/v2\/pages\/1466\/revisions"}],"predecessor-version":[{"id":1522,"href":"https:\/\/happyjokers.net\/es\/wp-json\/wp\/v2\/pages\/1466\/revisions\/1522"}],"wp:attachment":[{"href":"https:\/\/happyjokers.net\/es\/wp-json\/wp\/v2\/media?parent=1466"}],"curies":[{"name":"wp","href":"https:\/\/api.w.org\/{rel}","templated":true}]}}