{"id":1457,"date":"2026-04-06T16:27:21","date_gmt":"2026-04-06T15:27:21","guid":{"rendered":"https:\/\/happyjokers.net\/app\/"},"modified":"2026-04-07T10:15:20","modified_gmt":"2026-04-07T09:15:20","slug":"app","status":"publish","type":"page","link":"https:\/\/happyjokers.net\/de\/app\/","title":{"rendered":"App"},"content":{"rendered":"<h1>Happyjokers App: Mobile Casino-Spiele<\/h1>\n<p>Wenn Sie von einem mobilen Ger\u00e4t aus Zugriff auf den riesigen Katalog mit mehr als 6.000 Titeln unseres Casinos ben\u00f6tigen, dann suchen Sie nicht weiter, denn Sie brauchen die Happyjokers App. Wir bieten allen Spielern dynamische Turniere und coole Funktionen, mit denen Sie jede Menge Geld gewinnen k\u00f6nnen. Unsere App bietet alles, was Sie brauchen: Mobilit\u00e4t, hohe Geschwindigkeit, Sicherheit und ein portables Design, das das Spielerlebnis auf die n\u00e4chste Stufe hebt. Sie k\u00f6nnen bei uns jederzeit Live-Spiele spielen, Slots genie\u00dfen und das Gl\u00fccksrad drehen \u2013 und das alles zusammen mit exklusiven Aktionen und Events des Happy Jokers Casinos.<\/p>\n<div class=\"banner-wrap\" aria-label=\"Banner\"><img src=\"https:\/\/happyjokers.net\/wp-content\/uploads\/2026\/04\/Banner-Desktop.webp\" class=\"w-100 d-none d-lg-block img-pc main-banner-img\" alt=\"Banner Desktop\" fetchpriority=\"high\" decoding=\"async\"><img src=\"https:\/\/happyjokers.net\/wp-content\/uploads\/2026\/04\/Banner-mobile.webp\" class=\"w-100 d-none d-md-block d-lg-none main-banner-img\" alt=\"Banner mobile\" fetchpriority=\"high\" decoding=\"async\"><img src=\"https:\/\/happyjokers.net\/wp-content\/uploads\/2026\/04\/Banner-mobile.webp\" class=\"w-100 d-md-none\" alt=\"Banner mobile\" fetchpriority=\"high\" decoding=\"async\"><div class=\"banner-description\">\n<div class=\"banner-title\">Bonus di benvenuto<\/div>\n<p class=\"banner-header-title\">1500 \u20ac<\/p>\n<div class=\"banner-header-AdditionalText\">+ 250 Giri gratuiti<\/div>\n<button data-item=\"homepage_banner_link\" class=\"goto m-button m-gradient-border m-button--primary m-button--large banner-button btn-orange\">\n            <div class=\"m-button-content\">\n                <span>Iscriviti ora<\/span>\n                <span><\/span>\n            <\/div>\n        <\/button>\n<\/div>\n<div class=\"WelcomePack\">\n<p><img loading=\"lazy\" decoding=\"async\" class=\"alignnone size-full wp-image-1354\" src=\"https:\/\/happyjokers.net\/wp-content\/uploads\/2026\/04\/welcome-crown-1.png\" alt=\"welcome crown\" width=\"25\" height=\"26\" \/><\/p>\n<div class=\"WelcomePack-Info\">Cashback settimanale fino al 25%<\/div>\n<p><img loading=\"lazy\" decoding=\"async\" class=\"alignnone size-full wp-image-1354\" src=\"https:\/\/happyjokers.net\/wp-content\/uploads\/2026\/04\/welcome-crown-1.png\" alt=\"welcome crown\" width=\"25\" height=\"26\" \/><\/p>\n<\/div>\n<\/div>\n<h2>Vorteile und Funktionen der Happyjokers App<\/h2>\n<p>Die optimierte Leistung unserer PWA ist wirklich beeindruckend. Wir vereinen brillante Funktionalit\u00e4t mit einer leicht verst\u00e4ndlichen, intuitiven Benutzeroberfl\u00e4che \u2013 alles in einer App. Wir garantieren eine reibungslose Spielumgebung, die sogar noch besser ist als das traditionelle Spielen am Desktop.<\/p>\n<p>Sie k\u00f6nnen ein nahtloses Erlebnis auf all Ihren Mobilger\u00e4ten genie\u00dfen, da wir das Design der Software speziell darauf zugeschnitten haben. Die Happyjokers App bietet volle Mobilit\u00e4t, einfache Navigation und Zugriff auf alle Live- und \u00fcblichen Spiele. Au\u00dferdem profitieren Sie von:<\/p>\n<ul>\n<li>schnelle Ladezeiten auf jedem Ger\u00e4t;<\/li>\n<li>hohem Sicherheitsstandard;<\/li>\n<li>3D-Grafiken und HD-Aufl\u00f6sung f\u00fcr jedes Spiel.<\/li>\n<\/ul>\n<p>Die Happyjokers Casino App ist einzigartig, eignet sich jedoch f\u00fcr alle Arten von Casino-Fans, sogar f\u00fcr Anf\u00e4nger. Professionelle Spieler und High-Stakes-Spieler kommen gleicherma\u00dfen auf ihre Kosten, da sie die Vielseitigkeit und die intelligenten technischen Funktionen der Plattform sicherlich zu sch\u00e4tzen wissen.<\/p>\n<table>\n<tbody>\n<tr>\n<td>Funktion<\/td>\n<td>Desktop-Plattform<\/td>\n<td>Happyjokers App<\/td>\n<td>Vorteile des Spielens auf Mobilger\u00e4ten<\/td>\n<\/tr>\n<tr>\n<td>Barrierefreiheit<\/td>\n<td>Erfordert einen Desktop-PC oder einen Laptop<\/td>\n<td>Verf\u00fcgbar auf Smartphones und Tablets<\/td>\n<td>Spielen Sie unterwegs<\/td>\n<\/tr>\n<tr>\n<td>Leistung<\/td>\n<td>H\u00e4ngt von der Hardware und der Internetgeschwindigkeit ab<\/td>\n<td>Optimiert f\u00fcr Geschwindigkeit und Reaktionsf\u00e4higkeit<\/td>\n<td>Schnellere Ladezeiten und fl\u00fcssigeres Gameplay<\/td>\n<\/tr>\n<tr>\n<td>Navigation<\/td>\n<td>Umfassendes Men\u00fc und detaillierte Benutzeroberfl\u00e4che<\/td>\n<td>Vereinfachtes, touchfreundliches Layout<\/td>\n<td>Einfachere Navigation, insbesondere auf kleineren Bildschirmen<\/td>\n<\/tr>\n<tr>\n<td>Sicherheit<\/td>\n<td>Standardm\u00e4\u00dfige Online-Sicherheitsprotokolle<\/td>\n<td>Erweiterte Verschl\u00fcsselung und sichere Anmeldung<\/td>\n<td>Gew\u00e4hrleistet Sicherheit bei Transaktionen und beim Spielen<\/td>\n<\/tr>\n<\/tbody>\n<\/table>\n<p><div class=\"scrollable-content-wrap my-5\"><div class=\"scrollable-content-inner\"><h2>Mobile App f\u00fcr iOS<\/h2>\n<p>F\u00fcr alle, die Apple-Produkte besitzen, haben wir unsere Happyjokers App speziell auf diese Ger\u00e4te zugeschnitten. Ohne unn\u00f6tige und umfangreiche Downloads, die den Speicher Ihres iPhones belasten, k\u00f6nnen Sie unsere mobile Version genie\u00dfen. Als Progressive Web App (PWA) entwickelt, haben wir alles so gut durchdacht, dass Sie schnellen Zugriff ohne jegliche Probleme erhalten.<\/p>\n<p>Unsere iOS-Version ist \u00e4u\u00dferst n\u00fctzlich, da sie Geschwindigkeit, Sicherheit (wir haben die neueste TLS 1.3-Verschl\u00fcsselung integriert), unterbrechungsfreie Leistung und Spiele in den Vordergrund stellt, sodass Sie auf Ihrem iPhone und iPad eine echte mobile Casino-Atmosph\u00e4re genie\u00dfen k\u00f6nnen.<\/p>\n<p>Sie k\u00f6nnen sicher sein, dass Sie immer auf dem neuesten Stand der mobilen Gl\u00fccksspieltechnologie bleiben und nichts verpassen. Alle Funktionen und Verbesserungen der Vollversion sind vollst\u00e4ndig integriert, sodass es praktisch keinen Unterschied zwischen dem Happyjokers Casino f\u00fcr den Desktop und der mobilen Version gibt. Sie k\u00f6nnen Ihr Konto und Ihr Dashboard effektiv verwalten und haben keinerlei Probleme beim Laden von Spielen wie Coin Strike: Hold and Win von Playson, Sic Bo von ICONIC21 oder Bac Bo von Evolution \u2013 sie funktionieren alle einwandfrei und liegen derzeit voll im Trend!<\/p>\n<p><img loading=\"lazy\" decoding=\"async\" src=\"https:\/\/happyjokers.net\/wp-content\/uploads\/2026\/04\/HappyJokers-iOS.webp\" alt=\"HappyJokers iOS\" width=\"1248\" height=\"536\" \/><\/p>\n<\/div><\/div><div style=\"clear: both\"><\/div><div class=\"d-flex justify-content-center\"><button data-item=\"decouvrez_link\" data-group=\"website_links\" class=\"goto fw-bold rounded-pill btn btn-orange\" aria-label=\"Laden Sie die HappyJokers-App herunter\" >Laden Sie die HappyJokers-App herunter<\/button><\/div><div class=\"scrollable-content-wrap my-5\"><div class=\"scrollable-content-inner\"><h2>Happyjokers App f\u00fcr Android<\/h2>\n<p>Die App-Version des Happy Jokers Casinos f\u00fcr Android-Nutzer ist ebenfalls eine PWA. Wir haben unsere Software vollst\u00e4ndig kompatibel mit verschiedenen Smartphones und Tablets gemacht, und Sie k\u00f6nnen sicher sein, dass Ihr optimiertes Erlebnis weder verz\u00f6gert noch ausf\u00e4llt.<\/p>\n<p>Sie k\u00f6nnen unsere Anwendung installieren und m\u00fcssen sich keine Gedanken \u00fcber Updates machen, da diese automatisch im Hintergrund und ohne Ihr Zutun erfolgen. Hier sind weitere Vorteile:<\/p>\n<ul>\n<li>Der Akku Ihres Smartphones wird nicht belastet, und wir wissen, dass dies f\u00fcr Android-Nutzer entscheidend ist.<\/li>\n<li>Sie k\u00f6nnen nahtlos durch die verschiedenen Spielkategorien von Happyjokers Casino navigieren \u2013 Books Sammlung, Bonus Buy, Drops &amp; Wins, Instant Wins, Jackpots und viele andere \u2013 sowie Aktionen und Turniere einsehen und Ihre Kontoeinstellungen aktualisieren.<\/li>\n<\/ul>\n<p>Wir hoffen, dass Sie der Happyjokers App eine Chance geben und sich selbst davon \u00fcberzeugen, dass Sie die gesamte Bandbreite unserer Casino-Funktionen auf jedem Android-Ger\u00e4t ohne Unterbrechungen genie\u00dfen k\u00f6nnen.<\/p>\n<p><img loading=\"lazy\" decoding=\"async\" src=\"https:\/\/happyjokers.net\/wp-content\/uploads\/2026\/04\/HappyJokers-Android.webp\" alt=\"HappyJokers Android\" width=\"1248\" height=\"536\" \/><\/p>\n<\/div><\/div><div style=\"clear: both\"><\/div><div class=\"d-flex justify-content-center\"><button data-item=\"decouvrez_link\" data-group=\"website_links\" class=\"goto fw-bold rounded-pill btn btn-orange\" aria-label=\"Laden Sie die HappyJokers-App herunter\" >Laden Sie die HappyJokers-App herunter<\/button><\/div><div class=\"scrollable-content-wrap my-5\"><div class=\"scrollable-content-inner\"><h2>Spielen Sie Happy Jokers Casino auf Mac oder Windows<\/h2>\n<p>Wenn Smartphones jedoch nicht Ihr Ding sind und Sie lieber auf dem gro\u00dfen Bildschirm Ihres PCs spielen, dann ist die Desktop-Version von Happy Jokers Casino genau das Richtige f\u00fcr Sie. Wir bieten spezielle Versionen f\u00fcr Mac- und Windows-Betriebssysteme an.<\/p>\n<p>Sie tauchen vollst\u00e4ndig in die digitale Welt des Gl\u00fccksspiels ein, erleben eine realistische Casino-Atmosph\u00e4re, interagieren mit professionellen Croupiers und haben das Support Team per Live Chat zur Verf\u00fcgung.<\/p>\n<p>Wir haben au\u00dferdem folgende Funktionen hinzugef\u00fcgt:<\/p>\n<ul>\n<li>Schnelle Registrierung und Anmeldung;<\/li>\n<li>Umfassende Navigation durch die Website und die Registerkarten;<\/li>\n<li>Komfortabler KYC Verifizierungsprozess;<\/li>\n<li>Sichere Ein- und Auszahlungen.<\/li>\n<\/ul>\n<p>Wir haben alle unsere Versionen, einschlie\u00dflich der PWA, f\u00fcr alle Arten von Spielern komfortabel gestaltet. Wir freuen uns, Ihnen mitteilen zu k\u00f6nnen, dass eine Registrierung bei uns f\u00fcr Sie nur Vorteile mit sich bringt. Und die Desktop-Version ist ideal f\u00fcr Liebhaber gro\u00dfer Bildschirme, da sie \u00fcber eine Funktion zur Bildschirmvergr\u00f6\u00dferung und eine detailliertere Spieloberfl\u00e4che verf\u00fcgt, was ein erstklassiges Erlebnis gew\u00e4hrleistet.<\/p>\n<h2>So installieren Sie die Happy Jokers App auf jedem Ger\u00e4t<\/h2>\n<p>Je nach Modell Ihres Ger\u00e4ts oder Tablets m\u00fcssen Sie einige der folgenden einfachen Schritte ausf\u00fchren, um die Happy Jokers App zu erhalten:<\/p>\n<ul>\n<li>F\u00fcr iOS-basierte Smartphones: Rufen Sie unsere Website auf einem mobilen Ger\u00e4t auf und f\u00fcgen Sie die Verkn\u00fcpfung zum Startbildschirm hinzu. Unsere PWA wird sofort geladen, sodass Sie das Symbol innerhalb einer Sekunde sehen werden.<\/li>\n<li>Android-Ger\u00e4te: Klicken Sie auf der Hauptseite von Happyjokers Casino auf die Schaltfl\u00e4che \u201eCasino App\u201c und fahren Sie dann mit der Installation fort.<\/li>\n<li>Windows- und Mac-Desktop: Sie k\u00f6nnen unsere Website direkt \u00fcber Ihren Browser nutzen. W\u00e4hlen Sie in den Einstellungen die Option \u201eZum Startbildschirm hinzuf\u00fcgen\u201c, um schneller darauf zuzugreifen und unsere Spiele sofort zu spielen.<\/li>\n<\/ul>\n<p>Unsere PWA kann in jedem modernen Browser gestartet werden, einschlie\u00dflich Safari, Chrome und Firefox. Navigieren Sie einfach zu einer beliebigen Happyjokers-Seite und f\u00fcgen Sie die App Ihrem Startbildschirm oder Desktop hinzu, um sofortigen Zugriff zu erhalten.<\/p>\n<p><img loading=\"lazy\" decoding=\"async\" src=\"https:\/\/happyjokers.net\/wp-content\/uploads\/2026\/04\/HappyJokers-Desktop.webp\" alt=\"HappyJokers Desktop\" width=\"1248\" height=\"536\" \/><\/p>\n<\/div><\/div><div style=\"clear: both\"><\/div><div class=\"d-flex justify-content-center\"><button data-item=\"decouvrez_link\" data-group=\"website_links\" class=\"goto fw-bold rounded-pill btn btn-orange\" aria-label=\"Laden Sie die HappyJokers-App herunter\" >Laden Sie die HappyJokers-App herunter<\/button><\/div><div class=\"scrollable-content-wrap my-5\"><div class=\"scrollable-content-inner\"><h2>FAQ<\/h2>\n<h3>Wird mein Guthaben in Echtzeit auf allen Ger\u00e4ten synchronisiert?<\/h3>\n<p>Wenn Sie bei Happy Jokers Casino spielen, wird alles stets auf all Ihren Ger\u00e4ten synchronisiert \u2013 Ihre Dashboard-Aktivit\u00e4ten, Ihr Spielverlauf und Ihre Transaktionshistorie. Au\u00dferdem erhalten Sie Push-Benachrichtigungen in Echtzeit.<\/p>\n<h3>Ist die Erstellung eines Kontos erforderlich, um die mobile App zu nutzen?<\/h3>\n<p>Wenn Sie die Spiele lediglich im Demo-Modus ausprobieren m\u00f6chten, ist keine Registrierung bei Happyjokers Casino erforderlich. Wenn Sie jedoch gro\u00dfe Gewinne erzielen, sich mit anderen Spielern messen und Ihre St\u00e4rke unter Beweis stellen m\u00f6chten, k\u00f6nnen Sie gerne ein Konto erstellen.<\/p>\n<h3>Wie kann ich die Happy Jokers App aktualisieren?<\/h3>\n<p>Die App wird automatisch aktualisiert. Sie m\u00fcssen nichts tun, also verlieren Sie sich nicht in den Einstellungen auf der Suche nach einer L\u00f6sung. Sie verf\u00fcgen stets \u00fcber die beste und aktuellste App mit Sicherheitsfunktionen und erweiterten Features.<\/p>\n<h3>Sind alle Spiele in der App verf\u00fcgbar?<\/h3>\n<p>Alle Funktionen und Spiele sind in der mobilen Version vorhanden, genau wie auf dem PC. Sie k\u00f6nnen alle beliebten Online Slots, Kartenspiele, Bonus-K\u00e4ufe, Sofortgewinne und andere Trendtitel genie\u00dfen. Die Plattform wird regelm\u00e4\u00dfig mit neuen Ver\u00f6ffentlichungen aktualisiert, um ein umfassendes Erlebnis zu gew\u00e4hrleisten.<\/p>\n<\/div><\/div><\/p>\n","protected":false},"excerpt":{"rendered":"<p>Happyjokers App: Mobile Casino-Spiele Wenn Sie von einem mobilen Ger\u00e4t aus Zugriff auf den riesigen Katalog mit mehr als 6.000 Titeln unseres Casinos ben\u00f6tigen, dann suchen Sie nicht weiter, denn Sie brauchen die Happyjokers App. Wir bieten allen Spielern dynamische Turniere und coole Funktionen, mit denen Sie jede Menge Geld gewinnen k\u00f6nnen. Unsere App bietet [&hellip;]<\/p>\n","protected":false},"author":1,"featured_media":0,"parent":0,"menu_order":0,"comment_status":"closed","ping_status":"closed","template":"template-builder.php","meta":{"_acf_changed":false,"inline_featured_image":false,"footnotes":""},"class_list":["post-1457","page","type-page","status-publish","hentry"],"acf":[],"yoast_head":"<!-- This site is optimized with the Yoast SEO plugin v27.3 - https:\/\/yoast.com\/product\/yoast-seo-wordpress\/ -->\n<title>Happyjokers App: iOS &amp; Android Casino-Zugang von \u00fcberall<\/title>\n<meta name=\"description\" content=\"Happyjokers App ist eine schnelle, progressive Web-App (PWA) f\u00fcr iOS und Android mit app-\u00e4hnlichem Layout \u2013 ganz ohne APK, Play Store oder App Store. Sie k\u00f6nnen sich ger\u00e4te\u00fcbergreifend mit denselben Anmeldedaten anmelden. Zus\u00e4tzlich gibt es eine Web-App-Option f\u00fcr Windows und Mac.\" \/>\n<meta name=\"robots\" content=\"index, follow, max-snippet:-1, max-image-preview:large, max-video-preview:-1\" \/>\n<link rel=\"canonical\" href=\"https:\/\/happyjokers.net\/de\/app\/\" \/>\n<meta property=\"og:locale\" content=\"de_DE\" \/>\n<meta property=\"og:type\" content=\"article\" \/>\n<meta property=\"og:title\" content=\"Happyjokers App: iOS &amp; Android Casino-Zugang von \u00fcberall\" \/>\n<meta property=\"og:description\" content=\"Happyjokers App ist eine schnelle, progressive Web-App (PWA) f\u00fcr iOS und Android mit app-\u00e4hnlichem Layout \u2013 ganz ohne APK, Play Store oder App Store. Sie k\u00f6nnen sich ger\u00e4te\u00fcbergreifend mit denselben Anmeldedaten anmelden. Zus\u00e4tzlich gibt es eine Web-App-Option f\u00fcr Windows und Mac.\" \/>\n<meta property=\"og:url\" content=\"https:\/\/happyjokers.net\/de\/app\/\" \/>\n<meta property=\"og:site_name\" content=\"Happyjokers\" \/>\n<meta property=\"article:modified_time\" content=\"2026-04-07T09:15:20+00:00\" \/>\n<meta name=\"twitter:card\" content=\"summary_large_image\" \/>\n<meta name=\"twitter:label1\" content=\"Gesch\u00e4tzte Lesezeit\" \/>\n\t<meta name=\"twitter:data1\" content=\"2\u00a0Minuten\" \/>\n<script type=\"application\/ld+json\" class=\"yoast-schema-graph\">{\"@context\":\"https:\\\/\\\/schema.org\",\"@graph\":[{\"@type\":\"WebPage\",\"@id\":\"https:\\\/\\\/happyjokers.net\\\/de\\\/app\\\/\",\"url\":\"https:\\\/\\\/happyjokers.net\\\/de\\\/app\\\/\",\"name\":\"Happyjokers App: iOS & Android Casino-Zugang von \u00fcberall\",\"isPartOf\":{\"@id\":\"https:\\\/\\\/happyjokers.net\\\/de\\\/#website\"},\"datePublished\":\"2026-04-06T15:27:21+00:00\",\"dateModified\":\"2026-04-07T09:15:20+00:00\",\"description\":\"Happyjokers App ist eine schnelle, progressive Web-App (PWA) f\u00fcr iOS und Android mit app-\u00e4hnlichem Layout \u2013 ganz ohne APK, Play Store oder App Store. Sie k\u00f6nnen sich ger\u00e4te\u00fcbergreifend mit denselben Anmeldedaten anmelden. Zus\u00e4tzlich gibt es eine Web-App-Option f\u00fcr Windows und Mac.\",\"breadcrumb\":{\"@id\":\"https:\\\/\\\/happyjokers.net\\\/de\\\/app\\\/#breadcrumb\"},\"inLanguage\":\"de\",\"potentialAction\":[{\"@type\":\"ReadAction\",\"target\":[\"https:\\\/\\\/happyjokers.net\\\/de\\\/app\\\/\"]}]},{\"@type\":\"BreadcrumbList\",\"@id\":\"https:\\\/\\\/happyjokers.net\\\/de\\\/app\\\/#breadcrumb\",\"itemListElement\":[{\"@type\":\"ListItem\",\"position\":1,\"name\":\"Happyjokers\",\"item\":\"https:\\\/\\\/happyjokers.net\\\/de\\\/\"},{\"@type\":\"ListItem\",\"position\":2,\"name\":\"App\"}]},{\"@type\":\"WebSite\",\"@id\":\"https:\\\/\\\/happyjokers.net\\\/de\\\/#website\",\"url\":\"https:\\\/\\\/happyjokers.net\\\/de\\\/\",\"name\":\"Happyjokers\",\"description\":\"\",\"publisher\":{\"@id\":\"https:\\\/\\\/happyjokers.net\\\/de\\\/#organization\"},\"potentialAction\":[{\"@type\":\"SearchAction\",\"target\":{\"@type\":\"EntryPoint\",\"urlTemplate\":\"https:\\\/\\\/happyjokers.net\\\/de\\\/?s={search_term_string}\"},\"query-input\":{\"@type\":\"PropertyValueSpecification\",\"valueRequired\":true,\"valueName\":\"search_term_string\"}}],\"inLanguage\":\"de\"},{\"@type\":\"Organization\",\"@id\":\"https:\\\/\\\/happyjokers.net\\\/de\\\/#organization\",\"name\":\"Happyjokers\",\"url\":\"https:\\\/\\\/happyjokers.net\\\/de\\\/\",\"logo\":{\"@type\":\"ImageObject\",\"inLanguage\":\"de\",\"@id\":\"https:\\\/\\\/happyjokers.net\\\/de\\\/#\\\/schema\\\/logo\\\/image\\\/\",\"url\":\"https:\\\/\\\/happyjokers.net\\\/wp-content\\\/uploads\\\/2026\\\/04\\\/Casino-Logo-Desktop-1.png\",\"contentUrl\":\"https:\\\/\\\/happyjokers.net\\\/wp-content\\\/uploads\\\/2026\\\/04\\\/Casino-Logo-Desktop-1.png\",\"width\":237,\"height\":91,\"caption\":\"Happyjokers\"},\"image\":{\"@id\":\"https:\\\/\\\/happyjokers.net\\\/de\\\/#\\\/schema\\\/logo\\\/image\\\/\"}}]}<\/script>\n<!-- \/ Yoast SEO plugin. -->","yoast_head_json":{"title":"Happyjokers App: iOS & Android Casino-Zugang von \u00fcberall","description":"Happyjokers App ist eine schnelle, progressive Web-App (PWA) f\u00fcr iOS und Android mit app-\u00e4hnlichem Layout \u2013 ganz ohne APK, Play Store oder App Store. Sie k\u00f6nnen sich ger\u00e4te\u00fcbergreifend mit denselben Anmeldedaten anmelden. Zus\u00e4tzlich gibt es eine Web-App-Option f\u00fcr Windows und Mac.","robots":{"index":"index","follow":"follow","max-snippet":"max-snippet:-1","max-image-preview":"max-image-preview:large","max-video-preview":"max-video-preview:-1"},"canonical":"https:\/\/happyjokers.net\/de\/app\/","og_locale":"de_DE","og_type":"article","og_title":"Happyjokers App: iOS & Android Casino-Zugang von \u00fcberall","og_description":"Happyjokers App ist eine schnelle, progressive Web-App (PWA) f\u00fcr iOS und Android mit app-\u00e4hnlichem Layout \u2013 ganz ohne APK, Play Store oder App Store. Sie k\u00f6nnen sich ger\u00e4te\u00fcbergreifend mit denselben Anmeldedaten anmelden. Zus\u00e4tzlich gibt es eine Web-App-Option f\u00fcr Windows und Mac.","og_url":"https:\/\/happyjokers.net\/de\/app\/","og_site_name":"Happyjokers","article_modified_time":"2026-04-07T09:15:20+00:00","twitter_card":"summary_large_image","twitter_misc":{"Gesch\u00e4tzte Lesezeit":"2\u00a0Minuten"},"schema":{"@context":"https:\/\/schema.org","@graph":[{"@type":"WebPage","@id":"https:\/\/happyjokers.net\/de\/app\/","url":"https:\/\/happyjokers.net\/de\/app\/","name":"Happyjokers App: iOS & Android Casino-Zugang von \u00fcberall","isPartOf":{"@id":"https:\/\/happyjokers.net\/de\/#website"},"datePublished":"2026-04-06T15:27:21+00:00","dateModified":"2026-04-07T09:15:20+00:00","description":"Happyjokers App ist eine schnelle, progressive Web-App (PWA) f\u00fcr iOS und Android mit app-\u00e4hnlichem Layout \u2013 ganz ohne APK, Play Store oder App Store. Sie k\u00f6nnen sich ger\u00e4te\u00fcbergreifend mit denselben Anmeldedaten anmelden. Zus\u00e4tzlich gibt es eine Web-App-Option f\u00fcr Windows und Mac.","breadcrumb":{"@id":"https:\/\/happyjokers.net\/de\/app\/#breadcrumb"},"inLanguage":"de","potentialAction":[{"@type":"ReadAction","target":["https:\/\/happyjokers.net\/de\/app\/"]}]},{"@type":"BreadcrumbList","@id":"https:\/\/happyjokers.net\/de\/app\/#breadcrumb","itemListElement":[{"@type":"ListItem","position":1,"name":"Happyjokers","item":"https:\/\/happyjokers.net\/de\/"},{"@type":"ListItem","position":2,"name":"App"}]},{"@type":"WebSite","@id":"https:\/\/happyjokers.net\/de\/#website","url":"https:\/\/happyjokers.net\/de\/","name":"Happyjokers","description":"","publisher":{"@id":"https:\/\/happyjokers.net\/de\/#organization"},"potentialAction":[{"@type":"SearchAction","target":{"@type":"EntryPoint","urlTemplate":"https:\/\/happyjokers.net\/de\/?s={search_term_string}"},"query-input":{"@type":"PropertyValueSpecification","valueRequired":true,"valueName":"search_term_string"}}],"inLanguage":"de"},{"@type":"Organization","@id":"https:\/\/happyjokers.net\/de\/#organization","name":"Happyjokers","url":"https:\/\/happyjokers.net\/de\/","logo":{"@type":"ImageObject","inLanguage":"de","@id":"https:\/\/happyjokers.net\/de\/#\/schema\/logo\/image\/","url":"https:\/\/happyjokers.net\/wp-content\/uploads\/2026\/04\/Casino-Logo-Desktop-1.png","contentUrl":"https:\/\/happyjokers.net\/wp-content\/uploads\/2026\/04\/Casino-Logo-Desktop-1.png","width":237,"height":91,"caption":"Happyjokers"},"image":{"@id":"https:\/\/happyjokers.net\/de\/#\/schema\/logo\/image\/"}}]}},"_links":{"self":[{"href":"https:\/\/happyjokers.net\/de\/wp-json\/wp\/v2\/pages\/1457","targetHints":{"allow":["GET"]}}],"collection":[{"href":"https:\/\/happyjokers.net\/de\/wp-json\/wp\/v2\/pages"}],"about":[{"href":"https:\/\/happyjokers.net\/de\/wp-json\/wp\/v2\/types\/page"}],"author":[{"embeddable":true,"href":"https:\/\/happyjokers.net\/de\/wp-json\/wp\/v2\/users\/1"}],"replies":[{"embeddable":true,"href":"https:\/\/happyjokers.net\/de\/wp-json\/wp\/v2\/comments?post=1457"}],"version-history":[{"count":2,"href":"https:\/\/happyjokers.net\/de\/wp-json\/wp\/v2\/pages\/1457\/revisions"}],"predecessor-version":[{"id":1516,"href":"https:\/\/happyjokers.net\/de\/wp-json\/wp\/v2\/pages\/1457\/revisions\/1516"}],"wp:attachment":[{"href":"https:\/\/happyjokers.net\/de\/wp-json\/wp\/v2\/media?parent=1457"}],"curies":[{"name":"wp","href":"https:\/\/api.w.org\/{rel}","templated":true}]}}